{"id":599341,"date":"2020-07-08T13:08:41","date_gmt":"2020-07-08T11:08:41","guid":{"rendered":"https:\/\/www.lukovo-villas.com\/o-nama\/"},"modified":"2020-07-13T18:29:51","modified_gmt":"2020-07-13T16:29:51","slug":"ueber-uns","status":"publish","type":"page","link":"https:\/\/www.lukovo-villas.com\/de\/ueber-uns\/","title":{"rendered":"\u00dcber uns"},"content":{"rendered":"<p>[vc_row rt_row_background_width=&#8220;fullwidth&#8220; rt_row_content_width=&#8220;default&#8220; rt_row_style=&#8220;light-style&#8220; rt_row_height=&#8220;&#8220; rt_column_placement=&#8220;middle&#8220; rt_row_borders=&#8220;&#8220; rt_row_shadows=&#8220;&#8220; rt_column_gaps=&#8220;&#8220; rt_row_paddings=&#8220;true&#8220; rt_bg_effect=&#8220;classic&#8220; rt_transparent_bg=&#8220;&#8220; rt_bg_image_repeat=&#8220;no-repeat&#8220; rt_bg_size=&#8220;cover&#8220; rt_bg_position=&#8220;center center&#8220; rt_bg_attachment=&#8220;scroll&#8220; rt_bg_video_format=&#8220;youtube&#8220; rt_padding_top=&#8220;160&#8243; rt_bg_image=&#8220;609989&#8243; rt_bg_overlay_color=&#8220;rgba(0,0,0,0.07)&#8220; rt_padding_bottom=&#8220;160&#8243;][vc_column rt_col_paddings=&#8220;true&#8220; rt_wrp_col_paddings=&#8220;false&#8220; rt_column_shadow=&#8220;&#8220; rt_border_top=&#8220;&#8220; rt_border_bottom=&#8220;&#8220; rt_border_left=&#8220;&#8220; rt_border_right=&#8220;&#8220; rt_border_top_mobile=&#8220;&#8220; rt_border_bottom_mobile=&#8220;&#8220; rt_border_left_mobile=&#8220;&#8220; rt_border_right_mobile=&#8220;&#8220; rt_bg_image_repeat=&#8220;repeat&#8220; rt_bg_size=&#8220;auto auto&#8220; rt_bg_position=&#8220;right top&#8220; rt_bg_attachment=&#8220;scroll&#8220;]<div class=\"rt_heading_wrapper style-4\">\n\t\t\t\t\t\t<h1 class=\"rt_heading  style-4\"  style=\"font-size:48px;\">\u00dcBER UNS<\/h1> \n\t\t\t\t\t<\/div>[\/vc_column][\/vc_row][vc_row rt_row_background_width=&#8220;default&#8220; rt_row_style=&#8220;default-style&#8220; rt_row_height=&#8220;&#8220; rt_row_borders=&#8220;&#8220; rt_row_shadows=&#8220;&#8220; rt_column_view=&#8220;equal_heights&#8220; rt_column_gaps=&#8220;&#8220; rt_row_paddings=&#8220;true&#8220; rt_bg_effect=&#8220;classic&#8220; rt_transparent_bg=&#8220;&#8220; rt_bg_image_repeat=&#8220;repeat&#8220; rt_bg_size=&#8220;cover&#8220; rt_bg_position=&#8220;right top&#8220; rt_bg_attachment=&#8220;scroll&#8220; rt_bg_video_format=&#8220;self-hosted&#8220; rt_padding_top=&#8220;0&#8243; rt_padding_bottom=&#8220;0&#8243; rt_padding_left=&#8220;0&#8243; rt_padding_right=&#8220;0&#8243;][vc_column width=&#8220;1\/4&#8243; rt_col_paddings=&#8220;false&#8220; rt_wrp_col_paddings=&#8220;false&#8220; rt_column_shadow=&#8220;&#8220; rt_border_top=&#8220;&#8220; rt_border_bottom=&#8220;&#8220; rt_border_left=&#8220;&#8220; rt_border_right=&#8220;&#8220; rt_border_top_mobile=&#8220;&#8220; rt_border_bottom_mobile=&#8220;&#8220; rt_border_left_mobile=&#8220;&#8220; rt_border_right_mobile=&#8220;&#8220; rt_bg_image_repeat=&#8220;repeat&#8220; rt_bg_size=&#8220;auto auto&#8220; rt_bg_position=&#8220;right top&#8220; rt_bg_attachment=&#8220;scroll&#8220; rt_bg_color=&#8220;&#8220; rt_bg_overlay_color=&#8220;&#8220;][vc_empty_space][vc_single_image image=&#8220;3280&#8243; img_size=&#8220;700&#215;700&#8243; css_animation=&#8220;fadeInLeft&#8220;][\/vc_column][vc_column width=&#8220;3\/4&#8243; rt_col_paddings=&#8220;true&#8220; rt_wrp_col_paddings=&#8220;false&#8220; rt_column_shadow=&#8220;&#8220; rt_border_top=&#8220;&#8220; rt_border_bottom=&#8220;&#8220; rt_border_left=&#8220;&#8220; rt_border_right=&#8220;&#8220; rt_border_top_mobile=&#8220;&#8220; rt_border_bottom_mobile=&#8220;&#8220; rt_border_left_mobile=&#8220;&#8220; rt_border_right_mobile=&#8220;&#8220; rt_bg_image_repeat=&#8220;repeat&#8220; rt_bg_size=&#8220;auto auto&#8220; rt_bg_position=&#8220;right top&#8220; rt_bg_attachment=&#8220;scroll&#8220;][vc_empty_space]<div class=\"rt_heading_wrapper no-style\">\n\t\t\t\t\t\t<h3 class=\"rt_heading  no-style\"  style=\"margin-bottom:20px;\">Unsere geschichte<\/h3> \n\t\t\t\t\t<\/div>[vc_column_text]LUKOVO VILLAS ist ein Familienprojekt, das entstanden ist aus aufrichtiger Liebe zu diesem Teil unseres wundersch\u00f6nen Landes und aller Erinnerungen, die wir durch das Leben gesammelt haben, uns jedoch an ihn binden.<\/p>\n<p>Alles begann mit einem kleinen Urlaubshaus, das unsere Gro\u00dfeltern vor mehr als einem halben Jahrhundert auf diesem kargen und unzug\u00e4nglichen K\u00fcstenabschnitt gebaut hatten. Es gab keinen Strom, kein flie\u00dfendes Wasser, keine L\u00e4den oder irgendwelche Unterhaltungsm\u00f6glichkeiten, doch wir verbrachten und genossen die Sommer mit Wanderungen durch die Felslandschaft, dem Baden im kristallklaren blauen Meer sowie dem Beobachten des Sternenhimmels und wir tr\u00e4umten einfach.<\/p>\n<p>Vor vier Jahren entschlossen wir uns, an der Stelle des alten Hauses ein neues zu errichten, das den Bed\u00fcrfnissen unserer wachsenden Familie besser gerecht wird. Unser Projekt gewann eine Auszeichnung, und unser Haus wurde sozusagen zu einer Sehensw\u00fcrdigkeit in diesem Teil der K\u00fcste.<\/p>\n<p>F\u00fcr uns ist es wundersch\u00f6n und erm\u00f6glichte uns, noch mehr Zeit in unserem kleinen Teil des Paradieses zu verbringen.<br \/>\nEs bot sich die Gelegenheit, nur wenige Kilometer entfernt ein perfektes Grundst\u00fcck zu erwerben, und so entschlossen wir uns dazu, in ein neues Gesch\u00e4ft zu investieren. Unser Plan sah vor, drei Luxusvillen zu bauen, die modern, funktionell und sch\u00f6n wie unser Haus w\u00e4ren, und die f\u00fcr Menschen wie uns, die die Natur genie\u00dfen m\u00f6chten, aber im Urlaub allen Komfort des eigenen Heims und noch vieles mehr haben wollen, ein perfekter Zufluchtsort w\u00e4ren.<\/p>\n<p>Obwohl unser Lebensmittelpunkt im nur 2,5 Stunden mit dem Auto entfernten Zagreb liegt, verbringen wir hier alle unsere Sommer, und im Fr\u00fchling und Herbst kommen wir, sobald sich etwas Freizeit bietet.<\/p>\n<p>Wir wissen einfach, dass Sie sich in diesen wilden und zugleich ruhigen Teil der Adria verlieben werden, da er noch immer vom Massentourismus unber\u00fchrt ist, aber sich wiederum in unmittelbarer N\u00e4he bekannter Sehensw\u00fcrdigkeiten befindet und zahlreiche M\u00f6glichkeiten f\u00fcr Abenteuer und einen Aktivurlaub bietet.[\/vc_column_text][\/vc_column][\/vc_row]<\/p>\n","protected":false},"excerpt":{"rendered":"<p>[vc_row rt_row_background_width=&#8220;fullwidth&#8220; rt_row_content_width=&#8220;default&#8220; rt_row_style=&#8220;light-style&#8220; rt_row_height=&#8220;&#8220; rt_column_placement=&#8220;middle&#8220; rt_row_borders=&#8220;&#8220; rt_row_shadows=&#8220;&#8220; rt_column_gaps=&#8220;&#8220; rt_row_paddings=&#8220;true&#8220; rt_bg_effect=&#8220;classic&#8220; rt_transparent_bg=&#8220;&#8220; rt_bg_image_repeat=&#8220;no-repeat&#8220; rt_bg_size=&#8220;cover&#8220; rt_bg_position=&#8220;center center&#8220; rt_bg_attachment=&#8220;scroll&#8220; rt_bg_video_format=&#8220;youtube&#8220; rt_padding_top=&#8220;160&#8243; rt_bg_image=&#8220;609989&#8243; rt_bg_overlay_color=&#8220;rgba(0,0,0,0.07)&#8220; rt_padding_bottom=&#8220;160&#8243;][vc_column rt_col_paddings=&#8220;true&#8220; rt_wrp_col_paddings=&#8220;false&#8220; rt_column_shadow=&#8220;&#8220; rt_border_top=&#8220;&#8220; rt_border_bottom=&#8220;&#8220; rt_border_left=&#8220;&#8220; rt_border_right=&#8220;&#8220; rt_border_top_mobile=&#8220;&#8220; rt_border_bottom_mobile=&#8220;&#8220; rt_border_left_mobile=&#8220;&#8220; rt_border_right_mobile=&#8220;&#8220; rt_bg_image_repeat=&#8220;repeat&#8220; rt_bg_size=&#8220;auto auto&#8220; rt_bg_position=&#8220;right top&#8220; rt_bg_attachment=&#8220;scroll&#8220;][\/vc_column][\/vc_row][vc_row rt_row_background_width=&#8220;default&#8220; rt_row_style=&#8220;default-style&#8220; rt_row_height=&#8220;&#8220; rt_row_borders=&#8220;&#8220; rt_row_shadows=&#8220;&#8220; rt_column_view=&#8220;equal_heights&#8220; rt_column_gaps=&#8220;&#8220; rt_row_paddings=&#8220;true&#8220; rt_bg_effect=&#8220;classic&#8220; rt_transparent_bg=&#8220;&#8220; rt_bg_image_repeat=&#8220;repeat&#8220; rt_bg_size=&#8220;cover&#8220; rt_bg_position=&#8220;right top&#8220; rt_bg_attachment=&#8220;scroll&#8220; rt_bg_video_format=&#8220;self-hosted&#8220; &#8230; <a class=\"more-link\" href=\"https:\/\/www.lukovo-villas.com\/de\/ueber-uns\/\">Continue reading<\/a><\/p>\n","protected":false},"author":1,"featured_media":0,"parent":0,"menu_order":0,"comment_status":"closed","ping_status":"closed","template":"","meta":{"footnotes":""},"class_list":["post-599341","page","type-page","status-publish","hentry"],"_links":{"self":[{"href":"https:\/\/www.lukovo-villas.com\/de\/wp-json\/wp\/v2\/pages\/599341","targetHints":{"allow":["GET"]}}],"collection":[{"href":"https:\/\/www.lukovo-villas.com\/de\/wp-json\/wp\/v2\/pages"}],"about":[{"href":"https:\/\/www.lukovo-villas.com\/de\/wp-json\/wp\/v2\/types\/page"}],"author":[{"embeddable":true,"href":"https:\/\/www.lukovo-villas.com\/de\/wp-json\/wp\/v2\/users\/1"}],"replies":[{"embeddable":true,"href":"https:\/\/www.lukovo-villas.com\/de\/wp-json\/wp\/v2\/comments?post=599341"}],"version-history":[{"count":6,"href":"https:\/\/www.lukovo-villas.com\/de\/wp-json\/wp\/v2\/pages\/599341\/revisions"}],"predecessor-version":[{"id":609994,"href":"https:\/\/www.lukovo-villas.com\/de\/wp-json\/wp\/v2\/pages\/599341\/revisions\/609994"}],"wp:attachment":[{"href":"https:\/\/www.lukovo-villas.com\/de\/wp-json\/wp\/v2\/media?parent=599341"}],"curies":[{"name":"wp","href":"https:\/\/api.w.org\/{rel}","templated":true}]}}