{"id":599368,"date":"2019-06-28T07:01:24","date_gmt":"2019-06-28T07:01:24","guid":{"rendered":"https:\/\/www.lukovo-villas.com\/our-services\/"},"modified":"2020-07-13T18:37:05","modified_gmt":"2020-07-13T16:37:05","slug":"unsere-dienstleistungen","status":"publish","type":"page","link":"https:\/\/www.lukovo-villas.com\/de\/unsere-dienstleistungen\/","title":{"rendered":"Unsere dienstleistungen"},"content":{"rendered":"<p>[vc_row rt_row_background_width=&#8220;fullwidth&#8220; rt_row_content_width=&#8220;default&#8220; rt_row_style=&#8220;default-style&#8220; rt_row_height=&#8220;min_height&#8220; rt_holder_placement=&#8220;middle&#8220; rt_column_placement=&#8220;middle&#8220; rt_row_borders=&#8220;&#8220; rt_row_shadows=&#8220;&#8220; rt_column_gaps=&#8220;&#8220; rt_row_paddings=&#8220;true&#8220; rt_bg_effect=&#8220;shape&#8220; rt_bg_shape=&#8220;cross-left&#8220; rt_bg_custom_alignment=&#8220;bottom&#8220; rt_transparent_bg=&#8220;&#8220; rt_bg_image_repeat=&#8220;no-repeat&#8220; rt_bg_size=&#8220;cover&#8220; rt_bg_position=&#8220;left bottom&#8220; rt_bg_video_format=&#8220;self-hosted&#8220; rt_bg_image=&#8220;609999&#8243; rt_min_row_height=&#8220;600&#8243; rt_bg_color=&#8220;#ffffff&#8220; rt_bg_shape_color=&#8220;#ffffff&#8220; rt_padding_top=&#8220;500px&#8220;][vc_column width=&#8220;1\/6&#8243; rt_col_paddings=&#8220;true&#8220; rt_wrp_col_paddings=&#8220;false&#8220; rt_column_shadow=&#8220;&#8220; rt_border_top=&#8220;&#8220; rt_border_bottom=&#8220;&#8220; rt_border_left=&#8220;&#8220; rt_border_right=&#8220;&#8220; rt_border_top_mobile=&#8220;&#8220; rt_border_bottom_mobile=&#8220;&#8220; rt_border_left_mobile=&#8220;&#8220; rt_border_right_mobile=&#8220;&#8220; rt_bg_image_repeat=&#8220;repeat&#8220; rt_bg_size=&#8220;auto auto&#8220; rt_bg_position=&#8220;right top&#8220; rt_bg_attachment=&#8220;scroll&#8220; rt_bg_color=&#8220;#ffffff&#8220; rt_bg_overlay_color=&#8220;&#8220; rt_padding_top=&#8220;20px&#8220;][\/vc_column][vc_column width=&#8220;2\/3&#8243; rt_col_paddings=&#8220;true&#8220; rt_wrp_col_paddings=&#8220;false&#8220; rt_column_shadow=&#8220;&#8220; rt_border_top=&#8220;&#8220; rt_border_bottom=&#8220;&#8220; rt_border_left=&#8220;&#8220; rt_border_right=&#8220;&#8220; rt_border_top_mobile=&#8220;&#8220; rt_border_bottom_mobile=&#8220;&#8220; rt_border_left_mobile=&#8220;&#8220; rt_border_right_mobile=&#8220;&#8220; rt_bg_image_repeat=&#8220;repeat&#8220; rt_bg_size=&#8220;auto auto&#8220; rt_bg_position=&#8220;right top&#8220; rt_bg_attachment=&#8220;scroll&#8220; rt_bg_color=&#8220;#ffffff&#8220; rt_bg_overlay_color=&#8220;&#8220;]<div class=\"rt_heading_wrapper no-style\">\n\t\t\t\t\t\t<h1 class=\"rt_heading  no-style\" >Unsere dienstleistungen<\/h1> \n\t\t\t\t\t<\/div>[\/vc_column][vc_column width=&#8220;1\/6&#8243; rt_col_paddings=&#8220;true&#8220; rt_wrp_col_paddings=&#8220;false&#8220; rt_column_shadow=&#8220;&#8220; rt_border_top=&#8220;&#8220; rt_border_bottom=&#8220;&#8220; rt_border_left=&#8220;&#8220; rt_border_right=&#8220;&#8220; rt_border_top_mobile=&#8220;&#8220; rt_border_bottom_mobile=&#8220;&#8220; rt_border_left_mobile=&#8220;&#8220; rt_border_right_mobile=&#8220;&#8220; rt_bg_image_repeat=&#8220;repeat&#8220; rt_bg_size=&#8220;auto auto&#8220; rt_bg_position=&#8220;right top&#8220; rt_bg_attachment=&#8220;scroll&#8220; rt_bg_color=&#8220;#ffffff&#8220; rt_bg_overlay_color=&#8220;&#8220;][\/vc_column][\/vc_row][vc_row rt_row_background_width=&#8220;fullwidth&#8220; rt_row_content_width=&#8220;default&#8220; rt_row_style=&#8220;default-style&#8220; rt_row_height=&#8220;&#8220; rt_row_borders=&#8220;&#8220; rt_row_shadows=&#8220;&#8220; rt_column_gaps=&#8220;&#8220; rt_row_paddings=&#8220;false&#8220; rt_bg_effect=&#8220;classic&#8220; rt_transparent_bg=&#8220;&#8220; rt_bg_image_repeat=&#8220;repeat&#8220; rt_bg_size=&#8220;cover&#8220; rt_bg_position=&#8220;right top&#8220; rt_bg_attachment=&#8220;scroll&#8220; rt_bg_video_format=&#8220;self-hosted&#8220;][vc_column width=&#8220;1\/6&#8243; rt_col_paddings=&#8220;true&#8220; rt_wrp_col_paddings=&#8220;false&#8220; rt_column_shadow=&#8220;&#8220; rt_border_top=&#8220;&#8220; rt_border_bottom=&#8220;&#8220; rt_border_left=&#8220;&#8220; rt_border_right=&#8220;&#8220; rt_border_top_mobile=&#8220;&#8220; rt_border_bottom_mobile=&#8220;&#8220; rt_border_left_mobile=&#8220;&#8220; rt_border_right_mobile=&#8220;&#8220; rt_bg_image_repeat=&#8220;repeat&#8220; rt_bg_size=&#8220;auto auto&#8220; rt_bg_position=&#8220;right top&#8220; rt_bg_attachment=&#8220;scroll&#8220;][\/vc_column][vc_column width=&#8220;2\/3&#8243; rt_col_paddings=&#8220;true&#8220; rt_wrp_col_paddings=&#8220;false&#8220; rt_column_shadow=&#8220;&#8220; rt_border_top=&#8220;&#8220; rt_border_bottom=&#8220;&#8220; rt_border_left=&#8220;&#8220; rt_border_right=&#8220;&#8220; rt_border_top_mobile=&#8220;&#8220; rt_border_bottom_mobile=&#8220;&#8220; rt_border_left_mobile=&#8220;&#8220; rt_border_right_mobile=&#8220;&#8220; rt_bg_image_repeat=&#8220;repeat&#8220; rt_bg_size=&#8220;auto auto&#8220; rt_bg_position=&#8220;right top&#8220; rt_bg_attachment=&#8220;scroll&#8220;][vc_column_text]Wir bieten Ihnen eine Unterkunft in drei Luxusvillen, die sich auf einem eigenen Kap befinden und lediglich ein paar Schritte vom Meer entfernt sind. Jede Villa verf\u00fcgt \u00fcber einen S\u00fc\u00dfwasserpool und eine wundersch\u00f6ne Aussicht auf die Adria sowie die Insel Pag. In der gesch\u00fctzten Bucht auf der linken Seite des Kaps befindet sich ein nat\u00fcrlicher Kiesstrand, an dem Sie ein kleineres Boot festmachen k\u00f6nnen, und direkt unter den Villen befindet sich ein in die Felsk\u00fcste eingebetteter Privatstrand.<\/p>\n<p>Die Villen sind gut ausgestattet und verf\u00fcgen \u00fcber alles Notwendige zur Zubereitung von Speisen und Getr\u00e4nken, und wir stehen Ihnen bereits vor der Anreise zu Diensten, sofern Sie einen Rat brauchen, was Sie mitbringen sollten, wo Sie etwas kaufen k\u00f6nnen, wohin Sie gehen oder einfach was Sie erwarten k\u00f6nnen.<\/p>\n<p>Wir befinden uns gleich unterhalb des alten Dorfs Lukovo \u0160ugarje, in dem gerade einmal 60 Einwohner leben, die n\u00e4chstgelegenen St\u00e4dte sind Karlobag (20 km) und Starigrad Paklenica (35 km), und in unmittelbarer N\u00e4he gibt es keinen einzigen Laden. Deshalb raten wir Ihnen, in Gospi\u0107 einen Gro\u00dfeinkauf zu machen, sofern Sie aus der Richtung Zagreb oder Zadar anreisen. Zadar ist zudem ein ausgezeichnetes Reiseziel f\u00fcr einen Tagesausflug, weil die Stadt lediglich eine Stunde mit dem Auto entfernt ist.<\/p>\n<p>In Bezug auf Ihre tagt\u00e4glichen Bed\u00fcrfnisse, Nahrungsmittel wie Brot, Geb\u00e4ck sowie frisches Obst und Gem\u00fcse, t\u00e4tigen Bauern und B\u00e4cker per Kombi Lieferungen zu den Villen, und Sie k\u00f6nnen auch lokale Erzeugnisse wie Schnaps oder Oliven\u00f6l kaufen. Wenn Sie beim Kamin im Freien einen Grill zubereiten m\u00f6chten, k\u00f6nnen wir Ihnen von lokalen Z\u00fcchtern das beste Lammfleisch oder Fleisch vom autochthonen istrischen Bo\u0161karin-Rind besorgen, das auf den Ausl\u00e4ufern des Velebit-Gebirges gleich oberhalb der Stra\u00dfe frei weidet.<\/p>\n<p>Obwohl es in der N\u00e4he keinen Fischmarkt gibt, wird er ihnen nicht fehlen, weil dieser K\u00fcstenabschnitt bekannt ist f\u00fcr die Zucht von Miesmuscheln in der N\u00e4he von Starigrad Paklenica, und au\u00dferdem werden die besten zu s\u00fc\u00dfesten Scampi der Adria im Kanal der Insel Pag gefangen.<\/p>\n<p>Wir werden alles uns m\u00f6gliche tun, um Ihre W\u00fcnsche nach Meeresspeisen \u00fcber einen lokalen Fischer zu erf\u00fcllen.<\/p>\n<p>Sie k\u00f6nnen erwarten, mit einer atemberaubenden Aussicht auf das Meer und die Insel Pag aufzustehen und zu Bett zu gehen, und ebenso die bet\u00e4ubenden D\u00fcfte der wilden mediterranen Pflanzen um unser Anwesen herum sowie von Lavendel, Rosmarin und Sand-Strohblumen aus unserem Garten zu vernehmen.<\/p>\n<p>Sofern Sie Kinder haben, werden Sie dieses Mal beim Packen leichtes Spiel haben, denn wir k\u00f6nnen mit Stolz sagen, dass es unser Ziel ist, ein kindergerechter Ort zu sein, der mit allem ausgestattet ist, was uns einfiel und was Kinder brauchen k\u00f6nnten!<\/p>\n<p>Obwohl wir Tierliebhaber sind, k\u00f6nnen wir Ihre pelzigen Freunde bislang nicht unterbringen, weil die Villen nicht vollst\u00e4ndig umz\u00e4unt sind und deshalb weder f\u00fcr Sie, Ihre Haustiere noch f\u00fcr andere G\u00e4ste sicher w\u00e4ren. Wenn Sie Ihr Haustier in der Tat nicht zur\u00fccklassen k\u00f6nnen, dann senden Sie uns bitte Ihre Anfrage, und wir pr\u00fcfen die M\u00f6glichkeit, es dennoch unterzubringen, jedoch ist das abh\u00e4ngig von den anderen G\u00e4sten und den Umst\u00e4nden zur Zeit Ihres Aufenthalts.<\/p>\n<p>Die Villen werden einmal w\u00f6chentlich gereinigt, w\u00e4hrend Bettzeug sowie Handt\u00fccher ebenfalls w\u00f6chentlich oder auf Anfrage gewechselt werden.<\/p>\n<p>Die Villen befinden sich nur etwa 30 Meter vom Meer entfernt, und unser klares blaues Meer k\u00f6nnen Sie an zwei wundersch\u00f6nen Str\u00e4nden genie\u00dfen.<\/p>\n<p>Luxusausstattung und Service.<\/p>\n<p>F\u00fcr Naturliebhaber.<\/p>\n<p>Kindergerecht.[\/vc_column_text][\/vc_column][vc_column width=&#8220;1\/6&#8243; rt_col_paddings=&#8220;true&#8220; rt_wrp_col_paddings=&#8220;false&#8220; rt_column_shadow=&#8220;&#8220; rt_border_top=&#8220;&#8220; rt_border_bottom=&#8220;&#8220; rt_border_left=&#8220;&#8220; rt_border_right=&#8220;&#8220; rt_border_top_mobile=&#8220;&#8220; rt_border_bottom_mobile=&#8220;&#8220; rt_border_left_mobile=&#8220;&#8220; rt_border_right_mobile=&#8220;&#8220; rt_bg_image_repeat=&#8220;repeat&#8220; rt_bg_size=&#8220;auto auto&#8220; rt_bg_position=&#8220;right top&#8220; rt_bg_attachment=&#8220;scroll&#8220;][\/vc_column][\/vc_row]<\/p>\n","protected":false},"excerpt":{"rendered":"<p>[vc_row rt_row_background_width=&#8220;fullwidth&#8220; rt_row_content_width=&#8220;default&#8220; rt_row_style=&#8220;default-style&#8220; rt_row_height=&#8220;min_height&#8220; rt_holder_placement=&#8220;middle&#8220; rt_column_placement=&#8220;middle&#8220; rt_row_borders=&#8220;&#8220; rt_row_shadows=&#8220;&#8220; rt_column_gaps=&#8220;&#8220; rt_row_paddings=&#8220;true&#8220; rt_bg_effect=&#8220;shape&#8220; rt_bg_shape=&#8220;cross-left&#8220; rt_bg_custom_alignment=&#8220;bottom&#8220; rt_transparent_bg=&#8220;&#8220; rt_bg_image_repeat=&#8220;no-repeat&#8220; rt_bg_size=&#8220;cover&#8220; rt_bg_position=&#8220;left bottom&#8220; rt_bg_video_format=&#8220;self-hosted&#8220; rt_bg_image=&#8220;609999&#8243; rt_min_row_height=&#8220;600&#8243; rt_bg_color=&#8220;#ffffff&#8220; rt_bg_shape_color=&#8220;#ffffff&#8220; rt_padding_top=&#8220;500px&#8220;][vc_column width=&#8220;1\/6&#8243; rt_col_paddings=&#8220;true&#8220; rt_wrp_col_paddings=&#8220;false&#8220; rt_column_shadow=&#8220;&#8220; rt_border_top=&#8220;&#8220; rt_border_bottom=&#8220;&#8220; rt_border_left=&#8220;&#8220; rt_border_right=&#8220;&#8220; rt_border_top_mobile=&#8220;&#8220; rt_border_bottom_mobile=&#8220;&#8220; rt_border_left_mobile=&#8220;&#8220; rt_border_right_mobile=&#8220;&#8220; rt_bg_image_repeat=&#8220;repeat&#8220; rt_bg_size=&#8220;auto auto&#8220; rt_bg_position=&#8220;right top&#8220; rt_bg_attachment=&#8220;scroll&#8220; rt_bg_color=&#8220;#ffffff&#8220; rt_bg_overlay_color=&#8220;&#8220; rt_padding_top=&#8220;20px&#8220;][\/vc_column][vc_column width=&#8220;2\/3&#8243; rt_col_paddings=&#8220;true&#8220; rt_wrp_col_paddings=&#8220;false&#8220; rt_column_shadow=&#8220;&#8220; rt_border_top=&#8220;&#8220; rt_border_bottom=&#8220;&#8220; rt_border_left=&#8220;&#8220; rt_border_right=&#8220;&#8220; rt_border_top_mobile=&#8220;&#8220; &#8230; <a class=\"more-link\" href=\"https:\/\/www.lukovo-villas.com\/de\/unsere-dienstleistungen\/\">Continue reading<\/a><\/p>\n","protected":false},"author":1,"featured_media":0,"parent":0,"menu_order":0,"comment_status":"closed","ping_status":"closed","template":"","meta":{"footnotes":""},"class_list":["post-599368","page","type-page","status-publish","hentry"],"_links":{"self":[{"href":"https:\/\/www.lukovo-villas.com\/de\/wp-json\/wp\/v2\/pages\/599368","targetHints":{"allow":["GET"]}}],"collection":[{"href":"https:\/\/www.lukovo-villas.com\/de\/wp-json\/wp\/v2\/pages"}],"about":[{"href":"https:\/\/www.lukovo-villas.com\/de\/wp-json\/wp\/v2\/types\/page"}],"author":[{"embeddable":true,"href":"https:\/\/www.lukovo-villas.com\/de\/wp-json\/wp\/v2\/users\/1"}],"replies":[{"embeddable":true,"href":"https:\/\/www.lukovo-villas.com\/de\/wp-json\/wp\/v2\/comments?post=599368"}],"version-history":[{"count":5,"href":"https:\/\/www.lukovo-villas.com\/de\/wp-json\/wp\/v2\/pages\/599368\/revisions"}],"predecessor-version":[{"id":610012,"href":"https:\/\/www.lukovo-villas.com\/de\/wp-json\/wp\/v2\/pages\/599368\/revisions\/610012"}],"wp:attachment":[{"href":"https:\/\/www.lukovo-villas.com\/de\/wp-json\/wp\/v2\/media?parent=599368"}],"curies":[{"name":"wp","href":"https:\/\/api.w.org\/{rel}","templated":true}]}}