{"id":599402,"date":"2019-06-14T09:30:05","date_gmt":"2019-06-14T09:30:05","guid":{"rendered":"https:\/\/www.lukovo-villas.com\/how-to-find-us\/"},"modified":"2020-07-11T19:29:58","modified_gmt":"2020-07-11T17:29:58","slug":"wie-finden-sie-zu-uns","status":"publish","type":"page","link":"https:\/\/www.lukovo-villas.com\/de\/wie-finden-sie-zu-uns\/","title":{"rendered":"Wie finden sie zu uns"},"content":{"rendered":"<p>[vc_row css_animation=&#8220;bounceInLeft&#8220; rt_row_background_width=&#8220;fullwidth&#8220; rt_row_content_width=&#8220;default&#8220; rt_row_style=&#8220;default-style&#8220; rt_row_height=&#8220;&#8220; rt_row_borders=&#8220;&#8220; rt_row_shadows=&#8220;&#8220; rt_column_gaps=&#8220;&#8220; rt_row_paddings=&#8220;true&#8220; rt_bg_effect=&#8220;classic&#8220; rt_transparent_bg=&#8220;&#8220; rt_bg_image_repeat=&#8220;no-repeat&#8220; rt_bg_size=&#8220;100% auto&#8220; rt_bg_position=&#8220;right top&#8220; rt_bg_attachment=&#8220;scroll&#8220; rt_bg_video_format=&#8220;self-hosted&#8220; rt_bg_color=&#8220;#ffffff&#8220;][vc_column rt_col_paddings=&#8220;true&#8220; rt_wrp_col_paddings=&#8220;false&#8220; rt_column_shadow=&#8220;&#8220; rt_border_top=&#8220;&#8220; rt_border_bottom=&#8220;&#8220; rt_border_left=&#8220;&#8220; rt_border_right=&#8220;&#8220; rt_border_top_mobile=&#8220;&#8220; rt_border_bottom_mobile=&#8220;&#8220; rt_border_left_mobile=&#8220;&#8220; rt_border_right_mobile=&#8220;&#8220; rt_bg_image_repeat=&#8220;repeat&#8220; rt_bg_size=&#8220;auto auto&#8220; rt_bg_position=&#8220;right top&#8220; rt_bg_attachment=&#8220;scroll&#8220;]<div class=\"rt_heading_wrapper style-4\">\n\t\t\t\t\t\t<h1 class=\"rt_heading  style-4\" >WIE FINDEN SIE ZU UNS<\/h1> \n\t\t\t\t\t<\/div>[\/vc_column][\/vc_row][vc_row rt_row_background_width=&#8220;fullwidth&#8220; rt_row_content_width=&#8220;default&#8220; rt_row_style=&#8220;default-style&#8220; rt_row_height=&#8220;&#8220; rt_row_borders=&#8220;&#8220; rt_row_shadows=&#8220;&#8220; rt_column_gaps=&#8220;&#8220; rt_row_paddings=&#8220;true&#8220; rt_bg_effect=&#8220;classic&#8220; rt_transparent_bg=&#8220;&#8220; rt_bg_image_repeat=&#8220;repeat&#8220; rt_bg_size=&#8220;cover&#8220; rt_bg_position=&#8220;right top&#8220; rt_bg_attachment=&#8220;scroll&#8220; rt_bg_video_format=&#8220;self-hosted&#8220; rt_padding_bottom=&#8220;0&#8243;][vc_column width=&#8220;1\/2&#8243; rt_col_paddings=&#8220;true&#8220; rt_wrp_col_paddings=&#8220;false&#8220; rt_column_shadow=&#8220;&#8220; rt_border_top=&#8220;&#8220; rt_border_bottom=&#8220;&#8220; rt_border_left=&#8220;&#8220; rt_border_right=&#8220;&#8220; rt_border_top_mobile=&#8220;&#8220; rt_border_bottom_mobile=&#8220;&#8220; rt_border_left_mobile=&#8220;&#8220; rt_border_right_mobile=&#8220;&#8220; rt_bg_image_repeat=&#8220;repeat&#8220; rt_bg_size=&#8220;auto auto&#8220; rt_bg_position=&#8220;right top&#8220; rt_bg_attachment=&#8220;scroll&#8220; rt_bg_color=&#8220;&#8220; rt_bg_overlay_color=&#8220;&#8220;][vc_single_image image=&#8220;3597&#8243; img_size=&#8220;600X300&#8243; style=&#8220;vc_box_outline&#8220; border_color=&#8220;peacoc&#8220; css_animation=&#8220;bounceInLeft&#8220;][\/vc_column][vc_column width=&#8220;1\/2&#8243; rt_col_paddings=&#8220;true&#8220; rt_wrp_col_paddings=&#8220;false&#8220; rt_column_shadow=&#8220;&#8220; rt_border_top=&#8220;&#8220; rt_border_bottom=&#8220;&#8220; rt_border_left=&#8220;&#8220; rt_border_right=&#8220;&#8220; rt_border_top_mobile=&#8220;&#8220; rt_border_bottom_mobile=&#8220;&#8220; rt_border_left_mobile=&#8220;&#8220; rt_border_right_mobile=&#8220;&#8220; rt_bg_image_repeat=&#8220;repeat&#8220; rt_bg_size=&#8220;auto auto&#8220; rt_bg_position=&#8220;right top&#8220; rt_bg_attachment=&#8220;scroll&#8220;][vc_column_text css_animation=&#8220;bounceInRight&#8220;]<\/p>\r\n<p>Lukovo \u0160ugarje ist ein kleines Dorf zwischen der Velebit-Gebirgskette und dem Meer, an der bedeutenden Adria-K\u00fcstenstra\u00dfe, welche die gesamte kroatische K\u00fcste von Rijeka bis Dubrovnik verbindet.<\/p>\r\n<p>Bereits die Abfahrt von der neuen Autobahn bei Gospi\u0107 oder Maslenica (abh\u00e4ngig davon von wo Sie anreisen) und die Fahrt auf diesem kurvenreichsten Teil der Adria-K\u00fcstenstra\u00dfe ist ein einzigartiges Erlebnis. Es verwundert nicht, dass sie zu einer der sch\u00f6nsten Stra\u00dfen der Welt gek\u00fcrt wurde und dass Tausende Radfahrer jeden Fr\u00fchling und Sommer nach Kroatien str\u00f6men, um das Ph\u00e4nomen dieser Stra\u00dfe zu erleben.<\/p>\r\n<p>[\/vc_column_text][\/vc_column][\/vc_row][vc_row rt_row_background_width=&#8220;fullwidth&#8220; rt_row_content_width=&#8220;default&#8220; rt_row_style=&#8220;default-style&#8220; rt_row_height=&#8220;&#8220; rt_row_borders=&#8220;&#8220; rt_row_shadows=&#8220;&#8220; rt_column_gaps=&#8220;&#8220; rt_row_paddings=&#8220;true&#8220; rt_bg_effect=&#8220;classic&#8220; rt_transparent_bg=&#8220;&#8220; rt_bg_image_repeat=&#8220;repeat&#8220; rt_bg_size=&#8220;cover&#8220; rt_bg_position=&#8220;right top&#8220; rt_bg_attachment=&#8220;scroll&#8220; rt_bg_video_format=&#8220;self-hosted&#8220; rt_padding_top=&#8220;0&#8243;][vc_column rt_col_paddings=&#8220;true&#8220; rt_wrp_col_paddings=&#8220;false&#8220; rt_column_shadow=&#8220;&#8220; rt_border_top=&#8220;&#8220; rt_border_bottom=&#8220;&#8220; rt_border_left=&#8220;&#8220; rt_border_right=&#8220;&#8220; rt_border_top_mobile=&#8220;&#8220; rt_border_bottom_mobile=&#8220;&#8220; rt_border_left_mobile=&#8220;&#8220; rt_border_right_mobile=&#8220;&#8220; rt_bg_image_repeat=&#8220;repeat&#8220; rt_bg_size=&#8220;auto auto&#8220; rt_bg_position=&#8220;right top&#8220; rt_bg_attachment=&#8220;scroll&#8220;][vc_column_text css_animation=&#8220;bounceInUp&#8220;]<\/p>\r\n<p><img decoding=\"async\" class=\"IMG_MY alignright wp-image-4150 size-full\" src=\"https:\/\/www.lukovo-villas.com\/wp-content\/uploads\/NOVE_FOTKE\/EXTERIER\/putokaz_300x400.jpg\" alt=\"\" width=\"300\" height=\"400\" srcset=\"https:\/\/www.lukovo-villas.com\/wp-content\/uploads\/NOVE_FOTKE\/EXTERIER\/putokaz_300x400.jpg 300w, https:\/\/www.lukovo-villas.com\/wp-content\/uploads\/NOVE_FOTKE\/EXTERIER\/putokaz_300x400-225x300.jpg 225w\" sizes=\"(max-width: 300px) 100vw, 300px\" \/>Die n\u00e4chstgelegenen K\u00fcstenst\u00e4dte sind Karlobag (19 km) und Starigrad Paklenica (35 km). Die F\u00e4hre zur Insel Pag ist nur eine halbe Stunde Fahrt entfernt (33 km), w\u00e4hrend es etwa 40 Minuten (ca. 45 km) bis zur F\u00e4hre zur Insel Rab dauert.<\/p>\r\n<p>Es befindet sich nur ein Fahrtstunde aus der Richtung S\u00fcden von Zadar, und eine Stunde n\u00f6rdlich in Richtung Gospi\u0107 in Zentral-Lika auf dem Weg nach Zagreb.<\/p>\r\n<p>In diesem Teil der Nordadria herrscht mediterranes Klima, sodass es auch im September noch angenehm und warm ist. Die durchschnittliche Tagestemperatur betr\u00e4gt im Sommer 28\u00b0C, und die Meerestemperatur betr\u00e4gt im Sommer etwa 25\u00b0C. Auch im Winter gibt es viele sonnige Tage.<\/p>\r\n<p>Die K\u00fcste ist durch die Velebit-Gebirgskette vom Festland getrennt. Diese bildet eine Barriere und h\u00e4lt die Kaltluftfront von der K\u00fcste fern, jedoch tr\u00e4gt diese Temperaturdifferenz manchmal zur Bildung heftiger Winde bei, die f\u00fcr die kroatische K\u00fcste charakteristisch sind und oftmals gerade hier in diesem Teil am st\u00e4rksten wehen. Dieser Wind hei\u00dft \u201eBora\u201d und den m\u00fcssen Sie einfach einmal erleben. Es handelt sich um einen kalten nord\u00f6stlichen Wind, der mit einer Geschwindigkeit von \u00fcber 200 km\/h wehen kann, doch wenn er sich beruhigt, gibt es am Himmel keine einzige Wolke mehr, die Luft ist sauber und rein, w\u00e4hrend das Meer noch blauer und klarer ist, als sonst.<\/p>\r\n<p>Dieser Teil des Velebit-Gebirges ist ein Naturpark mit zahlreichen sch\u00f6nen Wanderwegen, aber auch wenn Sie kein ge\u00fcbter Wanderer sind, k\u00f6nnen sie das Velebit-Gebirge durch viele leichtere, malerische Routen erleben.<\/p>\r\n<p>Vom Gebirge aus bietet sich nach S\u00fcden eine wundersch\u00f6ne Aussicht auf die Insel Pag, zu der Sie einfach mit einem Boot oder gar binnen 5 Minuten mit einem Motorboot gelangen k\u00f6nnen.<\/p>\r\n<p>Dort finden Sie die historische Stadt Pag mit ihrem reichen Kulturerbe, den sch\u00f6nsten einsamen Str\u00e4nden und etwas n\u00f6rdlicher den ber\u00fcchtigten Strand Zr\u0107e.<\/p>\r\n<p>[\/vc_column_text][\/vc_column][\/vc_row][vc_row rt_row_background_width=&#8220;fullwidth&#8220; rt_row_content_width=&#8220;default&#8220; rt_row_style=&#8220;default-style&#8220; rt_row_height=&#8220;&#8220; rt_row_borders=&#8220;&#8220; rt_row_shadows=&#8220;&#8220; rt_column_gaps=&#8220;&#8220; rt_row_paddings=&#8220;true&#8220; rt_bg_effect=&#8220;classic&#8220; rt_transparent_bg=&#8220;&#8220; rt_bg_image_repeat=&#8220;repeat&#8220; rt_bg_size=&#8220;cover&#8220; rt_bg_position=&#8220;right top&#8220; rt_bg_attachment=&#8220;scroll&#8220; rt_bg_video_format=&#8220;self-hosted&#8220; rt_padding_top=&#8220;0&#8243;][vc_column width=&#8220;3\/5&#8243; rt_col_paddings=&#8220;true&#8220; rt_wrp_col_paddings=&#8220;false&#8220; rt_column_shadow=&#8220;&#8220; rt_border_top=&#8220;&#8220; rt_border_bottom=&#8220;&#8220; rt_border_left=&#8220;&#8220; rt_border_right=&#8220;&#8220; rt_border_top_mobile=&#8220;&#8220; rt_border_bottom_mobile=&#8220;&#8220; rt_border_left_mobile=&#8220;&#8220; rt_border_right_mobile=&#8220;&#8220; rt_bg_holder=&#8220;wrapper&#8220; rt_bg_image_repeat=&#8220;repeat&#8220; rt_bg_size=&#8220;auto auto&#8220; rt_bg_position=&#8220;right top&#8220; rt_bg_attachment=&#8220;scroll&#8220; rt_bg_color=&#8220;&#8220; rt_bg_overlay_color=&#8220;&#8220;][vc_column_text css_animation=&#8220;bounceInRight&#8220;]<\/p>\r\n<div id=\"wpgmza_map\" class=\"wpgmza_map\" data-settings='{\"id\":\"1\",\"map_title\":\"Lukovo Villas\",\"map_width\":\"100\",\"map_height\":\"300\",\"map_start_lat\":\"44.504165\",\"map_start_lng\":\"15.111013\",\"map_start_location\":\"44.50416528650962,15.111013054847716\",\"map_start_zoom\":\"12\",\"default_marker\":\"0\",\"type\":\"1\",\"alignment\":\"2\",\"directions_enabled\":\"1\",\"styling_enabled\":\"0\",\"styling_json\":\"\",\"active\":\"0\",\"kml\":\"\",\"bicycle\":\"0\",\"traffic\":\"0\",\"dbox\":\"1\",\"dbox_width\":\"100\",\"listmarkers\":\"0\",\"listmarkers_advanced\":\"0\",\"filterbycat\":\"0\",\"ugm_enabled\":\"0\",\"ugm_category_enabled\":\"0\",\"fusion\":\"\",\"map_width_type\":\"\\\\%\",\"map_height_type\":\"px\",\"mass_marker_support\":\"1\",\"ugm_access\":\"0\",\"order_markers_by\":\"1\",\"order_markers_choice\":\"2\",\"show_user_location\":\"0\",\"default_to\":\"\",\"other_settings\":{\"store_locator_enabled\":2,\"store_locator_distance\":2,\"store_locator_default_radius\":10,\"store_locator_not_found_message\":\"No results found in this location. Please try again.\",\"store_locator_bounce\":1,\"store_locator_query_string\":\"ZIP \\\/ Address:\",\"store_locator_default_address\":\"\",\"wpgmza_store_locator_restrict\":\"\",\"store_locator_style\":\"modern\",\"wpgmza_store_locator_radius_style\":\"modern\",\"map_max_zoom\":\"1\",\"transport_layer\":0,\"wpgmza_show_points_of_interest\":0,\"wpgmza_auto_night\":0}}' data-map-id='1' Data-maps-engine='google-maps' data-shortcode-attributes='{\"id\":\"1\"}' style=\"display:block; overflow:auto; width:100%; height:300px; float:left;\"><\/div>\n<p>[\/vc_column_text][\/vc_column][vc_column width=&#8220;2\/5&#8243; rt_col_paddings=&#8220;true&#8220; rt_wrp_col_paddings=&#8220;false&#8220; rt_column_shadow=&#8220;&#8220; rt_border_top=&#8220;&#8220; rt_border_bottom=&#8220;&#8220; rt_border_left=&#8220;&#8220; rt_border_right=&#8220;&#8220; rt_border_top_mobile=&#8220;&#8220; rt_border_bottom_mobile=&#8220;&#8220; rt_border_left_mobile=&#8220;&#8220; rt_border_right_mobile=&#8220;&#8220; rt_bg_image_repeat=&#8220;repeat&#8220; rt_bg_size=&#8220;auto auto&#8220; rt_bg_position=&#8220;right top&#8220; rt_bg_attachment=&#8220;scroll&#8220; rt_bg_color=&#8220;&#8220; rt_bg_overlay_color=&#8220;&#8220;][vc_message css_animation=&#8220;bounceInLeft&#8220;]<\/p>\n<div>\n<div>\u00a0<\/div>\n<div>Lukovo \u0160ugarje 60 b\/c\/d,<\/div>\n<div>53289 Lukovo \u0160ugarje,<\/div>\n<div>Lika &#8211; Senj,<\/div>\n<div>Kroatien<\/div>\n<\/div>\n<div>\n<div>\u00a0<\/div>\n<div>Tel: +385 913907579<\/div>\n<div>\u00a0<\/div>\n<\/div>\n<div>\n<div>E-mail: <a href=\"mailto:info@lukovo-villas.com\">info@lukovo-villas.com<\/a><\/div>\n<\/div>\n<p>[\/vc_message][\/vc_column][\/vc_row]<\/p>\n","protected":false},"excerpt":{"rendered":"<p>[vc_row css_animation=&#8220;bounceInLeft&#8220; rt_row_background_width=&#8220;fullwidth&#8220; rt_row_content_width=&#8220;default&#8220; rt_row_style=&#8220;default-style&#8220; rt_row_height=&#8220;&#8220; rt_row_borders=&#8220;&#8220; rt_row_shadows=&#8220;&#8220; rt_column_gaps=&#8220;&#8220; rt_row_paddings=&#8220;true&#8220; rt_bg_effect=&#8220;classic&#8220; rt_transparent_bg=&#8220;&#8220; rt_bg_image_repeat=&#8220;no-repeat&#8220; rt_bg_size=&#8220;100% auto&#8220; rt_bg_position=&#8220;right top&#8220; rt_bg_attachment=&#8220;scroll&#8220; rt_bg_video_format=&#8220;self-hosted&#8220; rt_bg_color=&#8220;#ffffff&#8220;][vc_column rt_col_paddings=&#8220;true&#8220; rt_wrp_col_paddings=&#8220;false&#8220; rt_column_shadow=&#8220;&#8220; rt_border_top=&#8220;&#8220; rt_border_bottom=&#8220;&#8220; rt_border_left=&#8220;&#8220; rt_border_right=&#8220;&#8220; rt_border_top_mobile=&#8220;&#8220; rt_border_bottom_mobile=&#8220;&#8220; rt_border_left_mobile=&#8220;&#8220; rt_border_right_mobile=&#8220;&#8220; rt_bg_image_repeat=&#8220;repeat&#8220; rt_bg_size=&#8220;auto auto&#8220; rt_bg_position=&#8220;right top&#8220; rt_bg_attachment=&#8220;scroll&#8220;][\/vc_column][\/vc_row][vc_row rt_row_background_width=&#8220;fullwidth&#8220; rt_row_content_width=&#8220;default&#8220; rt_row_style=&#8220;default-style&#8220; rt_row_height=&#8220;&#8220; rt_row_borders=&#8220;&#8220; rt_row_shadows=&#8220;&#8220; rt_column_gaps=&#8220;&#8220; rt_row_paddings=&#8220;true&#8220; rt_bg_effect=&#8220;classic&#8220; rt_transparent_bg=&#8220;&#8220; rt_bg_image_repeat=&#8220;repeat&#8220; rt_bg_size=&#8220;cover&#8220; rt_bg_position=&#8220;right top&#8220; rt_bg_attachment=&#8220;scroll&#8220; rt_bg_video_format=&#8220;self-hosted&#8220; rt_padding_bottom=&#8220;0&#8243;][vc_column width=&#8220;1\/2&#8243; &#8230; <a class=\"more-link\" href=\"https:\/\/www.lukovo-villas.com\/de\/wie-finden-sie-zu-uns\/\">Continue reading<\/a><\/p>\n","protected":false},"author":1,"featured_media":0,"parent":0,"menu_order":0,"comment_status":"closed","ping_status":"closed","template":"","meta":{"footnotes":""},"class_list":["post-599402","page","type-page","status-publish","hentry"],"_links":{"self":[{"href":"https:\/\/www.lukovo-villas.com\/de\/wp-json\/wp\/v2\/pages\/599402","targetHints":{"allow":["GET"]}}],"collection":[{"href":"https:\/\/www.lukovo-villas.com\/de\/wp-json\/wp\/v2\/pages"}],"about":[{"href":"https:\/\/www.lukovo-villas.com\/de\/wp-json\/wp\/v2\/types\/page"}],"author":[{"embeddable":true,"href":"https:\/\/www.lukovo-villas.com\/de\/wp-json\/wp\/v2\/users\/1"}],"replies":[{"embeddable":true,"href":"https:\/\/www.lukovo-villas.com\/de\/wp-json\/wp\/v2\/comments?post=599402"}],"version-history":[{"count":5,"href":"https:\/\/www.lukovo-villas.com\/de\/wp-json\/wp\/v2\/pages\/599402\/revisions"}],"predecessor-version":[{"id":601607,"href":"https:\/\/www.lukovo-villas.com\/de\/wp-json\/wp\/v2\/pages\/599402\/revisions\/601607"}],"wp:attachment":[{"href":"https:\/\/www.lukovo-villas.com\/de\/wp-json\/wp\/v2\/media?parent=599402"}],"curies":[{"name":"wp","href":"https:\/\/api.w.org\/{rel}","templated":true}]}}