{"id":599442,"date":"2016-06-14T07:09:12","date_gmt":"2016-06-14T07:09:12","guid":{"rendered":"https:\/\/www.lukovo-villas.com\/activities\/"},"modified":"2020-07-11T08:42:27","modified_gmt":"2020-07-11T06:42:27","slug":"aktivitaeten","status":"publish","type":"page","link":"https:\/\/www.lukovo-villas.com\/de\/aktivitaeten\/","title":{"rendered":"Aktivit\u00e4ten"},"content":{"rendered":"<p>[vc_row rt_row_background_width=&#8220;fullwidth&#8220; rt_row_content_width=&#8220;fullwidth&#8220; rt_row_style=&#8220;default-style&#8220; rt_row_height=&#8220;min_height&#8220; rt_holder_placement=&#8220;bottom&#8220; rt_row_borders=&#8220;&#8220; rt_row_shadows=&#8220;&#8220; rt_column_gaps=&#8220;&#8220; rt_row_paddings=&#8220;false&#8220; rt_bg_effect=&#8220;parallax&#8220; rt_bg_parallax_effect=&#8220;3&#8243; rt_transparent_bg=&#8220;&#8220; rt_bg_image_repeat=&#8220;repeat-x&#8220; rt_bg_size=&#8220;cover&#8220; rt_bg_position=&#8220;left top&#8220; rt_bg_video_format=&#8220;self-hosted&#8220; rt_bg_image=&#8220;3415&#8243; rt_min_row_height=&#8220;700&#8243;][vc_column width=&#8220;1\/2&#8243; rt_col_paddings=&#8220;true&#8220; rt_wrp_col_paddings=&#8220;false&#8220; rt_column_shadow=&#8220;&#8220; rt_border_top=&#8220;&#8220; rt_border_bottom=&#8220;&#8220; rt_border_left=&#8220;&#8220; rt_border_right=&#8220;&#8220; rt_border_top_mobile=&#8220;&#8220; rt_border_bottom_mobile=&#8220;&#8220; rt_border_left_mobile=&#8220;&#8220; rt_border_right_mobile=&#8220;&#8220; rt_bg_image_repeat=&#8220;repeat&#8220; rt_bg_size=&#8220;auto auto&#8220; rt_bg_position=&#8220;right top&#8220; rt_bg_attachment=&#8220;scroll&#8220; rt_padding_top=&#8220;40&#8243; rt_padding_bottom=&#8220;40&#8243; rt_padding_left=&#8220;40&#8243; rt_padding_right=&#8220;40&#8243; rt_margin_top=&#8220;-50&#8243; rt_bg_color=&#8220;&#8220; rt_bg_overlay_color=&#8220;&#8220;][\/vc_column][vc_column width=&#8220;1\/2&#8243; rt_color_set=&#8220;alt-style-1&#8243; rt_col_paddings=&#8220;true&#8220; rt_wrp_col_paddings=&#8220;false&#8220; rt_column_shadow=&#8220;&#8220; rt_border_top=&#8220;&#8220; rt_border_bottom=&#8220;&#8220; rt_border_left=&#8220;&#8220; rt_border_right=&#8220;&#8220; rt_border_top_mobile=&#8220;&#8220; rt_border_bottom_mobile=&#8220;&#8220; rt_border_left_mobile=&#8220;&#8220; rt_border_right_mobile=&#8220;&#8220; rt_bg_image_repeat=&#8220;repeat&#8220; rt_bg_size=&#8220;auto auto&#8220; rt_bg_position=&#8220;right top&#8220; rt_bg_attachment=&#8220;scroll&#8220; rt_bg_color=&#8220;&#8220; rt_bg_overlay_color=&#8220;&#8220; rt_padding_top=&#8220;100px&#8220; rt_padding_bottom=&#8220;100px&#8220; rt_padding_left=&#8220;15%&#8220; rt_padding_right=&#8220;50px&#8220;]<div class=\"rt_heading_wrapper style-5\">\n\t\t\t\t\t\t<h1 class=\"rt_heading  style-5\" >AKTIVIT\u00c4TEN<\/h1> \n\t\t\t\t\t<\/div><div class=\"rt_heading_wrapper no-style\">\n\t\t\t\t\t\t<span class=\"rt_heading  secondary-font no-style\"  style=\"font-size:22px;\">Genie\u00dfen Sie jeden Augenblick Ihres Urlaubs<\/span> \n\t\t\t\t\t<\/div>[\/vc_column][\/vc_row][vc_row rt_row_background_width=&#8220;fullwidth&#8220; rt_row_content_width=&#8220;fullwidth&#8220; rt_row_style=&#8220;default-style&#8220; rt_row_height=&#8220;&#8220; rt_column_placement=&#8220;middle&#8220; rt_row_borders=&#8220;&#8220; rt_row_shadows=&#8220;&#8220; rt_column_gaps=&#8220;&#8220; rt_row_paddings=&#8220;true&#8220; rt_bg_effect=&#8220;classic&#8220; rt_transparent_bg=&#8220;&#8220; rt_bg_image_repeat=&#8220;repeat&#8220; rt_bg_size=&#8220;cover&#8220; rt_bg_position=&#8220;right top&#8220; rt_bg_attachment=&#8220;scroll&#8220; rt_bg_video_format=&#8220;self-hosted&#8220; rt_padding_bottom=&#8220;0&#8243; rt_padding_top=&#8220;0&#8243;][vc_column width=&#8220;1\/2&#8243; rt_col_paddings=&#8220;true&#8220; rt_wrp_col_paddings=&#8220;false&#8220; rt_column_shadow=&#8220;&#8220; rt_border_top=&#8220;&#8220; rt_border_bottom=&#8220;&#8220; rt_border_left=&#8220;&#8220; rt_border_right=&#8220;&#8220; rt_border_top_mobile=&#8220;&#8220; rt_border_bottom_mobile=&#8220;&#8220; rt_border_left_mobile=&#8220;&#8220; rt_border_right_mobile=&#8220;&#8220; rt_bg_image_repeat=&#8220;repeat&#8220; rt_bg_size=&#8220;auto auto&#8220; rt_bg_position=&#8220;right top&#8220; rt_bg_attachment=&#8220;scroll&#8220; force_content_width=&#8220;yes&#8220; column_align=&#8220;right&#8220; rt_bg_color=&#8220;&#8220; rt_bg_overlay_color=&#8220;&#8220; rt_padding_left=&#8220;15%&#8220; rt_padding_right=&#8220;15%&#8220; rt_padding_top=&#8220;50px&#8220; rt_padding_bottom=&#8220;50px&#8220;]<div class=\"rt_heading_wrapper no-style\">\n\t\t\t\t\t\t<h4 class=\"rt_heading  no-style\" >Things to do, places to see<\/h4> \n\t\t\t\t\t<\/div>[vc_separator style=&#8220;style-2&#8243;][vc_column_text]Wandern im Velebit-Gebirge:<\/p>\n<ul>\n<li>Der wundersch\u00f6ne Wanderweg bis zu \u201e\u0160ugarske Dulibe\u201c beginnt gleich oberhalb der Villen<\/li>\n<li>Freeclimbing oder Wandern im Nationalpark Paklenica: <a href=\"http:\/\/www.np-paklenica.hr\/en\/\">http:\/\/www.np-paklenica.hr\/en\/<\/a><\/li>\n<li><span lang=\"EN-US\">Und noch viele weitere Optionen, um das Velebit-Gebirge zu erkunden:<\/span>\n<ul>\n<li>Naturpark Velebit\u00a0\u00a0\u00a0 <a href=\"http:\/\/www.pp-velebit.hr\/en\/\">http:\/\/www.pp-velebit.hr\/en\/<\/a><\/li>\n<li>Nationalpark Nord-Velebit <a href=\"http:\/\/www.np-sjeverni-velebit.hr\/posjeti\/ponuda\/?lang=en\">http:\/\/www.np-sjeverni-velebit.hr\/posjeti\/ponuda\/?lang=en<\/a><\/li>\n<\/ul>\n<\/li>\n<\/ul>\n<p>Besuchen Sie Zadar, eine Stadt mit reicher Geschichte und dem sch\u00f6nsten Sonnenuntergang der Welt: <a href=\"http:\/\/www.zadar.travel\/en\">\u00a0http:\/\/www.zadar.travel\/en<\/a><\/p>\n<p>Feiern Sie Partys auf dem ber\u00fcchtigten Zr\u0107e-Strand:\u00a0 <a href=\"http:\/\/www.zrce.com\/\">http:\/\/www.zrce.com\/<\/a><\/p>\n<p>Besuchen Sie die Insel Pag: <a href=\"https:\/\/www.tzgpag.hr\/en\/\">https:\/\/www.tzgpag.hr\/en\/<\/a><\/p>\n<p>Besuchen Sie die Insel Rab: <a href=\"http:\/\/www.rab-visit.com\/\">http:\/\/www.rab-visit.com\/<\/a><\/p>\n<p>Ausflug zum Nationalpark Plitvicer Seen (etwa 1,5 Stunden mit dem Auto in Richtung Zagreb):\u00a0 \u00a0 \u00a0 \u00a0 \u00a0<a href=\"http:\/\/www.np-plitvicka-jezera.hr\/en\/\">http:\/\/www.np-plitvicka-jezera.hr\/en\/<\/a>[\/vc_column_text][\/vc_column][vc_column width=&#8220;1\/2&#8243; rt_col_paddings=&#8220;true&#8220; rt_wrp_col_paddings=&#8220;false&#8220; rt_column_shadow=&#8220;&#8220; rt_border_top=&#8220;&#8220; rt_border_bottom=&#8220;&#8220; rt_border_left=&#8220;&#8220; rt_border_right=&#8220;&#8220; rt_border_top_mobile=&#8220;&#8220; rt_border_bottom_mobile=&#8220;&#8220; rt_border_left_mobile=&#8220;&#8220; rt_border_right_mobile=&#8220;&#8220; rt_bg_image_repeat=&#8220;repeat&#8220; rt_bg_size=&#8220;auto auto&#8220; rt_bg_position=&#8220;right top&#8220; rt_bg_attachment=&#8220;scroll&#8220; rt_padding_top=&#8220;0&#8243; rt_padding_bottom=&#8220;0&#8243; rt_padding_left=&#8220;0&#8243; rt_padding_right=&#8220;0&#8243; rt_bg_color=&#8220;&#8220; rt_bg_overlay_color=&#8220;&#8220;]\r\n\t\t\t\t<div id=\"image-carousel-201948\" class=\"rt-carousel carousel-holder clearfix rt_lightbox_gallery\" data-item-width=\"1\" data-nav=\"true\" data-dots=\"false\" data-margin=\"0\" data-autoplay=\"true\" data-timeout=\"5000\" data-thumbnails=\"false\" data-boxed=\"false\" data-min-height=\"\" data-padding=\"0\" data-loop=\"false\" data-mobile-item-width=\"1\">\r\n\t\t\t\t\t<div class=\"owl-carousel\">\r\n\t\t\t\t\t\t<div><img decoding=\"async\" src=\"https:\/\/www.lukovo-villas.com\/wp-content\/uploads\/2019\/07\/PAG-Beritnica.jpg\" alt=\"\"><\/div><div><img decoding=\"async\" src=\"https:\/\/www.lukovo-villas.com\/wp-content\/uploads\/2019\/07\/jahanje3.jpg\" alt=\"\"><\/div>\r\n\t\t\t\t\t<\/div>\r\n\t\t\t\t\t\r\n\t\t\t\t\t\r\n\t\t\t\t<\/div>\r\n\t\t\t[\/vc_column][\/vc_row][vc_row rt_row_background_width=&#8220;fullwidth&#8220; rt_row_content_width=&#8220;fullwidth&#8220; rt_row_style=&#8220;default-style&#8220; rt_row_height=&#8220;&#8220; rt_column_placement=&#8220;middle&#8220; rt_row_borders=&#8220;&#8220; rt_row_shadows=&#8220;&#8220; rt_column_gaps=&#8220;&#8220; rt_row_paddings=&#8220;false&#8220; rt_bg_effect=&#8220;classic&#8220; rt_transparent_bg=&#8220;&#8220; rt_bg_image_repeat=&#8220;repeat&#8220; rt_bg_size=&#8220;cover&#8220; rt_bg_position=&#8220;right top&#8220; rt_bg_attachment=&#8220;scroll&#8220; rt_bg_video_format=&#8220;self-hosted&#8220;][vc_column width=&#8220;1\/2&#8243; rt_col_paddings=&#8220;true&#8220; rt_wrp_col_paddings=&#8220;false&#8220; rt_column_shadow=&#8220;&#8220; rt_border_top=&#8220;&#8220; rt_border_bottom=&#8220;&#8220; rt_border_left=&#8220;&#8220; rt_border_right=&#8220;&#8220; rt_border_top_mobile=&#8220;&#8220; rt_border_bottom_mobile=&#8220;&#8220; rt_border_left_mobile=&#8220;&#8220; rt_border_right_mobile=&#8220;&#8220; rt_bg_image_repeat=&#8220;repeat&#8220; rt_bg_size=&#8220;auto auto&#8220; rt_bg_position=&#8220;right top&#8220; rt_bg_attachment=&#8220;scroll&#8220; rt_padding_top=&#8220;0&#8243; rt_padding_bottom=&#8220;0&#8243; rt_padding_left=&#8220;0&#8243; rt_padding_right=&#8220;0&#8243; rt_bg_color=&#8220;&#8220; rt_bg_overlay_color=&#8220;&#8220;]\r\n\t\t\t\t<div id=\"image-carousel-121392\" class=\"rt-carousel carousel-holder clearfix rt_lightbox_gallery\" data-item-width=\"1\" data-nav=\"true\" data-dots=\"false\" data-margin=\"0\" data-autoplay=\"true\" data-timeout=\"5000\" data-thumbnails=\"false\" data-boxed=\"false\" data-min-height=\"\" data-padding=\"0\" data-loop=\"false\" data-mobile-item-width=\"1\">\r\n\t\t\t\t\t<div class=\"owl-carousel\">\r\n\t\t\t\t\t\t<div><img decoding=\"async\" src=\"https:\/\/www.lukovo-villas.com\/wp-content\/uploads\/2019\/07\/Skydiving-Zadar-ADV-2.jpg\" alt=\"\"><\/div><div><img decoding=\"async\" src=\"https:\/\/www.lukovo-villas.com\/wp-content\/uploads\/2019\/07\/Kkydiviving2.jpg\" alt=\"\"><\/div>\r\n\t\t\t\t\t<\/div>\r\n\t\t\t\t\t\r\n\t\t\t\t\t\r\n\t\t\t\t<\/div>\r\n\t\t\t[\/vc_column][vc_column width=&#8220;1\/2&#8243; rt_col_paddings=&#8220;true&#8220; rt_wrp_col_paddings=&#8220;false&#8220; rt_column_shadow=&#8220;&#8220; rt_border_top=&#8220;&#8220; rt_border_bottom=&#8220;&#8220; rt_border_left=&#8220;&#8220; rt_border_right=&#8220;&#8220; rt_border_top_mobile=&#8220;&#8220; rt_border_bottom_mobile=&#8220;&#8220; rt_border_left_mobile=&#8220;&#8220; rt_border_right_mobile=&#8220;&#8220; rt_bg_image_repeat=&#8220;repeat&#8220; rt_bg_size=&#8220;auto auto&#8220; rt_bg_position=&#8220;right top&#8220; rt_bg_attachment=&#8220;scroll&#8220; force_content_width=&#8220;yes&#8220; rt_bg_color=&#8220;&#8220; rt_bg_overlay_color=&#8220;&#8220; rt_padding_left=&#8220;15%&#8220; rt_padding_right=&#8220;15%&#8220; rt_padding_top=&#8220;50px&#8220; rt_padding_bottom=&#8220;50px&#8220;]<div class=\"rt_heading_wrapper no-style\">\n\t\t\t\t\t\t<h4 class=\"rt_heading  no-style\" >Und noch vieles mehr&#8230;<\/h4> \n\t\t\t\t\t<\/div>[vc_separator style=&#8220;style-2&#8243;][vc_column_text]Besuchen Sie das Gedenkzentrum Nikola Tesla (etwa 1 Stunde mit dem Auto in Richtung Zagreb): <a href=\"http:\/\/www.mcnikolatesla.hr\/\">http:\/\/www.mcnikolatesla.hr\/<\/a><\/p>\n<p>Besuchen Sie die Linden tree Ranch und reiten Sie mit einem Pferd durch den wundersch\u00f6nen Nationalpark Nord-Velebit:\u00a0 <a href=\"https:\/\/www.lindenretreat.com\/\">https:\/\/www.lindenretreat.com\/<\/a><\/p>\n<p>Wagen Sie einen Bungee-Sprung von der Maslenica-Br\u00fccke: \u201eIzazov tours\u201c <a href=\"http:\/\/www.izazov-tours.hr\/index.php?lang=en\">http:\/\/www.izazov-tours.hr\/index.php?lang=en<\/a><\/p>\n<p style=\"font-weight: 400;\">Bootsausfl\u00fcge zu den herrlichen wilden Str\u00e4nden der Insel Pag: <a href=\"http:\/\/www.madi-tours.hr\/\" data-saferedirecturl=\"https:\/\/www.google.com\/url?q=http:\/\/www.madi-tours.hr\/&amp;source=gmail&amp;ust=1562311539525000&amp;usg=AFQjCNE3vWRSg5sxZsZRIdaRhxoAYORBxw\">http:\/\/www.madi-tours.hr\/<\/a><\/p>\n<p style=\"font-weight: 400;\">Fallschirmspr\u00fcnge und andere Adrenalinaktivit\u00e4ten in der N\u00e4he von Zadar:\u00a0 <a href=\"https:\/\/adventure-driven-vacations.com\/\" data-saferedirecturl=\"https:\/\/www.google.com\/url?q=https:\/\/adventure-driven-vacations.com\/&amp;source=gmail&amp;ust=1562311539525000&amp;usg=AFQjCNEoZxGF52cYwPEns_WfzTd8z9_7Tg\">https:\/\/adventure-driven-vacations.com\/<\/a><\/p>\n<p style=\"font-weight: 400;\">Besuchen Sie den Adrenalinpark Rizvan City: <a href=\"https:\/\/adria-velebitica.hr\/hr\/\" data-saferedirecturl=\"https:\/\/www.google.com\/url?q=https:\/\/adria-velebitica.hr\/hr\/&amp;source=gmail&amp;ust=1562311539525000&amp;usg=AFQjCNF-wKJTIroKUJMOMo9dp-aXTEkHqQ\">https:\/\/adria-velebitica.hr\/hr\/<\/a><\/p>\n<p>[\/vc_column_text][\/vc_column][\/vc_row]<\/p>\n","protected":false},"excerpt":{"rendered":"<p>[vc_row rt_row_background_width=&#8220;fullwidth&#8220; rt_row_content_width=&#8220;fullwidth&#8220; rt_row_style=&#8220;default-style&#8220; rt_row_height=&#8220;min_height&#8220; rt_holder_placement=&#8220;bottom&#8220; rt_row_borders=&#8220;&#8220; rt_row_shadows=&#8220;&#8220; rt_column_gaps=&#8220;&#8220; rt_row_paddings=&#8220;false&#8220; rt_bg_effect=&#8220;parallax&#8220; rt_bg_parallax_effect=&#8220;3&#8243; rt_transparent_bg=&#8220;&#8220; rt_bg_image_repeat=&#8220;repeat-x&#8220; rt_bg_size=&#8220;cover&#8220; rt_bg_position=&#8220;left top&#8220; rt_bg_video_format=&#8220;self-hosted&#8220; rt_bg_image=&#8220;3415&#8243; rt_min_row_height=&#8220;700&#8243;][vc_column width=&#8220;1\/2&#8243; rt_col_paddings=&#8220;true&#8220; rt_wrp_col_paddings=&#8220;false&#8220; rt_column_shadow=&#8220;&#8220; rt_border_top=&#8220;&#8220; rt_border_bottom=&#8220;&#8220; rt_border_left=&#8220;&#8220; rt_border_right=&#8220;&#8220; rt_border_top_mobile=&#8220;&#8220; rt_border_bottom_mobile=&#8220;&#8220; rt_border_left_mobile=&#8220;&#8220; rt_border_right_mobile=&#8220;&#8220; rt_bg_image_repeat=&#8220;repeat&#8220; rt_bg_size=&#8220;auto auto&#8220; rt_bg_position=&#8220;right top&#8220; rt_bg_attachment=&#8220;scroll&#8220; rt_padding_top=&#8220;40&#8243; rt_padding_bottom=&#8220;40&#8243; rt_padding_left=&#8220;40&#8243; rt_padding_right=&#8220;40&#8243; rt_margin_top=&#8220;-50&#8243; rt_bg_color=&#8220;&#8220; rt_bg_overlay_color=&#8220;&#8220;][\/vc_column][vc_column width=&#8220;1\/2&#8243; rt_color_set=&#8220;alt-style-1&#8243; rt_col_paddings=&#8220;true&#8220; rt_wrp_col_paddings=&#8220;false&#8220; rt_column_shadow=&#8220;&#8220; rt_border_top=&#8220;&#8220; rt_border_bottom=&#8220;&#8220; rt_border_left=&#8220;&#8220; rt_border_right=&#8220;&#8220; rt_border_top_mobile=&#8220;&#8220; &#8230; <a class=\"more-link\" href=\"https:\/\/www.lukovo-villas.com\/de\/aktivitaeten\/\">Continue reading<\/a><\/p>\n","protected":false},"author":1,"featured_media":0,"parent":0,"menu_order":0,"comment_status":"closed","ping_status":"closed","template":"","meta":{"footnotes":""},"class_list":["post-599442","page","type-page","status-publish","hentry"],"_links":{"self":[{"href":"https:\/\/www.lukovo-villas.com\/de\/wp-json\/wp\/v2\/pages\/599442","targetHints":{"allow":["GET"]}}],"collection":[{"href":"https:\/\/www.lukovo-villas.com\/de\/wp-json\/wp\/v2\/pages"}],"about":[{"href":"https:\/\/www.lukovo-villas.com\/de\/wp-json\/wp\/v2\/types\/page"}],"author":[{"embeddable":true,"href":"https:\/\/www.lukovo-villas.com\/de\/wp-json\/wp\/v2\/users\/1"}],"replies":[{"embeddable":true,"href":"https:\/\/www.lukovo-villas.com\/de\/wp-json\/wp\/v2\/comments?post=599442"}],"version-history":[{"count":3,"href":"https:\/\/www.lukovo-villas.com\/de\/wp-json\/wp\/v2\/pages\/599442\/revisions"}],"predecessor-version":[{"id":600709,"href":"https:\/\/www.lukovo-villas.com\/de\/wp-json\/wp\/v2\/pages\/599442\/revisions\/600709"}],"wp:attachment":[{"href":"https:\/\/www.lukovo-villas.com\/de\/wp-json\/wp\/v2\/media?parent=599442"}],"curies":[{"name":"wp","href":"https:\/\/api.w.org\/{rel}","templated":true}]}}