{"id":599340,"date":"2020-07-08T13:08:41","date_gmt":"2020-07-08T11:08:41","guid":{"rendered":"https:\/\/www.lukovo-villas.com\/o-nama\/"},"modified":"2020-07-13T18:29:17","modified_gmt":"2020-07-13T16:29:17","slug":"a-propos","status":"publish","type":"page","link":"https:\/\/www.lukovo-villas.com\/fr\/a-propos\/","title":{"rendered":"\u00c0 propos"},"content":{"rendered":"<p>[vc_row rt_row_background_width=\u00a0\u00bbfullwidth\u00a0\u00bb rt_row_content_width=\u00a0\u00bbdefault\u00a0\u00bb rt_row_style=\u00a0\u00bblight-style\u00a0\u00bb rt_row_height=\u00a0\u00bb\u00a0\u00bb rt_column_placement=\u00a0\u00bbmiddle\u00a0\u00bb rt_row_borders=\u00a0\u00bb\u00a0\u00bb rt_row_shadows=\u00a0\u00bb\u00a0\u00bb rt_column_gaps=\u00a0\u00bb\u00a0\u00bb rt_row_paddings=\u00a0\u00bbtrue\u00a0\u00bb rt_bg_effect=\u00a0\u00bbclassic\u00a0\u00bb rt_transparent_bg=\u00a0\u00bb\u00a0\u00bb rt_bg_image_repeat=\u00a0\u00bbno-repeat\u00a0\u00bb rt_bg_size=\u00a0\u00bbcover\u00a0\u00bb rt_bg_position=\u00a0\u00bbcenter center\u00a0\u00bb rt_bg_attachment=\u00a0\u00bbscroll\u00a0\u00bb rt_bg_video_format=\u00a0\u00bbyoutube\u00a0\u00bb rt_padding_top=\u00a0\u00bb160&Prime; rt_bg_image=\u00a0\u00bb609988&Prime; rt_bg_overlay_color=\u00a0\u00bbrgba(0,0,0,0.07)\u00a0\u00bb rt_padding_bottom=\u00a0\u00bb160&Prime;][vc_column rt_col_paddings=\u00a0\u00bbtrue\u00a0\u00bb rt_wrp_col_paddings=\u00a0\u00bbfalse\u00a0\u00bb rt_column_shadow=\u00a0\u00bb\u00a0\u00bb rt_border_top=\u00a0\u00bb\u00a0\u00bb rt_border_bottom=\u00a0\u00bb\u00a0\u00bb rt_border_left=\u00a0\u00bb\u00a0\u00bb rt_border_right=\u00a0\u00bb\u00a0\u00bb rt_border_top_mobile=\u00a0\u00bb\u00a0\u00bb rt_border_bottom_mobile=\u00a0\u00bb\u00a0\u00bb rt_border_left_mobile=\u00a0\u00bb\u00a0\u00bb rt_border_right_mobile=\u00a0\u00bb\u00a0\u00bb rt_bg_image_repeat=\u00a0\u00bbrepeat\u00a0\u00bb rt_bg_size=\u00a0\u00bbauto auto\u00a0\u00bb rt_bg_position=\u00a0\u00bbright top\u00a0\u00bb rt_bg_attachment=\u00a0\u00bbscroll\u00a0\u00bb]<div class=\"rt_heading_wrapper style-4\">\n\t\t\t\t\t\t<h1 class=\"rt_heading  style-4\"  style=\"font-size:48px;\">\u00c0 PROPOS<\/h1> \n\t\t\t\t\t<\/div>[\/vc_column][\/vc_row][vc_row rt_row_background_width=\u00a0\u00bbdefault\u00a0\u00bb rt_row_style=\u00a0\u00bbdefault-style\u00a0\u00bb rt_row_height=\u00a0\u00bb\u00a0\u00bb rt_row_borders=\u00a0\u00bb\u00a0\u00bb rt_row_shadows=\u00a0\u00bb\u00a0\u00bb rt_column_view=\u00a0\u00bbequal_heights\u00a0\u00bb rt_column_gaps=\u00a0\u00bb\u00a0\u00bb rt_row_paddings=\u00a0\u00bbtrue\u00a0\u00bb rt_bg_effect=\u00a0\u00bbclassic\u00a0\u00bb rt_transparent_bg=\u00a0\u00bb\u00a0\u00bb rt_bg_image_repeat=\u00a0\u00bbrepeat\u00a0\u00bb rt_bg_size=\u00a0\u00bbcover\u00a0\u00bb rt_bg_position=\u00a0\u00bbright top\u00a0\u00bb rt_bg_attachment=\u00a0\u00bbscroll\u00a0\u00bb rt_bg_video_format=\u00a0\u00bbself-hosted\u00a0\u00bb rt_padding_top=\u00a0\u00bb0&Prime; rt_padding_bottom=\u00a0\u00bb0&Prime; rt_padding_left=\u00a0\u00bb0&Prime; rt_padding_right=\u00a0\u00bb0&Prime;][vc_column width=\u00a0\u00bb1\/4&Prime; rt_col_paddings=\u00a0\u00bbfalse\u00a0\u00bb rt_wrp_col_paddings=\u00a0\u00bbfalse\u00a0\u00bb rt_column_shadow=\u00a0\u00bb\u00a0\u00bb rt_border_top=\u00a0\u00bb\u00a0\u00bb rt_border_bottom=\u00a0\u00bb\u00a0\u00bb rt_border_left=\u00a0\u00bb\u00a0\u00bb rt_border_right=\u00a0\u00bb\u00a0\u00bb rt_border_top_mobile=\u00a0\u00bb\u00a0\u00bb rt_border_bottom_mobile=\u00a0\u00bb\u00a0\u00bb rt_border_left_mobile=\u00a0\u00bb\u00a0\u00bb rt_border_right_mobile=\u00a0\u00bb\u00a0\u00bb rt_bg_image_repeat=\u00a0\u00bbrepeat\u00a0\u00bb rt_bg_size=\u00a0\u00bbauto auto\u00a0\u00bb rt_bg_position=\u00a0\u00bbright top\u00a0\u00bb rt_bg_attachment=\u00a0\u00bbscroll\u00a0\u00bb rt_bg_color=\u00a0\u00bb\u00a0\u00bb rt_bg_overlay_color=\u00a0\u00bb\u00a0\u00bb][vc_empty_space][vc_single_image image=\u00a0\u00bb3280&Prime; img_size=\u00a0\u00bb700&#215;700&Prime; css_animation=\u00a0\u00bbfadeInLeft\u00a0\u00bb][\/vc_column][vc_column width=\u00a0\u00bb3\/4&Prime; rt_col_paddings=\u00a0\u00bbtrue\u00a0\u00bb rt_wrp_col_paddings=\u00a0\u00bbfalse\u00a0\u00bb rt_column_shadow=\u00a0\u00bb\u00a0\u00bb rt_border_top=\u00a0\u00bb\u00a0\u00bb rt_border_bottom=\u00a0\u00bb\u00a0\u00bb rt_border_left=\u00a0\u00bb\u00a0\u00bb rt_border_right=\u00a0\u00bb\u00a0\u00bb rt_border_top_mobile=\u00a0\u00bb\u00a0\u00bb rt_border_bottom_mobile=\u00a0\u00bb\u00a0\u00bb rt_border_left_mobile=\u00a0\u00bb\u00a0\u00bb rt_border_right_mobile=\u00a0\u00bb\u00a0\u00bb rt_bg_image_repeat=\u00a0\u00bbrepeat\u00a0\u00bb rt_bg_size=\u00a0\u00bbauto auto\u00a0\u00bb rt_bg_position=\u00a0\u00bbright top\u00a0\u00bb rt_bg_attachment=\u00a0\u00bbscroll\u00a0\u00bb][vc_empty_space]<div class=\"rt_heading_wrapper no-style\">\n\t\t\t\t\t\t<h3 class=\"rt_heading  no-style\"  style=\"margin-bottom:20px;\">Nostre histoire<\/h3> \n\t\t\t\t\t<\/div>[vc_column_text]LUKOVO VILLAS est un projet familial qui est le fruit d\u2019un amour authentique pour cette partie de notre beau pays et des bons moments que nous y avons pass\u00e9s durant notre vie, et qui nous lient \u00e0 cette terre.<\/p>\n<p>Cette aventure a d\u00e9but\u00e9 avec la petite maison de vacances construite par notre grand-m\u00e8re et notre grand-p\u00e8re il y a plus d\u2019un si\u00e8cle, sur cette partie accident\u00e9e et difficilement inaccessible de la c\u00f4te. Il n\u2019y avait pas d\u2019\u00e9lectricit\u00e9, d\u2019eau courante, de magasins ou d\u2019autres \u00e9quipements de loisirs. Cependant, nous passions nos \u00e9t\u00e9 \u00e0 escalader les roches, \u00e0 nous baigner dans une mer azure et cristalline, ou \u00e0 observer le ciel plein d\u2019\u00e9toiles et \u00e0 r\u00eaver.<\/p>\n<p>Il y a quatre ans, nous avons d\u00e9cid\u00e9 de construire une nouvelle maison \u00e0 l\u2019endroit de l\u2019ancienne b\u00e2tisse afin de r\u00e9pondre aux besoins de notre famille toujours plus nombreuse. Notre projet a \u00e9t\u00e9 prim\u00e9, notre maison devenant rapidement une curiosit\u00e9 dans cette partie de la c\u00f4te.<br \/>\nCette maison magnifique nous a permis de passer encore plus de temps dans notre petit recoin de paradis.<\/p>\n<p>L\u2019opportunit\u00e9 s\u2019est ensuite pr\u00e9sent\u00e9e d\u2019acheter un terrain parfait \u00e0 seulement quelques kilom\u00e8tres et nous avons donc d\u00e9cid\u00e9 d\u2019investir dans ce nouveau projet d\u2019affaire. Notre plan consistait \u00e0 construire trois villas de luxe qui se voulaient \u00e0 la fois modernes, fonctionnelles et belles, \u00e0 l\u2019image de notre maison, et qui constitueraient un refuge id\u00e9al pour tous ceux qui, comme nous, souhaitaient profiter de la nature tout en b\u00e9n\u00e9ficiant du confort qu\u2019ils peuvent avoir dans leur propre maison et bien plus encore.<\/p>\n<p>Bien que nous vivons \u00e0 Zagreb, qui se situe \u00e0 seulement 2,5 heures de route, nous passons tous nos \u00e9t\u00e9s dans la r\u00e9gion et nous y rendons des que nous avons du temps libre au printemps et en automne.<\/p>\n<p>Nous sommes convaincus que vous tomberez sous le charme de ce recoin sauvage et paisible de l\u2019Adriatique, encore aujourd\u2019hui prot\u00e9g\u00e9 du tourisme de masse, mais \u00e0 proximit\u00e9 directe des curiosit\u00e9s les plus populaires et proposant une riche offre d\u2019aventures et de vacances actives.[\/vc_column_text][\/vc_column][\/vc_row]<\/p>\n","protected":false},"excerpt":{"rendered":"<p>[vc_row rt_row_background_width=\u00a0\u00bbfullwidth\u00a0\u00bb rt_row_content_width=\u00a0\u00bbdefault\u00a0\u00bb rt_row_style=\u00a0\u00bblight-style\u00a0\u00bb rt_row_height=\u00a0\u00bb\u00a0\u00bb rt_column_placement=\u00a0\u00bbmiddle\u00a0\u00bb rt_row_borders=\u00a0\u00bb\u00a0\u00bb rt_row_shadows=\u00a0\u00bb\u00a0\u00bb rt_column_gaps=\u00a0\u00bb\u00a0\u00bb rt_row_paddings=\u00a0\u00bbtrue\u00a0\u00bb rt_bg_effect=\u00a0\u00bbclassic\u00a0\u00bb rt_transparent_bg=\u00a0\u00bb\u00a0\u00bb rt_bg_image_repeat=\u00a0\u00bbno-repeat\u00a0\u00bb rt_bg_size=\u00a0\u00bbcover\u00a0\u00bb rt_bg_position=\u00a0\u00bbcenter center\u00a0\u00bb rt_bg_attachment=\u00a0\u00bbscroll\u00a0\u00bb rt_bg_video_format=\u00a0\u00bbyoutube\u00a0\u00bb rt_padding_top=\u00a0\u00bb160&Prime; rt_bg_image=\u00a0\u00bb609988&Prime; rt_bg_overlay_color=\u00a0\u00bbrgba(0,0,0,0.07)\u00a0\u00bb rt_padding_bottom=\u00a0\u00bb160&Prime;][vc_column rt_col_paddings=\u00a0\u00bbtrue\u00a0\u00bb rt_wrp_col_paddings=\u00a0\u00bbfalse\u00a0\u00bb rt_column_shadow=\u00a0\u00bb\u00a0\u00bb rt_border_top=\u00a0\u00bb\u00a0\u00bb rt_border_bottom=\u00a0\u00bb\u00a0\u00bb rt_border_left=\u00a0\u00bb\u00a0\u00bb rt_border_right=\u00a0\u00bb\u00a0\u00bb rt_border_top_mobile=\u00a0\u00bb\u00a0\u00bb rt_border_bottom_mobile=\u00a0\u00bb\u00a0\u00bb rt_border_left_mobile=\u00a0\u00bb\u00a0\u00bb rt_border_right_mobile=\u00a0\u00bb\u00a0\u00bb rt_bg_image_repeat=\u00a0\u00bbrepeat\u00a0\u00bb rt_bg_size=\u00a0\u00bbauto auto\u00a0\u00bb rt_bg_position=\u00a0\u00bbright top\u00a0\u00bb rt_bg_attachment=\u00a0\u00bbscroll\u00a0\u00bb][\/vc_column][\/vc_row][vc_row rt_row_background_width=\u00a0\u00bbdefault\u00a0\u00bb rt_row_style=\u00a0\u00bbdefault-style\u00a0\u00bb rt_row_height=\u00a0\u00bb\u00a0\u00bb rt_row_borders=\u00a0\u00bb\u00a0\u00bb rt_row_shadows=\u00a0\u00bb\u00a0\u00bb rt_column_view=\u00a0\u00bbequal_heights\u00a0\u00bb rt_column_gaps=\u00a0\u00bb\u00a0\u00bb rt_row_paddings=\u00a0\u00bbtrue\u00a0\u00bb rt_bg_effect=\u00a0\u00bbclassic\u00a0\u00bb rt_transparent_bg=\u00a0\u00bb\u00a0\u00bb rt_bg_image_repeat=\u00a0\u00bbrepeat\u00a0\u00bb rt_bg_size=\u00a0\u00bbcover\u00a0\u00bb rt_bg_position=\u00a0\u00bbright top\u00a0\u00bb rt_bg_attachment=\u00a0\u00bbscroll\u00a0\u00bb rt_bg_video_format=\u00a0\u00bbself-hosted\u00a0\u00bb &#8230; <a class=\"more-link\" href=\"https:\/\/www.lukovo-villas.com\/fr\/a-propos\/\">Continue reading<\/a><\/p>\n","protected":false},"author":1,"featured_media":0,"parent":0,"menu_order":0,"comment_status":"closed","ping_status":"closed","template":"","meta":{"footnotes":""},"class_list":["post-599340","page","type-page","status-publish","hentry"],"_links":{"self":[{"href":"https:\/\/www.lukovo-villas.com\/fr\/wp-json\/wp\/v2\/pages\/599340","targetHints":{"allow":["GET"]}}],"collection":[{"href":"https:\/\/www.lukovo-villas.com\/fr\/wp-json\/wp\/v2\/pages"}],"about":[{"href":"https:\/\/www.lukovo-villas.com\/fr\/wp-json\/wp\/v2\/types\/page"}],"author":[{"embeddable":true,"href":"https:\/\/www.lukovo-villas.com\/fr\/wp-json\/wp\/v2\/users\/1"}],"replies":[{"embeddable":true,"href":"https:\/\/www.lukovo-villas.com\/fr\/wp-json\/wp\/v2\/comments?post=599340"}],"version-history":[{"count":6,"href":"https:\/\/www.lukovo-villas.com\/fr\/wp-json\/wp\/v2\/pages\/599340\/revisions"}],"predecessor-version":[{"id":609993,"href":"https:\/\/www.lukovo-villas.com\/fr\/wp-json\/wp\/v2\/pages\/599340\/revisions\/609993"}],"wp:attachment":[{"href":"https:\/\/www.lukovo-villas.com\/fr\/wp-json\/wp\/v2\/media?parent=599340"}],"curies":[{"name":"wp","href":"https:\/\/api.w.org\/{rel}","templated":true}]}}