{"id":599367,"date":"2019-06-28T07:01:24","date_gmt":"2019-06-28T07:01:24","guid":{"rendered":"https:\/\/www.lukovo-villas.com\/our-services\/"},"modified":"2020-07-13T18:36:53","modified_gmt":"2020-07-13T16:36:53","slug":"nos-services","status":"publish","type":"page","link":"https:\/\/www.lukovo-villas.com\/fr\/nos-services\/","title":{"rendered":"Nos services"},"content":{"rendered":"<p>[vc_row rt_row_background_width=\u00a0\u00bbfullwidth\u00a0\u00bb rt_row_content_width=\u00a0\u00bbdefault\u00a0\u00bb rt_row_style=\u00a0\u00bbdefault-style\u00a0\u00bb rt_row_height=\u00a0\u00bbmin_height\u00a0\u00bb rt_holder_placement=\u00a0\u00bbmiddle\u00a0\u00bb rt_column_placement=\u00a0\u00bbmiddle\u00a0\u00bb rt_row_borders=\u00a0\u00bb\u00a0\u00bb rt_row_shadows=\u00a0\u00bb\u00a0\u00bb rt_column_gaps=\u00a0\u00bb\u00a0\u00bb rt_row_paddings=\u00a0\u00bbtrue\u00a0\u00bb rt_bg_effect=\u00a0\u00bbshape\u00a0\u00bb rt_bg_shape=\u00a0\u00bbcross-left\u00a0\u00bb rt_bg_custom_alignment=\u00a0\u00bbbottom\u00a0\u00bb rt_transparent_bg=\u00a0\u00bb\u00a0\u00bb rt_bg_image_repeat=\u00a0\u00bbno-repeat\u00a0\u00bb rt_bg_size=\u00a0\u00bbcover\u00a0\u00bb rt_bg_position=\u00a0\u00bbcenter center\u00a0\u00bb rt_bg_video_format=\u00a0\u00bbself-hosted\u00a0\u00bb rt_bg_image=\u00a0\u00bb609998&Prime; rt_min_row_height=\u00a0\u00bb600&Prime; rt_bg_color=\u00a0\u00bb#ffffff\u00a0\u00bb rt_bg_shape_color=\u00a0\u00bb#ffffff\u00a0\u00bb rt_padding_top=\u00a0\u00bb500px\u00a0\u00bb][vc_column width=\u00a0\u00bb1\/6&Prime; rt_col_paddings=\u00a0\u00bbtrue\u00a0\u00bb rt_wrp_col_paddings=\u00a0\u00bbfalse\u00a0\u00bb rt_column_shadow=\u00a0\u00bb\u00a0\u00bb rt_border_top=\u00a0\u00bb\u00a0\u00bb rt_border_bottom=\u00a0\u00bb\u00a0\u00bb rt_border_left=\u00a0\u00bb\u00a0\u00bb rt_border_right=\u00a0\u00bb\u00a0\u00bb rt_border_top_mobile=\u00a0\u00bb\u00a0\u00bb rt_border_bottom_mobile=\u00a0\u00bb\u00a0\u00bb rt_border_left_mobile=\u00a0\u00bb\u00a0\u00bb rt_border_right_mobile=\u00a0\u00bb\u00a0\u00bb rt_bg_image_repeat=\u00a0\u00bbrepeat\u00a0\u00bb rt_bg_size=\u00a0\u00bbauto auto\u00a0\u00bb rt_bg_position=\u00a0\u00bbright top\u00a0\u00bb rt_bg_attachment=\u00a0\u00bbscroll\u00a0\u00bb rt_bg_color=\u00a0\u00bb#ffffff\u00a0\u00bb rt_bg_overlay_color=\u00a0\u00bb\u00a0\u00bb rt_padding_top=\u00a0\u00bb20px\u00a0\u00bb][\/vc_column][vc_column width=\u00a0\u00bb2\/3&Prime; rt_col_paddings=\u00a0\u00bbtrue\u00a0\u00bb rt_wrp_col_paddings=\u00a0\u00bbfalse\u00a0\u00bb rt_column_shadow=\u00a0\u00bb\u00a0\u00bb rt_border_top=\u00a0\u00bb\u00a0\u00bb rt_border_bottom=\u00a0\u00bb\u00a0\u00bb rt_border_left=\u00a0\u00bb\u00a0\u00bb rt_border_right=\u00a0\u00bb\u00a0\u00bb rt_border_top_mobile=\u00a0\u00bb\u00a0\u00bb rt_border_bottom_mobile=\u00a0\u00bb\u00a0\u00bb rt_border_left_mobile=\u00a0\u00bb\u00a0\u00bb rt_border_right_mobile=\u00a0\u00bb\u00a0\u00bb rt_bg_image_repeat=\u00a0\u00bbrepeat\u00a0\u00bb rt_bg_size=\u00a0\u00bbauto auto\u00a0\u00bb rt_bg_position=\u00a0\u00bbright top\u00a0\u00bb rt_bg_attachment=\u00a0\u00bbscroll\u00a0\u00bb rt_bg_color=\u00a0\u00bb#ffffff\u00a0\u00bb rt_bg_overlay_color=\u00a0\u00bb\u00a0\u00bb]<div class=\"rt_heading_wrapper no-style\">\n\t\t\t\t\t\t<h1 class=\"rt_heading  no-style\" >Nos services<\/h1> \n\t\t\t\t\t<\/div>[\/vc_column][vc_column width=\u00a0\u00bb1\/6&Prime; rt_col_paddings=\u00a0\u00bbtrue\u00a0\u00bb rt_wrp_col_paddings=\u00a0\u00bbfalse\u00a0\u00bb rt_column_shadow=\u00a0\u00bb\u00a0\u00bb rt_border_top=\u00a0\u00bb\u00a0\u00bb rt_border_bottom=\u00a0\u00bb\u00a0\u00bb rt_border_left=\u00a0\u00bb\u00a0\u00bb rt_border_right=\u00a0\u00bb\u00a0\u00bb rt_border_top_mobile=\u00a0\u00bb\u00a0\u00bb rt_border_bottom_mobile=\u00a0\u00bb\u00a0\u00bb rt_border_left_mobile=\u00a0\u00bb\u00a0\u00bb rt_border_right_mobile=\u00a0\u00bb\u00a0\u00bb rt_bg_image_repeat=\u00a0\u00bbrepeat\u00a0\u00bb rt_bg_size=\u00a0\u00bbauto auto\u00a0\u00bb rt_bg_position=\u00a0\u00bbright top\u00a0\u00bb rt_bg_attachment=\u00a0\u00bbscroll\u00a0\u00bb rt_bg_color=\u00a0\u00bb#ffffff\u00a0\u00bb rt_bg_overlay_color=\u00a0\u00bb\u00a0\u00bb][\/vc_column][\/vc_row][vc_row rt_row_background_width=\u00a0\u00bbfullwidth\u00a0\u00bb rt_row_content_width=\u00a0\u00bbdefault\u00a0\u00bb rt_row_style=\u00a0\u00bbdefault-style\u00a0\u00bb rt_row_height=\u00a0\u00bb\u00a0\u00bb rt_row_borders=\u00a0\u00bb\u00a0\u00bb rt_row_shadows=\u00a0\u00bb\u00a0\u00bb rt_column_gaps=\u00a0\u00bb\u00a0\u00bb rt_row_paddings=\u00a0\u00bbfalse\u00a0\u00bb rt_bg_effect=\u00a0\u00bbclassic\u00a0\u00bb rt_transparent_bg=\u00a0\u00bb\u00a0\u00bb rt_bg_image_repeat=\u00a0\u00bbrepeat\u00a0\u00bb rt_bg_size=\u00a0\u00bbcover\u00a0\u00bb rt_bg_position=\u00a0\u00bbright top\u00a0\u00bb rt_bg_attachment=\u00a0\u00bbscroll\u00a0\u00bb rt_bg_video_format=\u00a0\u00bbself-hosted\u00a0\u00bb][vc_column width=\u00a0\u00bb1\/6&Prime; rt_col_paddings=\u00a0\u00bbtrue\u00a0\u00bb rt_wrp_col_paddings=\u00a0\u00bbfalse\u00a0\u00bb rt_column_shadow=\u00a0\u00bb\u00a0\u00bb rt_border_top=\u00a0\u00bb\u00a0\u00bb rt_border_bottom=\u00a0\u00bb\u00a0\u00bb rt_border_left=\u00a0\u00bb\u00a0\u00bb rt_border_right=\u00a0\u00bb\u00a0\u00bb rt_border_top_mobile=\u00a0\u00bb\u00a0\u00bb rt_border_bottom_mobile=\u00a0\u00bb\u00a0\u00bb rt_border_left_mobile=\u00a0\u00bb\u00a0\u00bb rt_border_right_mobile=\u00a0\u00bb\u00a0\u00bb rt_bg_image_repeat=\u00a0\u00bbrepeat\u00a0\u00bb rt_bg_size=\u00a0\u00bbauto auto\u00a0\u00bb rt_bg_position=\u00a0\u00bbright top\u00a0\u00bb rt_bg_attachment=\u00a0\u00bbscroll\u00a0\u00bb][\/vc_column][vc_column width=\u00a0\u00bb2\/3&Prime; rt_col_paddings=\u00a0\u00bbtrue\u00a0\u00bb rt_wrp_col_paddings=\u00a0\u00bbfalse\u00a0\u00bb rt_column_shadow=\u00a0\u00bb\u00a0\u00bb rt_border_top=\u00a0\u00bb\u00a0\u00bb rt_border_bottom=\u00a0\u00bb\u00a0\u00bb rt_border_left=\u00a0\u00bb\u00a0\u00bb rt_border_right=\u00a0\u00bb\u00a0\u00bb rt_border_top_mobile=\u00a0\u00bb\u00a0\u00bb rt_border_bottom_mobile=\u00a0\u00bb\u00a0\u00bb rt_border_left_mobile=\u00a0\u00bb\u00a0\u00bb rt_border_right_mobile=\u00a0\u00bb\u00a0\u00bb rt_bg_image_repeat=\u00a0\u00bbrepeat\u00a0\u00bb rt_bg_size=\u00a0\u00bbauto auto\u00a0\u00bb rt_bg_position=\u00a0\u00bbright top\u00a0\u00bb rt_bg_attachment=\u00a0\u00bbscroll\u00a0\u00bb][vc_column_text]Nous proposons des h\u00e9bergements au sein de trois villas de luxe, situ\u00e9es.<\/p>\n<p>Nous proposons des h\u00e9bergements dans trois villas de luxe, situ\u00e9es sur un cap priv\u00e9, \u00e0 seulement quelques pas de la mer. Chaque villa est \u00e9quip\u00e9e de sa propre piscine d\u2019eau douce et propose une vue magnifique sur l\u2019Adriatique et l\u2019\u00eele de Pag. La baie prot\u00e9g\u00e9e situ\u00e9e dans la partie gauche du cap abrite une plage naturelle de galets dans laquelle vous pourrez attacher un petit bateau, une plage priv\u00e9e se cachant sur la c\u00f4te rocheuse, imm\u00e9diatement en contrebas de la villa.<\/p>\n<p>Les villas sont bien \u00e9quip\u00e9es et disposent de tout ce qui est n\u00e9cessaire pour cuisiner. En outre, nous nous tenons \u00e0 votre disposition avant votre arriv\u00e9e, afin de vous conseiller sur ce qu\u2019il convient d\u2019emporter, sur les endroits dans lesquels vous pourrez faire vos achats ou les lieux \u00e0 visiter.<br \/>\nNous nous situons imm\u00e9diatement en contrebas du vieux village de Lukovo \u0160ugarje, peupl\u00e9 par environ 60 habitants, les villes les plus proches \u00e9tant Karlobag (20 km) et Starigrad Paklenica (35 km), aucun magasin ne se trouvant \u00e0 proximit\u00e9. Nous vous conseillons donc de vous rendre \u00e0 Gospi\u0107 pour faire vos achats, si vous voyagez depuis Zagreb ou Zadar. Zadar constitue \u00e9galement une excellente destination pour des excursions d\u2019une journ\u00e9e \u00e9tant donn\u00e9 qu\u2019elle se situe seulement \u00e0 une heure de route.<\/p>\n<p>En ce qui concerne vos besoins quotidiens et acheter des articles comme le pain, des friandises ou des fruits et l\u00e9gumes frais, les paysans et boulangers du coin proposent des livraisons \u00e0 la villa. Vous pourrez aussi acheter des produits locaux comme de l\u2019eau-de-vie ou de l\u2019huile d\u2019olive. Si vous souhaitez faire un barbecue dans notre chemin\u00e9e, nous pouvons acheter pour vous la meilleure viande d\u2019agneau ou de la viande de beauf autochtone d\u2019Istrie le \u00ab\u00a0bo\u0161karin\u00a0\u00bb, qui broute en libert\u00e9 sur les versants du massif du Velebit, imm\u00e9diatement au-dessus de la route.<\/p>\n<p>Bien qu\u2019il n\u2019existe pas de march\u00e9 de poisson situ\u00e9 \u00e0 proximit\u00e9, vous pourrez faire sans \u00e9tant donn\u00e9 que cette partie de la c\u00f4te est connue pour ses moules cultiv\u00e9es \u00e0 proximit\u00e9 de Starigrad Paklenica, les crevettes de l\u2019adriatiques les meilleures et les plus exquises \u00e9tant captur\u00e9es dans le canal de l\u2019\u00eele de Pag.<\/p>\n<p>Nous ferons tout pour remplir tous vos souhaits en termes d\u2019ingr\u00e9dients de la mer propos\u00e9s par les p\u00eacheurs locaux.<\/p>\n<p>Attendez-vous \u00e0 vous r\u00e9veiller et vous \u00e9tendre en profitant d\u2019une vue magnifique sur la mer et l\u2019\u00eele de Pag, aux parfums de la v\u00e9g\u00e9tation m\u00e9diterran\u00e9enne sauvage poussant \u00e0 proximit\u00e9 de notre propri\u00e9t\u00e9, mais aussi de la lavande, du romarin et l\u2019immortelle cultiv\u00e9s dans nos jardins.<\/p>\n<p>Si vous avez des enfants, nous pouvons vous garantir que vos valises seront vite faites \u00e9tant donn\u00e9 que notre but \u00e9tait de cr\u00e9er un lieu adapt\u00e9 aux enfants, \u00e9quip\u00e9 de tout ce dont les plus petits ont besoin\u00a0!<\/p>\n<p>Bien que nous aimions les animaux, nous ne pouvons pas pour le moment accueillir vos animaux de compagnie \u00e9tant donn\u00e9 que nos villas ne sont pas enti\u00e8rement cl\u00f4tur\u00e9es et qu\u2019elles ne constituent donc pas un environnement s\u00fbr pour eux et les autres. Informez-nous cependant si vous ne pouvez pas laisser votre animal de compagnie\u00a0: nous verrons ce que nous pouvons faire pour l\u2019accueillir, en fonction des autres clients et des circonstances \u00e0 la date de votre arriv\u00e9e.<\/p>\n<p>Les villas sont nettoy\u00e9es une fois par semaine, le linge de lit et les serviettes \u00e9tant en outre chang\u00e9s une fois par semaine ou sur demande.<\/p>\n<p>Les villas se situent \u00e0 seulement une trentaine de m\u00e8tres de la mer. Vous pourrez profiter de la mer azure et cristalline depuis deux magnifiques plages.<\/p>\n<p>Un \u00e9quipement et des services de luxe.<\/p>\n<p>Pour les amoureux de nature.<\/p>\n<p>Adapt\u00e9 aux enfants.[\/vc_column_text][\/vc_column][vc_column width=\u00a0\u00bb1\/6&Prime; rt_col_paddings=\u00a0\u00bbtrue\u00a0\u00bb rt_wrp_col_paddings=\u00a0\u00bbfalse\u00a0\u00bb rt_column_shadow=\u00a0\u00bb\u00a0\u00bb rt_border_top=\u00a0\u00bb\u00a0\u00bb rt_border_bottom=\u00a0\u00bb\u00a0\u00bb rt_border_left=\u00a0\u00bb\u00a0\u00bb rt_border_right=\u00a0\u00bb\u00a0\u00bb rt_border_top_mobile=\u00a0\u00bb\u00a0\u00bb rt_border_bottom_mobile=\u00a0\u00bb\u00a0\u00bb rt_border_left_mobile=\u00a0\u00bb\u00a0\u00bb rt_border_right_mobile=\u00a0\u00bb\u00a0\u00bb rt_bg_image_repeat=\u00a0\u00bbrepeat\u00a0\u00bb rt_bg_size=\u00a0\u00bbauto auto\u00a0\u00bb rt_bg_position=\u00a0\u00bbright top\u00a0\u00bb rt_bg_attachment=\u00a0\u00bbscroll\u00a0\u00bb][\/vc_column][\/vc_row]<\/p>\n","protected":false},"excerpt":{"rendered":"<p>[vc_row rt_row_background_width=\u00a0\u00bbfullwidth\u00a0\u00bb rt_row_content_width=\u00a0\u00bbdefault\u00a0\u00bb rt_row_style=\u00a0\u00bbdefault-style\u00a0\u00bb rt_row_height=\u00a0\u00bbmin_height\u00a0\u00bb rt_holder_placement=\u00a0\u00bbmiddle\u00a0\u00bb rt_column_placement=\u00a0\u00bbmiddle\u00a0\u00bb rt_row_borders=\u00a0\u00bb\u00a0\u00bb rt_row_shadows=\u00a0\u00bb\u00a0\u00bb rt_column_gaps=\u00a0\u00bb\u00a0\u00bb rt_row_paddings=\u00a0\u00bbtrue\u00a0\u00bb rt_bg_effect=\u00a0\u00bbshape\u00a0\u00bb rt_bg_shape=\u00a0\u00bbcross-left\u00a0\u00bb rt_bg_custom_alignment=\u00a0\u00bbbottom\u00a0\u00bb rt_transparent_bg=\u00a0\u00bb\u00a0\u00bb rt_bg_image_repeat=\u00a0\u00bbno-repeat\u00a0\u00bb rt_bg_size=\u00a0\u00bbcover\u00a0\u00bb rt_bg_position=\u00a0\u00bbcenter center\u00a0\u00bb rt_bg_video_format=\u00a0\u00bbself-hosted\u00a0\u00bb rt_bg_image=\u00a0\u00bb609998&Prime; rt_min_row_height=\u00a0\u00bb600&Prime; rt_bg_color=\u00a0\u00bb#ffffff\u00a0\u00bb rt_bg_shape_color=\u00a0\u00bb#ffffff\u00a0\u00bb rt_padding_top=\u00a0\u00bb500px\u00a0\u00bb][vc_column width=\u00a0\u00bb1\/6&Prime; rt_col_paddings=\u00a0\u00bbtrue\u00a0\u00bb rt_wrp_col_paddings=\u00a0\u00bbfalse\u00a0\u00bb rt_column_shadow=\u00a0\u00bb\u00a0\u00bb rt_border_top=\u00a0\u00bb\u00a0\u00bb rt_border_bottom=\u00a0\u00bb\u00a0\u00bb rt_border_left=\u00a0\u00bb\u00a0\u00bb rt_border_right=\u00a0\u00bb\u00a0\u00bb rt_border_top_mobile=\u00a0\u00bb\u00a0\u00bb rt_border_bottom_mobile=\u00a0\u00bb\u00a0\u00bb rt_border_left_mobile=\u00a0\u00bb\u00a0\u00bb rt_border_right_mobile=\u00a0\u00bb\u00a0\u00bb rt_bg_image_repeat=\u00a0\u00bbrepeat\u00a0\u00bb rt_bg_size=\u00a0\u00bbauto auto\u00a0\u00bb rt_bg_position=\u00a0\u00bbright top\u00a0\u00bb rt_bg_attachment=\u00a0\u00bbscroll\u00a0\u00bb rt_bg_color=\u00a0\u00bb#ffffff\u00a0\u00bb rt_bg_overlay_color=\u00a0\u00bb\u00a0\u00bb rt_padding_top=\u00a0\u00bb20px\u00a0\u00bb][\/vc_column][vc_column width=\u00a0\u00bb2\/3&Prime; rt_col_paddings=\u00a0\u00bbtrue\u00a0\u00bb rt_wrp_col_paddings=\u00a0\u00bbfalse\u00a0\u00bb rt_column_shadow=\u00a0\u00bb\u00a0\u00bb rt_border_top=\u00a0\u00bb\u00a0\u00bb rt_border_bottom=\u00a0\u00bb\u00a0\u00bb rt_border_left=\u00a0\u00bb\u00a0\u00bb rt_border_right=\u00a0\u00bb\u00a0\u00bb rt_border_top_mobile=\u00a0\u00bb\u00a0\u00bb &#8230; <a class=\"more-link\" href=\"https:\/\/www.lukovo-villas.com\/fr\/nos-services\/\">Continue reading<\/a><\/p>\n","protected":false},"author":1,"featured_media":0,"parent":0,"menu_order":0,"comment_status":"closed","ping_status":"closed","template":"","meta":{"footnotes":""},"class_list":["post-599367","page","type-page","status-publish","hentry"],"_links":{"self":[{"href":"https:\/\/www.lukovo-villas.com\/fr\/wp-json\/wp\/v2\/pages\/599367","targetHints":{"allow":["GET"]}}],"collection":[{"href":"https:\/\/www.lukovo-villas.com\/fr\/wp-json\/wp\/v2\/pages"}],"about":[{"href":"https:\/\/www.lukovo-villas.com\/fr\/wp-json\/wp\/v2\/types\/page"}],"author":[{"embeddable":true,"href":"https:\/\/www.lukovo-villas.com\/fr\/wp-json\/wp\/v2\/users\/1"}],"replies":[{"embeddable":true,"href":"https:\/\/www.lukovo-villas.com\/fr\/wp-json\/wp\/v2\/comments?post=599367"}],"version-history":[{"count":9,"href":"https:\/\/www.lukovo-villas.com\/fr\/wp-json\/wp\/v2\/pages\/599367\/revisions"}],"predecessor-version":[{"id":610009,"href":"https:\/\/www.lukovo-villas.com\/fr\/wp-json\/wp\/v2\/pages\/599367\/revisions\/610009"}],"wp:attachment":[{"href":"https:\/\/www.lukovo-villas.com\/fr\/wp-json\/wp\/v2\/media?parent=599367"}],"curies":[{"name":"wp","href":"https:\/\/api.w.org\/{rel}","templated":true}]}}