{"id":599441,"date":"2016-06-14T07:09:12","date_gmt":"2016-06-14T07:09:12","guid":{"rendered":"https:\/\/www.lukovo-villas.com\/activities\/"},"modified":"2020-07-11T08:42:09","modified_gmt":"2020-07-11T06:42:09","slug":"activites","status":"publish","type":"page","link":"https:\/\/www.lukovo-villas.com\/fr\/activites\/","title":{"rendered":"ACTIVIT\u00c9S"},"content":{"rendered":"<p>[vc_row rt_row_background_width=\u00a0\u00bbfullwidth\u00a0\u00bb rt_row_content_width=\u00a0\u00bbfullwidth\u00a0\u00bb rt_row_style=\u00a0\u00bbdefault-style\u00a0\u00bb rt_row_height=\u00a0\u00bbmin_height\u00a0\u00bb rt_holder_placement=\u00a0\u00bbbottom\u00a0\u00bb rt_row_borders=\u00a0\u00bb\u00a0\u00bb rt_row_shadows=\u00a0\u00bb\u00a0\u00bb rt_column_gaps=\u00a0\u00bb\u00a0\u00bb rt_row_paddings=\u00a0\u00bbfalse\u00a0\u00bb rt_bg_effect=\u00a0\u00bbparallax\u00a0\u00bb rt_bg_parallax_effect=\u00a0\u00bb3&Prime; rt_transparent_bg=\u00a0\u00bb\u00a0\u00bb rt_bg_image_repeat=\u00a0\u00bbrepeat-x\u00a0\u00bb rt_bg_size=\u00a0\u00bbcover\u00a0\u00bb rt_bg_position=\u00a0\u00bbleft top\u00a0\u00bb rt_bg_video_format=\u00a0\u00bbself-hosted\u00a0\u00bb rt_bg_image=\u00a0\u00bb3415&Prime; rt_min_row_height=\u00a0\u00bb700&Prime;][vc_column width=\u00a0\u00bb1\/2&Prime; rt_col_paddings=\u00a0\u00bbtrue\u00a0\u00bb rt_wrp_col_paddings=\u00a0\u00bbfalse\u00a0\u00bb rt_column_shadow=\u00a0\u00bb\u00a0\u00bb rt_border_top=\u00a0\u00bb\u00a0\u00bb rt_border_bottom=\u00a0\u00bb\u00a0\u00bb rt_border_left=\u00a0\u00bb\u00a0\u00bb rt_border_right=\u00a0\u00bb\u00a0\u00bb rt_border_top_mobile=\u00a0\u00bb\u00a0\u00bb rt_border_bottom_mobile=\u00a0\u00bb\u00a0\u00bb rt_border_left_mobile=\u00a0\u00bb\u00a0\u00bb rt_border_right_mobile=\u00a0\u00bb\u00a0\u00bb rt_bg_image_repeat=\u00a0\u00bbrepeat\u00a0\u00bb rt_bg_size=\u00a0\u00bbauto auto\u00a0\u00bb rt_bg_position=\u00a0\u00bbright top\u00a0\u00bb rt_bg_attachment=\u00a0\u00bbscroll\u00a0\u00bb rt_padding_top=\u00a0\u00bb40&Prime; rt_padding_bottom=\u00a0\u00bb40&Prime; rt_padding_left=\u00a0\u00bb40&Prime; rt_padding_right=\u00a0\u00bb40&Prime; rt_margin_top=\u00a0\u00bb-50&Prime; rt_bg_color=\u00a0\u00bb\u00a0\u00bb rt_bg_overlay_color=\u00a0\u00bb\u00a0\u00bb][\/vc_column][vc_column width=\u00a0\u00bb1\/2&Prime; rt_color_set=\u00a0\u00bbalt-style-1&Prime; rt_col_paddings=\u00a0\u00bbtrue\u00a0\u00bb rt_wrp_col_paddings=\u00a0\u00bbfalse\u00a0\u00bb rt_column_shadow=\u00a0\u00bb\u00a0\u00bb rt_border_top=\u00a0\u00bb\u00a0\u00bb rt_border_bottom=\u00a0\u00bb\u00a0\u00bb rt_border_left=\u00a0\u00bb\u00a0\u00bb rt_border_right=\u00a0\u00bb\u00a0\u00bb rt_border_top_mobile=\u00a0\u00bb\u00a0\u00bb rt_border_bottom_mobile=\u00a0\u00bb\u00a0\u00bb rt_border_left_mobile=\u00a0\u00bb\u00a0\u00bb rt_border_right_mobile=\u00a0\u00bb\u00a0\u00bb rt_bg_image_repeat=\u00a0\u00bbrepeat\u00a0\u00bb rt_bg_size=\u00a0\u00bbauto auto\u00a0\u00bb rt_bg_position=\u00a0\u00bbright top\u00a0\u00bb rt_bg_attachment=\u00a0\u00bbscroll\u00a0\u00bb rt_bg_color=\u00a0\u00bb\u00a0\u00bb rt_bg_overlay_color=\u00a0\u00bb\u00a0\u00bb rt_padding_top=\u00a0\u00bb100px\u00a0\u00bb rt_padding_bottom=\u00a0\u00bb100px\u00a0\u00bb rt_padding_left=\u00a0\u00bb15%\u00a0\u00bb rt_padding_right=\u00a0\u00bb50px\u00a0\u00bb]<div class=\"rt_heading_wrapper style-5\">\n\t\t\t\t\t\t<h1 class=\"rt_heading  style-5\" >ACTIVIT\u00c9S<\/h1> \n\t\t\t\t\t<\/div><div class=\"rt_heading_wrapper no-style\">\n\t\t\t\t\t\t<span class=\"rt_heading  secondary-font no-style\"  style=\"font-size:22px;\">Profitez de chaque seconde de vos vacances<\/span> \n\t\t\t\t\t<\/div>[\/vc_column][\/vc_row][vc_row rt_row_background_width=\u00a0\u00bbfullwidth\u00a0\u00bb rt_row_content_width=\u00a0\u00bbfullwidth\u00a0\u00bb rt_row_style=\u00a0\u00bbdefault-style\u00a0\u00bb rt_row_height=\u00a0\u00bb\u00a0\u00bb rt_column_placement=\u00a0\u00bbmiddle\u00a0\u00bb rt_row_borders=\u00a0\u00bb\u00a0\u00bb rt_row_shadows=\u00a0\u00bb\u00a0\u00bb rt_column_gaps=\u00a0\u00bb\u00a0\u00bb rt_row_paddings=\u00a0\u00bbtrue\u00a0\u00bb rt_bg_effect=\u00a0\u00bbclassic\u00a0\u00bb rt_transparent_bg=\u00a0\u00bb\u00a0\u00bb rt_bg_image_repeat=\u00a0\u00bbrepeat\u00a0\u00bb rt_bg_size=\u00a0\u00bbcover\u00a0\u00bb rt_bg_position=\u00a0\u00bbright top\u00a0\u00bb rt_bg_attachment=\u00a0\u00bbscroll\u00a0\u00bb rt_bg_video_format=\u00a0\u00bbself-hosted\u00a0\u00bb rt_padding_bottom=\u00a0\u00bb0&Prime; rt_padding_top=\u00a0\u00bb0&Prime;][vc_column width=\u00a0\u00bb1\/2&Prime; rt_col_paddings=\u00a0\u00bbtrue\u00a0\u00bb rt_wrp_col_paddings=\u00a0\u00bbfalse\u00a0\u00bb rt_column_shadow=\u00a0\u00bb\u00a0\u00bb rt_border_top=\u00a0\u00bb\u00a0\u00bb rt_border_bottom=\u00a0\u00bb\u00a0\u00bb rt_border_left=\u00a0\u00bb\u00a0\u00bb rt_border_right=\u00a0\u00bb\u00a0\u00bb rt_border_top_mobile=\u00a0\u00bb\u00a0\u00bb rt_border_bottom_mobile=\u00a0\u00bb\u00a0\u00bb rt_border_left_mobile=\u00a0\u00bb\u00a0\u00bb rt_border_right_mobile=\u00a0\u00bb\u00a0\u00bb rt_bg_image_repeat=\u00a0\u00bbrepeat\u00a0\u00bb rt_bg_size=\u00a0\u00bbauto auto\u00a0\u00bb rt_bg_position=\u00a0\u00bbright top\u00a0\u00bb rt_bg_attachment=\u00a0\u00bbscroll\u00a0\u00bb force_content_width=\u00a0\u00bbyes\u00a0\u00bb column_align=\u00a0\u00bbright\u00a0\u00bb rt_bg_color=\u00a0\u00bb\u00a0\u00bb rt_bg_overlay_color=\u00a0\u00bb\u00a0\u00bb rt_padding_left=\u00a0\u00bb15%\u00a0\u00bb rt_padding_right=\u00a0\u00bb15%\u00a0\u00bb rt_padding_top=\u00a0\u00bb50px\u00a0\u00bb rt_padding_bottom=\u00a0\u00bb50px\u00a0\u00bb]<div class=\"rt_heading_wrapper no-style\">\n\t\t\t\t\t\t<h4 class=\"rt_heading  no-style\" >Things to do, places to see<\/h4> \n\t\t\t\t\t<\/div>[vc_separator style=\u00a0\u00bbstyle-2&Prime;][vc_column_text]Randonn\u00e9e sur le massif du Velebit:<\/p>\n<ul>\n<li>La magnifique piste de randonn\u00e9e menant jusqu\u2019\u00e0 \u00ab\u00a0\u0160ugarska Duliba\u00a0\u00bb prend son d\u00e9part au-dessus de la villa<\/li>\n<li>Escalade libre ou randonn\u00e9e \u00e0 travers le parc national de \u00ab\u00a0Paklenica\u00a0\u00bb: <a href=\"http:\/\/www.np-paklenica.hr\/en\/\">http:\/\/www.np-paklenica.hr\/en\/<\/a><\/li>\n<li><span lang=\"EN-US\">Et de nombreuses autres fa\u00e7ons d\u2019explorer le Velebit:<\/span>\n<ul>\n<li>Parc naturel du Velebit \u00a0\u00a0 <a href=\"http:\/\/www.pp-velebit.hr\/en\/\">http:\/\/www.pp-velebit.hr\/en\/<\/a><\/li>\n<li>Parc national du Velebit Nord <a href=\"http:\/\/www.np-sjeverni-velebit.hr\/posjeti\/ponuda\/?lang=en\">http:\/\/www.np-sjeverni-velebit.hr\/posjeti\/ponuda\/?lang=en<\/a><\/li>\n<\/ul>\n<\/li>\n<\/ul>\n<p>Visitez Zadar, une ville \u00e0 la riche histoire et au plus beau coucher de soleil du monde: <a href=\"http:\/\/www.zadar.travel\/en\">\u00a0http:\/\/www.zadar.travel\/en<\/a><\/p>\n<p>Faites la f\u00eate sur la fameuse plage de Zr\u0107e:\u00a0 <a href=\"http:\/\/www.zrce.com\/\">http:\/\/www.zrce.com\/<\/a><\/p>\n<p>Visitez l\u2019\u00eele de Pag: <a href=\"https:\/\/www.tzgpag.hr\/en\/\">https:\/\/www.tzgpag.hr\/en\/<\/a><\/p>\n<p>Visitez l\u2019\u00eele de Rab: <a href=\"http:\/\/www.rab-visit.com\/\">http:\/\/www.rab-visit.com\/<\/a><\/p>\n<p>Excursion jusqu\u2019au parc national des Lacs de Plitvice (environ 1,5 heure de route en direction de Zagreb):\u00a0 \u00a0 \u00a0 \u00a0 \u00a0<a href=\"http:\/\/www.np-plitvicka-jezera.hr\/en\/\">http:\/\/www.np-plitvicka-jezera.hr\/en\/<\/a>[\/vc_column_text][\/vc_column][vc_column width=\u00a0\u00bb1\/2&Prime; rt_col_paddings=\u00a0\u00bbtrue\u00a0\u00bb rt_wrp_col_paddings=\u00a0\u00bbfalse\u00a0\u00bb rt_column_shadow=\u00a0\u00bb\u00a0\u00bb rt_border_top=\u00a0\u00bb\u00a0\u00bb rt_border_bottom=\u00a0\u00bb\u00a0\u00bb rt_border_left=\u00a0\u00bb\u00a0\u00bb rt_border_right=\u00a0\u00bb\u00a0\u00bb rt_border_top_mobile=\u00a0\u00bb\u00a0\u00bb rt_border_bottom_mobile=\u00a0\u00bb\u00a0\u00bb rt_border_left_mobile=\u00a0\u00bb\u00a0\u00bb rt_border_right_mobile=\u00a0\u00bb\u00a0\u00bb rt_bg_image_repeat=\u00a0\u00bbrepeat\u00a0\u00bb rt_bg_size=\u00a0\u00bbauto auto\u00a0\u00bb rt_bg_position=\u00a0\u00bbright top\u00a0\u00bb rt_bg_attachment=\u00a0\u00bbscroll\u00a0\u00bb rt_padding_top=\u00a0\u00bb0&Prime; rt_padding_bottom=\u00a0\u00bb0&Prime; rt_padding_left=\u00a0\u00bb0&Prime; rt_padding_right=\u00a0\u00bb0&Prime; rt_bg_color=\u00a0\u00bb\u00a0\u00bb rt_bg_overlay_color=\u00a0\u00bb\u00a0\u00bb]\r\n\t\t\t\t<div id=\"image-carousel-499968\" class=\"rt-carousel carousel-holder clearfix rt_lightbox_gallery\" data-item-width=\"1\" data-nav=\"true\" data-dots=\"false\" data-margin=\"0\" data-autoplay=\"true\" data-timeout=\"5000\" data-thumbnails=\"false\" data-boxed=\"false\" data-min-height=\"\" data-padding=\"0\" data-loop=\"false\" data-mobile-item-width=\"1\">\r\n\t\t\t\t\t<div class=\"owl-carousel\">\r\n\t\t\t\t\t\t<div><img decoding=\"async\" src=\"https:\/\/www.lukovo-villas.com\/wp-content\/uploads\/2019\/07\/PAG-Beritnica.jpg\" alt=\"\"><\/div><div><img decoding=\"async\" src=\"https:\/\/www.lukovo-villas.com\/wp-content\/uploads\/2019\/07\/jahanje3.jpg\" alt=\"\"><\/div>\r\n\t\t\t\t\t<\/div>\r\n\t\t\t\t\t\r\n\t\t\t\t\t\r\n\t\t\t\t<\/div>\r\n\t\t\t[\/vc_column][\/vc_row][vc_row rt_row_background_width=\u00a0\u00bbfullwidth\u00a0\u00bb rt_row_content_width=\u00a0\u00bbfullwidth\u00a0\u00bb rt_row_style=\u00a0\u00bbdefault-style\u00a0\u00bb rt_row_height=\u00a0\u00bb\u00a0\u00bb rt_column_placement=\u00a0\u00bbmiddle\u00a0\u00bb rt_row_borders=\u00a0\u00bb\u00a0\u00bb rt_row_shadows=\u00a0\u00bb\u00a0\u00bb rt_column_gaps=\u00a0\u00bb\u00a0\u00bb rt_row_paddings=\u00a0\u00bbfalse\u00a0\u00bb rt_bg_effect=\u00a0\u00bbclassic\u00a0\u00bb rt_transparent_bg=\u00a0\u00bb\u00a0\u00bb rt_bg_image_repeat=\u00a0\u00bbrepeat\u00a0\u00bb rt_bg_size=\u00a0\u00bbcover\u00a0\u00bb rt_bg_position=\u00a0\u00bbright top\u00a0\u00bb rt_bg_attachment=\u00a0\u00bbscroll\u00a0\u00bb rt_bg_video_format=\u00a0\u00bbself-hosted\u00a0\u00bb][vc_column width=\u00a0\u00bb1\/2&Prime; rt_col_paddings=\u00a0\u00bbtrue\u00a0\u00bb rt_wrp_col_paddings=\u00a0\u00bbfalse\u00a0\u00bb rt_column_shadow=\u00a0\u00bb\u00a0\u00bb rt_border_top=\u00a0\u00bb\u00a0\u00bb rt_border_bottom=\u00a0\u00bb\u00a0\u00bb rt_border_left=\u00a0\u00bb\u00a0\u00bb rt_border_right=\u00a0\u00bb\u00a0\u00bb rt_border_top_mobile=\u00a0\u00bb\u00a0\u00bb rt_border_bottom_mobile=\u00a0\u00bb\u00a0\u00bb rt_border_left_mobile=\u00a0\u00bb\u00a0\u00bb rt_border_right_mobile=\u00a0\u00bb\u00a0\u00bb rt_bg_image_repeat=\u00a0\u00bbrepeat\u00a0\u00bb rt_bg_size=\u00a0\u00bbauto auto\u00a0\u00bb rt_bg_position=\u00a0\u00bbright top\u00a0\u00bb rt_bg_attachment=\u00a0\u00bbscroll\u00a0\u00bb rt_padding_top=\u00a0\u00bb0&Prime; rt_padding_bottom=\u00a0\u00bb0&Prime; rt_padding_left=\u00a0\u00bb0&Prime; rt_padding_right=\u00a0\u00bb0&Prime; rt_bg_color=\u00a0\u00bb\u00a0\u00bb rt_bg_overlay_color=\u00a0\u00bb\u00a0\u00bb]\r\n\t\t\t\t<div id=\"image-carousel-612397\" class=\"rt-carousel carousel-holder clearfix rt_lightbox_gallery\" data-item-width=\"1\" data-nav=\"true\" data-dots=\"false\" data-margin=\"0\" data-autoplay=\"true\" data-timeout=\"5000\" data-thumbnails=\"false\" data-boxed=\"false\" data-min-height=\"\" data-padding=\"0\" data-loop=\"false\" data-mobile-item-width=\"1\">\r\n\t\t\t\t\t<div class=\"owl-carousel\">\r\n\t\t\t\t\t\t<div><img decoding=\"async\" src=\"https:\/\/www.lukovo-villas.com\/wp-content\/uploads\/2019\/07\/Skydiving-Zadar-ADV-2.jpg\" alt=\"\"><\/div><div><img decoding=\"async\" src=\"https:\/\/www.lukovo-villas.com\/wp-content\/uploads\/2019\/07\/Kkydiviving2.jpg\" alt=\"\"><\/div>\r\n\t\t\t\t\t<\/div>\r\n\t\t\t\t\t\r\n\t\t\t\t\t\r\n\t\t\t\t<\/div>\r\n\t\t\t[\/vc_column][vc_column width=\u00a0\u00bb1\/2&Prime; rt_col_paddings=\u00a0\u00bbtrue\u00a0\u00bb rt_wrp_col_paddings=\u00a0\u00bbfalse\u00a0\u00bb rt_column_shadow=\u00a0\u00bb\u00a0\u00bb rt_border_top=\u00a0\u00bb\u00a0\u00bb rt_border_bottom=\u00a0\u00bb\u00a0\u00bb rt_border_left=\u00a0\u00bb\u00a0\u00bb rt_border_right=\u00a0\u00bb\u00a0\u00bb rt_border_top_mobile=\u00a0\u00bb\u00a0\u00bb rt_border_bottom_mobile=\u00a0\u00bb\u00a0\u00bb rt_border_left_mobile=\u00a0\u00bb\u00a0\u00bb rt_border_right_mobile=\u00a0\u00bb\u00a0\u00bb rt_bg_image_repeat=\u00a0\u00bbrepeat\u00a0\u00bb rt_bg_size=\u00a0\u00bbauto auto\u00a0\u00bb rt_bg_position=\u00a0\u00bbright top\u00a0\u00bb rt_bg_attachment=\u00a0\u00bbscroll\u00a0\u00bb force_content_width=\u00a0\u00bbyes\u00a0\u00bb rt_bg_color=\u00a0\u00bb\u00a0\u00bb rt_bg_overlay_color=\u00a0\u00bb\u00a0\u00bb rt_padding_left=\u00a0\u00bb15%\u00a0\u00bb rt_padding_right=\u00a0\u00bb15%\u00a0\u00bb rt_padding_top=\u00a0\u00bb50px\u00a0\u00bb rt_padding_bottom=\u00a0\u00bb50px\u00a0\u00bb]<div class=\"rt_heading_wrapper no-style\">\n\t\t\t\t\t\t<h4 class=\"rt_heading  no-style\" >Et bien plus encore&#8230;<\/h4> \n\t\t\t\t\t<\/div>[vc_separator style=\u00a0\u00bbstyle-2&Prime;][vc_column_text]Visitez le centre comm\u00e9moratif Nikola Tesla Nikola Tesla (environ 1 heure de route en direction de Zagreb): <a href=\"http:\/\/www.mcnikolatesla.hr\/\">http:\/\/www.mcnikolatesla.hr\/<\/a><\/p>\n<p>Visitez le ranch Linden tree et faites du cheval \u00e0 travers le magnifique parc national du Velebit Nord:\u00a0 <a href=\"https:\/\/www.lindenretreat.com\/\">https:\/\/www.lindenretreat.com\/<\/a><\/p>\n<p>Pratiquez le saut \u00e0 l\u2019\u00e9lastique depuis le pont de Maslenica : \u00ab\u00a0Izazov tours\u00a0\u00bb <a href=\"http:\/\/www.izazov-tours.hr\/index.php?lang=en\">http:\/\/www.izazov-tours.hr\/index.php?lang=en<\/a><\/p>\n<p style=\"font-weight: 400;\">Des excursions en bateau sur les magnifiques plages sauvages de l\u2019\u00eele de Pag: <a href=\"http:\/\/www.madi-tours.hr\/\" data-saferedirecturl=\"https:\/\/www.google.com\/url?q=http:\/\/www.madi-tours.hr\/&amp;source=gmail&amp;ust=1562311539525000&amp;usg=AFQjCNE3vWRSg5sxZsZRIdaRhxoAYORBxw\">http:\/\/www.madi-tours.hr\/<\/a><\/p>\n<p style=\"font-weight: 400;\">Saut en parachute et autres activit\u00e9s \u00e0 sensations fortes \u00e0 proximit\u00e9 de Zadar:\u00a0 <a href=\"https:\/\/adventure-driven-vacations.com\/\" data-saferedirecturl=\"https:\/\/www.google.com\/url?q=https:\/\/adventure-driven-vacations.com\/&amp;source=gmail&amp;ust=1562311539525000&amp;usg=AFQjCNEoZxGF52cYwPEns_WfzTd8z9_7Tg\">https:\/\/adventure-driven-vacations.com\/<\/a><\/p>\n<p style=\"font-weight: 400;\">Visitez le parc d\u2019aventures Rizvan City: <a href=\"https:\/\/adria-velebitica.hr\/hr\/\" data-saferedirecturl=\"https:\/\/www.google.com\/url?q=https:\/\/adria-velebitica.hr\/hr\/&amp;source=gmail&amp;ust=1562311539525000&amp;usg=AFQjCNF-wKJTIroKUJMOMo9dp-aXTEkHqQ\">https:\/\/adria-velebitica.hr\/hr\/<\/a><\/p>\n<p>[\/vc_column_text][\/vc_column][\/vc_row]<\/p>\n","protected":false},"excerpt":{"rendered":"<p>[vc_row rt_row_background_width=\u00a0\u00bbfullwidth\u00a0\u00bb rt_row_content_width=\u00a0\u00bbfullwidth\u00a0\u00bb rt_row_style=\u00a0\u00bbdefault-style\u00a0\u00bb rt_row_height=\u00a0\u00bbmin_height\u00a0\u00bb rt_holder_placement=\u00a0\u00bbbottom\u00a0\u00bb rt_row_borders=\u00a0\u00bb\u00a0\u00bb rt_row_shadows=\u00a0\u00bb\u00a0\u00bb rt_column_gaps=\u00a0\u00bb\u00a0\u00bb rt_row_paddings=\u00a0\u00bbfalse\u00a0\u00bb rt_bg_effect=\u00a0\u00bbparallax\u00a0\u00bb rt_bg_parallax_effect=\u00a0\u00bb3&Prime; rt_transparent_bg=\u00a0\u00bb\u00a0\u00bb rt_bg_image_repeat=\u00a0\u00bbrepeat-x\u00a0\u00bb rt_bg_size=\u00a0\u00bbcover\u00a0\u00bb rt_bg_position=\u00a0\u00bbleft top\u00a0\u00bb rt_bg_video_format=\u00a0\u00bbself-hosted\u00a0\u00bb rt_bg_image=\u00a0\u00bb3415&Prime; rt_min_row_height=\u00a0\u00bb700&Prime;][vc_column width=\u00a0\u00bb1\/2&Prime; rt_col_paddings=\u00a0\u00bbtrue\u00a0\u00bb rt_wrp_col_paddings=\u00a0\u00bbfalse\u00a0\u00bb rt_column_shadow=\u00a0\u00bb\u00a0\u00bb rt_border_top=\u00a0\u00bb\u00a0\u00bb rt_border_bottom=\u00a0\u00bb\u00a0\u00bb rt_border_left=\u00a0\u00bb\u00a0\u00bb rt_border_right=\u00a0\u00bb\u00a0\u00bb rt_border_top_mobile=\u00a0\u00bb\u00a0\u00bb rt_border_bottom_mobile=\u00a0\u00bb\u00a0\u00bb rt_border_left_mobile=\u00a0\u00bb\u00a0\u00bb rt_border_right_mobile=\u00a0\u00bb\u00a0\u00bb rt_bg_image_repeat=\u00a0\u00bbrepeat\u00a0\u00bb rt_bg_size=\u00a0\u00bbauto auto\u00a0\u00bb rt_bg_position=\u00a0\u00bbright top\u00a0\u00bb rt_bg_attachment=\u00a0\u00bbscroll\u00a0\u00bb rt_padding_top=\u00a0\u00bb40&Prime; rt_padding_bottom=\u00a0\u00bb40&Prime; rt_padding_left=\u00a0\u00bb40&Prime; rt_padding_right=\u00a0\u00bb40&Prime; rt_margin_top=\u00a0\u00bb-50&Prime; rt_bg_color=\u00a0\u00bb\u00a0\u00bb rt_bg_overlay_color=\u00a0\u00bb\u00a0\u00bb][\/vc_column][vc_column width=\u00a0\u00bb1\/2&Prime; rt_color_set=\u00a0\u00bbalt-style-1&Prime; rt_col_paddings=\u00a0\u00bbtrue\u00a0\u00bb rt_wrp_col_paddings=\u00a0\u00bbfalse\u00a0\u00bb rt_column_shadow=\u00a0\u00bb\u00a0\u00bb rt_border_top=\u00a0\u00bb\u00a0\u00bb rt_border_bottom=\u00a0\u00bb\u00a0\u00bb rt_border_left=\u00a0\u00bb\u00a0\u00bb rt_border_right=\u00a0\u00bb\u00a0\u00bb rt_border_top_mobile=\u00a0\u00bb\u00a0\u00bb &#8230; <a class=\"more-link\" href=\"https:\/\/www.lukovo-villas.com\/fr\/activites\/\">Continue reading<\/a><\/p>\n","protected":false},"author":1,"featured_media":0,"parent":0,"menu_order":0,"comment_status":"closed","ping_status":"closed","template":"","meta":{"footnotes":""},"class_list":["post-599441","page","type-page","status-publish","hentry"],"_links":{"self":[{"href":"https:\/\/www.lukovo-villas.com\/fr\/wp-json\/wp\/v2\/pages\/599441","targetHints":{"allow":["GET"]}}],"collection":[{"href":"https:\/\/www.lukovo-villas.com\/fr\/wp-json\/wp\/v2\/pages"}],"about":[{"href":"https:\/\/www.lukovo-villas.com\/fr\/wp-json\/wp\/v2\/types\/page"}],"author":[{"embeddable":true,"href":"https:\/\/www.lukovo-villas.com\/fr\/wp-json\/wp\/v2\/users\/1"}],"replies":[{"embeddable":true,"href":"https:\/\/www.lukovo-villas.com\/fr\/wp-json\/wp\/v2\/comments?post=599441"}],"version-history":[{"count":3,"href":"https:\/\/www.lukovo-villas.com\/fr\/wp-json\/wp\/v2\/pages\/599441\/revisions"}],"predecessor-version":[{"id":600708,"href":"https:\/\/www.lukovo-villas.com\/fr\/wp-json\/wp\/v2\/pages\/599441\/revisions\/600708"}],"wp:attachment":[{"href":"https:\/\/www.lukovo-villas.com\/fr\/wp-json\/wp\/v2\/media?parent=599441"}],"curies":[{"name":"wp","href":"https:\/\/api.w.org\/{rel}","templated":true}]}}