{"id":599366,"date":"2019-06-28T07:01:24","date_gmt":"2019-06-28T07:01:24","guid":{"rendered":"https:\/\/www.lukovo-villas.com\/our-services\/"},"modified":"2020-07-13T18:36:48","modified_gmt":"2020-07-13T16:36:48","slug":"usluge","status":"publish","type":"page","link":"https:\/\/www.lukovo-villas.com\/hr\/usluge\/","title":{"rendered":"Na\u0161e usluge"},"content":{"rendered":"<p>[vc_row rt_row_background_width=&#8221;fullwidth&#8221; rt_row_content_width=&#8221;default&#8221; rt_row_style=&#8221;default-style&#8221; rt_row_height=&#8221;min_height&#8221; rt_holder_placement=&#8221;middle&#8221; rt_column_placement=&#8221;middle&#8221; rt_row_borders=&#8221;&#8221; rt_row_shadows=&#8221;&#8221; rt_column_gaps=&#8221;&#8221; rt_row_paddings=&#8221;true&#8221; rt_bg_effect=&#8221;shape&#8221; rt_bg_shape=&#8221;cross-left&#8221; rt_bg_custom_alignment=&#8221;bottom&#8221; rt_transparent_bg=&#8221;&#8221; rt_bg_image_repeat=&#8221;no-repeat&#8221; rt_bg_size=&#8221;cover&#8221; rt_bg_position=&#8221;center center&#8221; rt_bg_video_format=&#8221;self-hosted&#8221; rt_bg_image=&#8221;609997&#8243; rt_min_row_height=&#8221;600&#8243; rt_bg_color=&#8221;#ffffff&#8221; rt_bg_shape_color=&#8221;#ffffff&#8221; rt_padding_top=&#8221;500px&#8221;][vc_column width=&#8221;1\/6&#8243; rt_col_paddings=&#8221;true&#8221; rt_wrp_col_paddings=&#8221;false&#8221; rt_column_shadow=&#8221;&#8221; rt_border_top=&#8221;&#8221; rt_border_bottom=&#8221;&#8221; rt_border_left=&#8221;&#8221; rt_border_right=&#8221;&#8221; rt_border_top_mobile=&#8221;&#8221; rt_border_bottom_mobile=&#8221;&#8221; rt_border_left_mobile=&#8221;&#8221; rt_border_right_mobile=&#8221;&#8221; rt_bg_image_repeat=&#8221;repeat&#8221; rt_bg_size=&#8221;auto auto&#8221; rt_bg_position=&#8221;right top&#8221; rt_bg_attachment=&#8221;scroll&#8221; rt_bg_color=&#8221;#ffffff&#8221; rt_bg_overlay_color=&#8221;&#8221; rt_padding_top=&#8221;20px&#8221;][\/vc_column][vc_column width=&#8221;2\/3&#8243; rt_col_paddings=&#8221;true&#8221; rt_wrp_col_paddings=&#8221;false&#8221; rt_column_shadow=&#8221;&#8221; rt_border_top=&#8221;&#8221; rt_border_bottom=&#8221;&#8221; rt_border_left=&#8221;&#8221; rt_border_right=&#8221;&#8221; rt_border_top_mobile=&#8221;&#8221; rt_border_bottom_mobile=&#8221;&#8221; rt_border_left_mobile=&#8221;&#8221; rt_border_right_mobile=&#8221;&#8221; rt_bg_image_repeat=&#8221;repeat&#8221; rt_bg_size=&#8221;auto auto&#8221; rt_bg_position=&#8221;right top&#8221; rt_bg_attachment=&#8221;scroll&#8221; rt_bg_color=&#8221;#ffffff&#8221; rt_bg_overlay_color=&#8221;&#8221;]<div class=\"rt_heading_wrapper no-style\">\n\t\t\t\t\t\t<h1 class=\"rt_heading  no-style\" >Na\u0161e usluge<\/h1> \n\t\t\t\t\t<\/div>[\/vc_column][vc_column width=&#8221;1\/6&#8243; rt_col_paddings=&#8221;true&#8221; rt_wrp_col_paddings=&#8221;false&#8221; rt_column_shadow=&#8221;&#8221; rt_border_top=&#8221;&#8221; rt_border_bottom=&#8221;&#8221; rt_border_left=&#8221;&#8221; rt_border_right=&#8221;&#8221; rt_border_top_mobile=&#8221;&#8221; rt_border_bottom_mobile=&#8221;&#8221; rt_border_left_mobile=&#8221;&#8221; rt_border_right_mobile=&#8221;&#8221; rt_bg_image_repeat=&#8221;repeat&#8221; rt_bg_size=&#8221;auto auto&#8221; rt_bg_position=&#8221;right top&#8221; rt_bg_attachment=&#8221;scroll&#8221; rt_bg_color=&#8221;#ffffff&#8221; rt_bg_overlay_color=&#8221;&#8221;][\/vc_column][\/vc_row][vc_row rt_row_background_width=&#8221;fullwidth&#8221; rt_row_content_width=&#8221;default&#8221; rt_row_style=&#8221;default-style&#8221; rt_row_height=&#8221;&#8221; rt_row_borders=&#8221;&#8221; rt_row_shadows=&#8221;&#8221; rt_column_gaps=&#8221;&#8221; rt_row_paddings=&#8221;false&#8221; rt_bg_effect=&#8221;classic&#8221; rt_transparent_bg=&#8221;&#8221; rt_bg_image_repeat=&#8221;repeat&#8221; rt_bg_size=&#8221;cover&#8221; rt_bg_position=&#8221;right top&#8221; rt_bg_attachment=&#8221;scroll&#8221; rt_bg_video_format=&#8221;self-hosted&#8221;][vc_column width=&#8221;1\/6&#8243; rt_col_paddings=&#8221;true&#8221; rt_wrp_col_paddings=&#8221;false&#8221; rt_column_shadow=&#8221;&#8221; rt_border_top=&#8221;&#8221; rt_border_bottom=&#8221;&#8221; rt_border_left=&#8221;&#8221; rt_border_right=&#8221;&#8221; rt_border_top_mobile=&#8221;&#8221; rt_border_bottom_mobile=&#8221;&#8221; rt_border_left_mobile=&#8221;&#8221; rt_border_right_mobile=&#8221;&#8221; rt_bg_image_repeat=&#8221;repeat&#8221; rt_bg_size=&#8221;auto auto&#8221; rt_bg_position=&#8221;right top&#8221; rt_bg_attachment=&#8221;scroll&#8221;][\/vc_column][vc_column width=&#8221;2\/3&#8243; rt_col_paddings=&#8221;true&#8221; rt_wrp_col_paddings=&#8221;false&#8221; rt_column_shadow=&#8221;&#8221; rt_border_top=&#8221;&#8221; rt_border_bottom=&#8221;&#8221; rt_border_left=&#8221;&#8221; rt_border_right=&#8221;&#8221; rt_border_top_mobile=&#8221;&#8221; rt_border_bottom_mobile=&#8221;&#8221; rt_border_left_mobile=&#8221;&#8221; rt_border_right_mobile=&#8221;&#8221; rt_bg_image_repeat=&#8221;repeat&#8221; rt_bg_size=&#8221;auto auto&#8221; rt_bg_position=&#8221;right top&#8221; rt_bg_attachment=&#8221;scroll&#8221;][vc_column_text]Nudimo smje\u0161taj u tri luksuzne vile, smje\u0161tene na vlastitom rtu na samo nekoliko koraka od mora. Svaka vila ima svoj slatkovodni bazen i prekrasan pogled na Jadran i otok Pag. U za\u0161ti\u0107enoj uvali na lijevoj strani rta nalazi se prirodna \u0161ljun\u010dana pla\u017ea gdje mo\u017eete vezati manji brod, a odmah ispod vila nalazi se privatna pla\u017ea ugnije\u017e\u0111ena u stjenovitoj obali.<\/p>\n<p>Vile su dobro opremljene i imaju i sve potrebno za pripremu hrane i pi\u0107a, a mi smo vam na usluzi i prije dolaska, ako trebate savjet \u0161to donijeti, gdje kupiti, gdje i\u0107i ili samo \u0161to o\u010dekivati.<\/p>\n<p>Nalazimo se odmah ispod starog sela Lukovo \u0160ugarje u kojem \u017eivi svega oko 60 ljudi, najbli\u017ei gradovi su Karlobag (20 km) i Starigrad Paklenica (35 km), a u neposrednoj blizini nema nijedna trgovina. Stoga vam za ve\u0107u kupovinu savjetujemo posjet Gospi\u0107u, ako dolazite iz smjera Zagreba ili Zadra. Zadar je tako\u0111er odli\u010dna destinacija za jednodnevni izlet budu\u0107i je udaljen samo sat vremena vo\u017enje.<\/p>\n<p>Za va\u0161e svakodnevne potrebe, namirnice poput kruha, slastica i svje\u017eeg vo\u0107a i povr\u0107a lokalni poljoprivrednici i pekari dostavljaju kombijem do vila, a mo\u017eete kupiti i lokalne proizvode poput rakije ili maslinovog ulja. Ako \u017eelite napraviti ro\u0161tilj u na\u0161em vanjskom kaminu, mo\u017eemo vam od lokalnih uzgajiva\u010da pribaviti najbolju janjetinu ili meso autohtonog istarskog goveda, bo\u0161karina, koje slobodno pase na obroncima planine Velebit, odmah iznad ceste.<\/p>\n<p>Iako u blizini nema riblje tr\u017enice, ne\u0107e vam ni nedostajati jer je ovaj dio obale poznat po dagnjama koje se uzgajaju u blizini Starigrad Paklenice, a najbolji i najsla\u0111i jadranski \u0161kampi love se u kanalu otoka Paga.<\/p>\n<p>U\u010dinit \u0107emo sve \u0161to mo\u017eemo kako bismo ispunili sve va\u0161e \u017eelje za morskom hranom od lokalnog ribara.<\/p>\n<p>O\u010dekujte da \u0107ete se buditi i lijegati s prekrasnim pogledom na more i otok Pag i udisati zamamne mirise mediteranskog divljeg bilja koje raste oko na\u0161eg imanja, te lavande, ru\u017emarina i smilja iz na\u0161ih vrtova.<\/p>\n<p>Ako imate djecu, ovaj put \u0107ete se lako spakirati, jer s ponosom mo\u017eemo re\u0107i da je na\u0161 cilj biti mjesto prilago\u0111eno djeci, opremljeno svime \u010dega se mo\u017eemo sjetiti da djeca trebaju!<\/p>\n<p>Iako smo ljubitelji \u017eivotinja, za sada ne mo\u017eemo ugostiti va\u0161e krznene prijatelje jer vile nisu potpuno ogra\u0111ene i ne bi bile sigurne za vas, va\u0161e ku\u0107ne ljubimce ili druge goste. Ako ba\u0161 ne mo\u017eete ostaviti svog ljubimca, po\u0161aljite nam upit pa \u0107emo razmotriti mogu\u0107nost da ga ipak ugostimo, ovisno o ostalim gostima i okolnostima u vrijeme va\u0161eg dolaska.<\/p>\n<p>Vile se \u010diste jednom tjedno, a posteljina i ru\u010dnici se tako\u0111er mijenjaju jednom tjedno ili na zahtjev.<\/p>\n<p>Vile se nalaze samo 30-ak metara od mora, a u na\u0161em bistrom plavom moru mo\u017eete u\u017eivati na dvije prekrasne pla\u017ee.<\/p>\n<p>Luksuzna oprema i usluga.<\/p>\n<p>Za ljubitelje prirode.<\/p>\n<p>Prilago\u0111eno djeci.[\/vc_column_text][\/vc_column][vc_column width=&#8221;1\/6&#8243; rt_col_paddings=&#8221;true&#8221; rt_wrp_col_paddings=&#8221;false&#8221; rt_column_shadow=&#8221;&#8221; rt_border_top=&#8221;&#8221; rt_border_bottom=&#8221;&#8221; rt_border_left=&#8221;&#8221; rt_border_right=&#8221;&#8221; rt_border_top_mobile=&#8221;&#8221; rt_border_bottom_mobile=&#8221;&#8221; rt_border_left_mobile=&#8221;&#8221; rt_border_right_mobile=&#8221;&#8221; rt_bg_image_repeat=&#8221;repeat&#8221; rt_bg_size=&#8221;auto auto&#8221; rt_bg_position=&#8221;right top&#8221; rt_bg_attachment=&#8221;scroll&#8221;][\/vc_column][\/vc_row]<\/p>\n","protected":false},"excerpt":{"rendered":"<p>[vc_row rt_row_background_width=&#8221;fullwidth&#8221; rt_row_content_width=&#8221;default&#8221; rt_row_style=&#8221;default-style&#8221; rt_row_height=&#8221;min_height&#8221; rt_holder_placement=&#8221;middle&#8221; rt_column_placement=&#8221;middle&#8221; rt_row_borders=&#8221;&#8221; rt_row_shadows=&#8221;&#8221; rt_column_gaps=&#8221;&#8221; rt_row_paddings=&#8221;true&#8221; rt_bg_effect=&#8221;shape&#8221; rt_bg_shape=&#8221;cross-left&#8221; rt_bg_custom_alignment=&#8221;bottom&#8221; rt_transparent_bg=&#8221;&#8221; rt_bg_image_repeat=&#8221;no-repeat&#8221; rt_bg_size=&#8221;cover&#8221; rt_bg_position=&#8221;center center&#8221; rt_bg_video_format=&#8221;self-hosted&#8221; rt_bg_image=&#8221;609997&#8243; rt_min_row_height=&#8221;600&#8243; rt_bg_color=&#8221;#ffffff&#8221; rt_bg_shape_color=&#8221;#ffffff&#8221; rt_padding_top=&#8221;500px&#8221;][vc_column width=&#8221;1\/6&#8243; rt_col_paddings=&#8221;true&#8221; rt_wrp_col_paddings=&#8221;false&#8221; rt_column_shadow=&#8221;&#8221; rt_border_top=&#8221;&#8221; rt_border_bottom=&#8221;&#8221; rt_border_left=&#8221;&#8221; rt_border_right=&#8221;&#8221; rt_border_top_mobile=&#8221;&#8221; rt_border_bottom_mobile=&#8221;&#8221; rt_border_left_mobile=&#8221;&#8221; rt_border_right_mobile=&#8221;&#8221; rt_bg_image_repeat=&#8221;repeat&#8221; rt_bg_size=&#8221;auto auto&#8221; rt_bg_position=&#8221;right top&#8221; rt_bg_attachment=&#8221;scroll&#8221; rt_bg_color=&#8221;#ffffff&#8221; rt_bg_overlay_color=&#8221;&#8221; rt_padding_top=&#8221;20px&#8221;][\/vc_column][vc_column width=&#8221;2\/3&#8243; rt_col_paddings=&#8221;true&#8221; rt_wrp_col_paddings=&#8221;false&#8221; rt_column_shadow=&#8221;&#8221; rt_border_top=&#8221;&#8221; rt_border_bottom=&#8221;&#8221; rt_border_left=&#8221;&#8221; rt_border_right=&#8221;&#8221; rt_border_top_mobile=&#8221;&#8221; &#8230; <a class=\"more-link\" href=\"https:\/\/www.lukovo-villas.com\/hr\/usluge\/\">Continue reading<\/a><\/p>\n","protected":false},"author":1,"featured_media":0,"parent":0,"menu_order":0,"comment_status":"closed","ping_status":"closed","template":"","meta":{"footnotes":""},"class_list":["post-599366","page","type-page","status-publish","hentry"],"_links":{"self":[{"href":"https:\/\/www.lukovo-villas.com\/hr\/wp-json\/wp\/v2\/pages\/599366","targetHints":{"allow":["GET"]}}],"collection":[{"href":"https:\/\/www.lukovo-villas.com\/hr\/wp-json\/wp\/v2\/pages"}],"about":[{"href":"https:\/\/www.lukovo-villas.com\/hr\/wp-json\/wp\/v2\/types\/page"}],"author":[{"embeddable":true,"href":"https:\/\/www.lukovo-villas.com\/hr\/wp-json\/wp\/v2\/users\/1"}],"replies":[{"embeddable":true,"href":"https:\/\/www.lukovo-villas.com\/hr\/wp-json\/wp\/v2\/comments?post=599366"}],"version-history":[{"count":12,"href":"https:\/\/www.lukovo-villas.com\/hr\/wp-json\/wp\/v2\/pages\/599366\/revisions"}],"predecessor-version":[{"id":610010,"href":"https:\/\/www.lukovo-villas.com\/hr\/wp-json\/wp\/v2\/pages\/599366\/revisions\/610010"}],"wp:attachment":[{"href":"https:\/\/www.lukovo-villas.com\/hr\/wp-json\/wp\/v2\/media?parent=599366"}],"curies":[{"name":"wp","href":"https:\/\/api.w.org\/{rel}","templated":true}]}}