{"id":599400,"date":"2019-06-14T09:30:05","date_gmt":"2019-06-14T09:30:05","guid":{"rendered":"https:\/\/www.lukovo-villas.com\/how-to-find-us\/"},"modified":"2020-07-11T19:28:58","modified_gmt":"2020-07-11T17:28:58","slug":"kako-nas-pronaci","status":"publish","type":"page","link":"https:\/\/www.lukovo-villas.com\/hr\/kako-nas-pronaci\/","title":{"rendered":"Kako nas prona\u0107i"},"content":{"rendered":"<p>[vc_row css_animation=&#8221;bounceInLeft&#8221; rt_row_background_width=&#8221;fullwidth&#8221; rt_row_content_width=&#8221;default&#8221; rt_row_style=&#8221;default-style&#8221; rt_row_height=&#8221;&#8221; rt_row_borders=&#8221;&#8221; rt_row_shadows=&#8221;&#8221; rt_column_gaps=&#8221;&#8221; rt_row_paddings=&#8221;true&#8221; rt_bg_effect=&#8221;classic&#8221; rt_transparent_bg=&#8221;&#8221; rt_bg_image_repeat=&#8221;no-repeat&#8221; rt_bg_size=&#8221;100% auto&#8221; rt_bg_position=&#8221;right top&#8221; rt_bg_attachment=&#8221;scroll&#8221; rt_bg_video_format=&#8221;self-hosted&#8221; rt_bg_color=&#8221;#ffffff&#8221;][vc_column rt_col_paddings=&#8221;true&#8221; rt_wrp_col_paddings=&#8221;false&#8221; rt_column_shadow=&#8221;&#8221; rt_border_top=&#8221;&#8221; rt_border_bottom=&#8221;&#8221; rt_border_left=&#8221;&#8221; rt_border_right=&#8221;&#8221; rt_border_top_mobile=&#8221;&#8221; rt_border_bottom_mobile=&#8221;&#8221; rt_border_left_mobile=&#8221;&#8221; rt_border_right_mobile=&#8221;&#8221; rt_bg_image_repeat=&#8221;repeat&#8221; rt_bg_size=&#8221;auto auto&#8221; rt_bg_position=&#8221;right top&#8221; rt_bg_attachment=&#8221;scroll&#8221;]<div class=\"rt_heading_wrapper style-4\">\n\t\t\t\t\t\t<h1 class=\"rt_heading  style-4\" >KAKO NAS PRONA\u0106I<\/h1> \n\t\t\t\t\t<\/div>[\/vc_column][\/vc_row][vc_row rt_row_background_width=&#8221;fullwidth&#8221; rt_row_content_width=&#8221;default&#8221; rt_row_style=&#8221;default-style&#8221; rt_row_height=&#8221;&#8221; rt_row_borders=&#8221;&#8221; rt_row_shadows=&#8221;&#8221; rt_column_gaps=&#8221;&#8221; rt_row_paddings=&#8221;true&#8221; rt_bg_effect=&#8221;classic&#8221; rt_transparent_bg=&#8221;&#8221; rt_bg_image_repeat=&#8221;repeat&#8221; rt_bg_size=&#8221;cover&#8221; rt_bg_position=&#8221;right top&#8221; rt_bg_attachment=&#8221;scroll&#8221; rt_bg_video_format=&#8221;self-hosted&#8221; rt_padding_bottom=&#8221;0&#8243;][vc_column width=&#8221;1\/2&#8243; rt_col_paddings=&#8221;true&#8221; rt_wrp_col_paddings=&#8221;false&#8221; rt_column_shadow=&#8221;&#8221; rt_border_top=&#8221;&#8221; rt_border_bottom=&#8221;&#8221; rt_border_left=&#8221;&#8221; rt_border_right=&#8221;&#8221; rt_border_top_mobile=&#8221;&#8221; rt_border_bottom_mobile=&#8221;&#8221; rt_border_left_mobile=&#8221;&#8221; rt_border_right_mobile=&#8221;&#8221; rt_bg_image_repeat=&#8221;repeat&#8221; rt_bg_size=&#8221;auto auto&#8221; rt_bg_position=&#8221;right top&#8221; rt_bg_attachment=&#8221;scroll&#8221; rt_bg_color=&#8221;&#8221; rt_bg_overlay_color=&#8221;&#8221;][vc_single_image image=&#8221;3597&#8243; img_size=&#8221;600X300&#8243; style=&#8221;vc_box_outline&#8221; border_color=&#8221;peacoc&#8221; css_animation=&#8221;bounceInLeft&#8221;][\/vc_column][vc_column width=&#8221;1\/2&#8243; rt_col_paddings=&#8221;true&#8221; rt_wrp_col_paddings=&#8221;false&#8221; rt_column_shadow=&#8221;&#8221; rt_border_top=&#8221;&#8221; rt_border_bottom=&#8221;&#8221; rt_border_left=&#8221;&#8221; rt_border_right=&#8221;&#8221; rt_border_top_mobile=&#8221;&#8221; rt_border_bottom_mobile=&#8221;&#8221; rt_border_left_mobile=&#8221;&#8221; rt_border_right_mobile=&#8221;&#8221; rt_bg_image_repeat=&#8221;repeat&#8221; rt_bg_size=&#8221;auto auto&#8221; rt_bg_position=&#8221;right top&#8221; rt_bg_attachment=&#8221;scroll&#8221;][vc_column_text css_animation=&#8221;bounceInRight&#8221;]<\/p>\r\n<p>Lukovo \u0160ugarje je malo selo smje\u0161teno izme\u0111u planinskog lanca Velebit i mora, na va\u017enoj Jadranskoj magistrali koja povezuje cijelu hrvatsku obalu, od Rijeke do Dubrovnika.<\/p>\r\n<p>Samo silazak s nove autoceste kod Gospi\u0107a ili Maslenice (ovisno odakle dolazite) i vo\u017enja ovim najkrivudavijim dijelom Jadranske magistrale je jedinstveno iskustvo. Nije ni \u010dudo \u0161to je progla\u0161ena jednom od najljep\u0161ih cesta na svijetu i da na tisu\u0107e biciklista svako prolje\u0107e i ljeto hrle u Hrvatsku kako bi iskusili ovaj fenomen ceste.<\/p>\r\n<p>[\/vc_column_text][\/vc_column][\/vc_row][vc_row rt_row_background_width=&#8221;fullwidth&#8221; rt_row_content_width=&#8221;default&#8221; rt_row_style=&#8221;default-style&#8221; rt_row_height=&#8221;&#8221; rt_row_borders=&#8221;&#8221; rt_row_shadows=&#8221;&#8221; rt_column_gaps=&#8221;&#8221; rt_row_paddings=&#8221;true&#8221; rt_bg_effect=&#8221;classic&#8221; rt_transparent_bg=&#8221;&#8221; rt_bg_image_repeat=&#8221;repeat&#8221; rt_bg_size=&#8221;cover&#8221; rt_bg_position=&#8221;right top&#8221; rt_bg_attachment=&#8221;scroll&#8221; rt_bg_video_format=&#8221;self-hosted&#8221; rt_padding_top=&#8221;0&#8243;][vc_column rt_col_paddings=&#8221;true&#8221; rt_wrp_col_paddings=&#8221;false&#8221; rt_column_shadow=&#8221;&#8221; rt_border_top=&#8221;&#8221; rt_border_bottom=&#8221;&#8221; rt_border_left=&#8221;&#8221; rt_border_right=&#8221;&#8221; rt_border_top_mobile=&#8221;&#8221; rt_border_bottom_mobile=&#8221;&#8221; rt_border_left_mobile=&#8221;&#8221; rt_border_right_mobile=&#8221;&#8221; rt_bg_image_repeat=&#8221;repeat&#8221; rt_bg_size=&#8221;auto auto&#8221; rt_bg_position=&#8221;right top&#8221; rt_bg_attachment=&#8221;scroll&#8221;][vc_column_text css_animation=&#8221;bounceInUp&#8221;]<\/p>\r\n<p><img decoding=\"async\" class=\"IMG_MY alignright wp-image-4150 size-full\" src=\"https:\/\/www.lukovo-villas.com\/wp-content\/uploads\/NOVE_FOTKE\/EXTERIER\/putokaz_300x400.jpg\" alt=\"\" width=\"300\" height=\"400\" srcset=\"https:\/\/www.lukovo-villas.com\/wp-content\/uploads\/NOVE_FOTKE\/EXTERIER\/putokaz_300x400.jpg 300w, https:\/\/www.lukovo-villas.com\/wp-content\/uploads\/NOVE_FOTKE\/EXTERIER\/putokaz_300x400-225x300.jpg 225w\" sizes=\"(max-width: 300px) 100vw, 300px\" \/>Najbli\u017ei obalni gradovi su Karlobag (19 km) i Starigrad Paklenica (35 km). Trajekt do otoka Paga udaljen je samo pola sata vo\u017enje (33 km), a do otoka Raba oko 40 minuta (oko 45 km).<\/p>\r\n<p>Nalazi se samo sat vremena vo\u017enje ju\u017eno od Zadra, a sat vremena sjevernije prema Gospi\u0107u u sredi\u0161njoj Lici, na putu za Zagreb.<\/p>\r\n<p>U ovom dijelu sjevernog Jadrana imamo mediteransku klimu, tako da se u rujnu<\/p>\r\n<p>U ovom dijelu sjevernog Jadrana imamo mediteransku klimu tako da je u rujnu vrijeme i dalje ugodno i toplo. Prosje\u010dna dnevna temperatura ljeti iznosi 28\u00b0C, a ljeti temperatura mora iznosi oko 25\u00b0C. I tijekom zime ima puno sun\u010danih dana.<\/p>\r\n<p>Obala je od kontinenta odvojena planinskim lancem Velebit. Pravi barijeru i dr\u017ei hladne fronte dalje od obale, ali ta razlika u temperaturi ponekad stvara sna\u017ean vjetar tipi\u010dan za hrvatsku obalu, posebno za ovaj dio gdje je \u010desto najja\u010di. Taj vjetar se zove \u201ebura&#8221; i to jednostavno morate do\u017eivjeti. To je sna\u017ean hladni sjeveroisto\u010dni vjetar koji mo\u017ee puhati i preko 200 km na sat, ali kad se smiri, na nebu nema oblaka, zrak je svje\u017e i \u010dist, a more jo\u0161 vi\u0161e plavo i bistro nego ina\u010de.<\/p>\r\n<p>Ovaj dio planine Velebit je park prirode s puno lijepih planinarskih staza, a \u010dak ako i niste vi\u010dni planinarenju, Velebit mo\u017eete do\u017eivjeti i kroz puno lak\u0161ih, slikovitih ruta.<\/p>\r\n<p>S planine se na jugu pru\u017ea prekrasan pogled na otok Pag do kojeg se mo\u017ee jednostavno do\u0107i brodicama i za samo 5 minuta gliserom.<\/p>\r\n<p>Tamo \u0107ete prona\u0107i drevni grad Pag sa bogatom kulturnom ba\u0161tinom, najljep\u0161im osamljenim \u0161ljun\u010danim pla\u017eama i samo malo sjevernije je poznata pla\u017ea Zr\u0107e.<\/p>\r\n<p>[\/vc_column_text][\/vc_column][\/vc_row][vc_row rt_row_background_width=&#8221;fullwidth&#8221; rt_row_content_width=&#8221;default&#8221; rt_row_style=&#8221;default-style&#8221; rt_row_height=&#8221;&#8221; rt_row_borders=&#8221;&#8221; rt_row_shadows=&#8221;&#8221; rt_column_gaps=&#8221;&#8221; rt_row_paddings=&#8221;true&#8221; rt_bg_effect=&#8221;classic&#8221; rt_transparent_bg=&#8221;&#8221; rt_bg_image_repeat=&#8221;repeat&#8221; rt_bg_size=&#8221;cover&#8221; rt_bg_position=&#8221;right top&#8221; rt_bg_attachment=&#8221;scroll&#8221; rt_bg_video_format=&#8221;self-hosted&#8221; rt_padding_top=&#8221;0&#8243;][vc_column width=&#8221;3\/5&#8243; rt_col_paddings=&#8221;true&#8221; rt_wrp_col_paddings=&#8221;false&#8221; rt_column_shadow=&#8221;&#8221; rt_border_top=&#8221;&#8221; rt_border_bottom=&#8221;&#8221; rt_border_left=&#8221;&#8221; rt_border_right=&#8221;&#8221; rt_border_top_mobile=&#8221;&#8221; rt_border_bottom_mobile=&#8221;&#8221; rt_border_left_mobile=&#8221;&#8221; rt_border_right_mobile=&#8221;&#8221; rt_bg_holder=&#8221;wrapper&#8221; rt_bg_image_repeat=&#8221;repeat&#8221; rt_bg_size=&#8221;auto auto&#8221; rt_bg_position=&#8221;right top&#8221; rt_bg_attachment=&#8221;scroll&#8221; rt_bg_color=&#8221;&#8221; rt_bg_overlay_color=&#8221;&#8221;][vc_column_text css_animation=&#8221;bounceInRight&#8221;]<\/p>\r\n<div id=\"wpgmza_map\" class=\"wpgmza_map\" data-settings='{\"id\":\"1\",\"map_title\":\"Lukovo Villas\",\"map_width\":\"100\",\"map_height\":\"300\",\"map_start_lat\":\"44.504165\",\"map_start_lng\":\"15.111013\",\"map_start_location\":\"44.50416528650962,15.111013054847716\",\"map_start_zoom\":\"12\",\"default_marker\":\"0\",\"type\":\"1\",\"alignment\":\"2\",\"directions_enabled\":\"1\",\"styling_enabled\":\"0\",\"styling_json\":\"\",\"active\":\"0\",\"kml\":\"\",\"bicycle\":\"0\",\"traffic\":\"0\",\"dbox\":\"1\",\"dbox_width\":\"100\",\"listmarkers\":\"0\",\"listmarkers_advanced\":\"0\",\"filterbycat\":\"0\",\"ugm_enabled\":\"0\",\"ugm_category_enabled\":\"0\",\"fusion\":\"\",\"map_width_type\":\"\\\\%\",\"map_height_type\":\"px\",\"mass_marker_support\":\"1\",\"ugm_access\":\"0\",\"order_markers_by\":\"1\",\"order_markers_choice\":\"2\",\"show_user_location\":\"0\",\"default_to\":\"\",\"other_settings\":{\"store_locator_enabled\":2,\"store_locator_distance\":2,\"store_locator_default_radius\":10,\"store_locator_not_found_message\":\"No results found in this location. Please try again.\",\"store_locator_bounce\":1,\"store_locator_query_string\":\"ZIP \\\/ Address:\",\"store_locator_default_address\":\"\",\"wpgmza_store_locator_restrict\":\"\",\"store_locator_style\":\"modern\",\"wpgmza_store_locator_radius_style\":\"modern\",\"map_max_zoom\":\"1\",\"transport_layer\":0,\"wpgmza_show_points_of_interest\":0,\"wpgmza_auto_night\":0}}' data-map-id='1' Data-maps-engine='google-maps' data-shortcode-attributes='{\"id\":\"1\"}' style=\"display:block; overflow:auto; width:100%; height:300px; float:left;\"><\/div>\n<p>[\/vc_column_text][\/vc_column][vc_column width=&#8221;2\/5&#8243; rt_col_paddings=&#8221;true&#8221; rt_wrp_col_paddings=&#8221;false&#8221; rt_column_shadow=&#8221;&#8221; rt_border_top=&#8221;&#8221; rt_border_bottom=&#8221;&#8221; rt_border_left=&#8221;&#8221; rt_border_right=&#8221;&#8221; rt_border_top_mobile=&#8221;&#8221; rt_border_bottom_mobile=&#8221;&#8221; rt_border_left_mobile=&#8221;&#8221; rt_border_right_mobile=&#8221;&#8221; rt_bg_image_repeat=&#8221;repeat&#8221; rt_bg_size=&#8221;auto auto&#8221; rt_bg_position=&#8221;right top&#8221; rt_bg_attachment=&#8221;scroll&#8221; rt_bg_color=&#8221;&#8221; rt_bg_overlay_color=&#8221;&#8221;][vc_message css_animation=&#8221;bounceInLeft&#8221;]<\/p>\n<div>\n<div>\u00a0<\/div>\n<div>Lukovo \u0160ugarje 60 b\/c\/d,<\/div>\n<div>53289 Lukovo \u0160ugarje,<\/div>\n<div>Hrvatska<\/div>\n<\/div>\n<div>\n<div>\u00a0<\/div>\n<div>Tel: +385 913907579<\/div>\n<div>\u00a0<\/div>\n<\/div>\n<div>\n<div>Mail:\u00a0<a href=\"mailto:info@lukovo-villas.com\">info@lukovo-villas.com<\/a><\/div>\n<\/div>\n<p>[\/vc_message][\/vc_column][\/vc_row]<\/p>\n","protected":false},"excerpt":{"rendered":"<p>[vc_row css_animation=&#8221;bounceInLeft&#8221; rt_row_background_width=&#8221;fullwidth&#8221; rt_row_content_width=&#8221;default&#8221; rt_row_style=&#8221;default-style&#8221; rt_row_height=&#8221;&#8221; rt_row_borders=&#8221;&#8221; rt_row_shadows=&#8221;&#8221; rt_column_gaps=&#8221;&#8221; rt_row_paddings=&#8221;true&#8221; rt_bg_effect=&#8221;classic&#8221; rt_transparent_bg=&#8221;&#8221; rt_bg_image_repeat=&#8221;no-repeat&#8221; rt_bg_size=&#8221;100% auto&#8221; rt_bg_position=&#8221;right top&#8221; rt_bg_attachment=&#8221;scroll&#8221; rt_bg_video_format=&#8221;self-hosted&#8221; rt_bg_color=&#8221;#ffffff&#8221;][vc_column rt_col_paddings=&#8221;true&#8221; rt_wrp_col_paddings=&#8221;false&#8221; rt_column_shadow=&#8221;&#8221; rt_border_top=&#8221;&#8221; rt_border_bottom=&#8221;&#8221; rt_border_left=&#8221;&#8221; rt_border_right=&#8221;&#8221; rt_border_top_mobile=&#8221;&#8221; rt_border_bottom_mobile=&#8221;&#8221; rt_border_left_mobile=&#8221;&#8221; rt_border_right_mobile=&#8221;&#8221; rt_bg_image_repeat=&#8221;repeat&#8221; rt_bg_size=&#8221;auto auto&#8221; rt_bg_position=&#8221;right top&#8221; rt_bg_attachment=&#8221;scroll&#8221;][\/vc_column][\/vc_row][vc_row rt_row_background_width=&#8221;fullwidth&#8221; rt_row_content_width=&#8221;default&#8221; rt_row_style=&#8221;default-style&#8221; rt_row_height=&#8221;&#8221; rt_row_borders=&#8221;&#8221; rt_row_shadows=&#8221;&#8221; rt_column_gaps=&#8221;&#8221; rt_row_paddings=&#8221;true&#8221; rt_bg_effect=&#8221;classic&#8221; rt_transparent_bg=&#8221;&#8221; rt_bg_image_repeat=&#8221;repeat&#8221; rt_bg_size=&#8221;cover&#8221; rt_bg_position=&#8221;right top&#8221; rt_bg_attachment=&#8221;scroll&#8221; rt_bg_video_format=&#8221;self-hosted&#8221; rt_padding_bottom=&#8221;0&#8243;][vc_column width=&#8221;1\/2&#8243; &#8230; <a class=\"more-link\" href=\"https:\/\/www.lukovo-villas.com\/hr\/kako-nas-pronaci\/\">Continue reading<\/a><\/p>\n","protected":false},"author":1,"featured_media":0,"parent":0,"menu_order":0,"comment_status":"closed","ping_status":"closed","template":"","meta":{"footnotes":""},"class_list":["post-599400","page","type-page","status-publish","hentry"],"_links":{"self":[{"href":"https:\/\/www.lukovo-villas.com\/hr\/wp-json\/wp\/v2\/pages\/599400","targetHints":{"allow":["GET"]}}],"collection":[{"href":"https:\/\/www.lukovo-villas.com\/hr\/wp-json\/wp\/v2\/pages"}],"about":[{"href":"https:\/\/www.lukovo-villas.com\/hr\/wp-json\/wp\/v2\/types\/page"}],"author":[{"embeddable":true,"href":"https:\/\/www.lukovo-villas.com\/hr\/wp-json\/wp\/v2\/users\/1"}],"replies":[{"embeddable":true,"href":"https:\/\/www.lukovo-villas.com\/hr\/wp-json\/wp\/v2\/comments?post=599400"}],"version-history":[{"count":5,"href":"https:\/\/www.lukovo-villas.com\/hr\/wp-json\/wp\/v2\/pages\/599400\/revisions"}],"predecessor-version":[{"id":601605,"href":"https:\/\/www.lukovo-villas.com\/hr\/wp-json\/wp\/v2\/pages\/599400\/revisions\/601605"}],"wp:attachment":[{"href":"https:\/\/www.lukovo-villas.com\/hr\/wp-json\/wp\/v2\/media?parent=599400"}],"curies":[{"name":"wp","href":"https:\/\/api.w.org\/{rel}","templated":true}]}}