{"id":599342,"date":"2020-07-08T13:08:41","date_gmt":"2020-07-08T11:08:41","guid":{"rendered":"https:\/\/www.lukovo-villas.com\/o-nama\/"},"modified":"2020-07-13T18:30:25","modified_gmt":"2020-07-13T16:30:25","slug":"chi-siamo","status":"publish","type":"page","link":"https:\/\/www.lukovo-villas.com\/it\/chi-siamo\/","title":{"rendered":"Chi siamo"},"content":{"rendered":"<p>[vc_row rt_row_background_width=&#8221;fullwidth&#8221; rt_row_content_width=&#8221;default&#8221; rt_row_style=&#8221;light-style&#8221; rt_row_height=&#8221;&#8221; rt_column_placement=&#8221;middle&#8221; rt_row_borders=&#8221;&#8221; rt_row_shadows=&#8221;&#8221; rt_column_gaps=&#8221;&#8221; rt_row_paddings=&#8221;true&#8221; rt_bg_effect=&#8221;classic&#8221; rt_transparent_bg=&#8221;&#8221; rt_bg_image_repeat=&#8221;no-repeat&#8221; rt_bg_size=&#8221;cover&#8221; rt_bg_position=&#8221;center center&#8221; rt_bg_attachment=&#8221;scroll&#8221; rt_bg_video_format=&#8221;youtube&#8221; rt_padding_top=&#8221;160&#8243; rt_bg_image=&#8221;609990&#8243; rt_bg_overlay_color=&#8221;rgba(0,0,0,0.07)&#8221; rt_padding_bottom=&#8221;160&#8243;][vc_column rt_col_paddings=&#8221;true&#8221; rt_wrp_col_paddings=&#8221;false&#8221; rt_column_shadow=&#8221;&#8221; rt_border_top=&#8221;&#8221; rt_border_bottom=&#8221;&#8221; rt_border_left=&#8221;&#8221; rt_border_right=&#8221;&#8221; rt_border_top_mobile=&#8221;&#8221; rt_border_bottom_mobile=&#8221;&#8221; rt_border_left_mobile=&#8221;&#8221; rt_border_right_mobile=&#8221;&#8221; rt_bg_image_repeat=&#8221;repeat&#8221; rt_bg_size=&#8221;auto auto&#8221; rt_bg_position=&#8221;right top&#8221; rt_bg_attachment=&#8221;scroll&#8221;]<div class=\"rt_heading_wrapper style-4\">\n\t\t\t\t\t\t<h1 class=\"rt_heading  style-4\"  style=\"font-size:48px;\">CHI SIAMO<\/h1> \n\t\t\t\t\t<\/div>[\/vc_column][\/vc_row][vc_row rt_row_background_width=&#8221;default&#8221; rt_row_style=&#8221;default-style&#8221; rt_row_height=&#8221;&#8221; rt_row_borders=&#8221;&#8221; rt_row_shadows=&#8221;&#8221; rt_column_view=&#8221;equal_heights&#8221; rt_column_gaps=&#8221;&#8221; rt_row_paddings=&#8221;true&#8221; rt_bg_effect=&#8221;classic&#8221; rt_transparent_bg=&#8221;&#8221; rt_bg_image_repeat=&#8221;repeat&#8221; rt_bg_size=&#8221;cover&#8221; rt_bg_position=&#8221;right top&#8221; rt_bg_attachment=&#8221;scroll&#8221; rt_bg_video_format=&#8221;self-hosted&#8221; rt_padding_top=&#8221;0&#8243; rt_padding_bottom=&#8221;0&#8243; rt_padding_left=&#8221;0&#8243; rt_padding_right=&#8221;0&#8243;][vc_column width=&#8221;1\/4&#8243; rt_col_paddings=&#8221;false&#8221; rt_wrp_col_paddings=&#8221;false&#8221; rt_column_shadow=&#8221;&#8221; rt_border_top=&#8221;&#8221; rt_border_bottom=&#8221;&#8221; rt_border_left=&#8221;&#8221; rt_border_right=&#8221;&#8221; rt_border_top_mobile=&#8221;&#8221; rt_border_bottom_mobile=&#8221;&#8221; rt_border_left_mobile=&#8221;&#8221; rt_border_right_mobile=&#8221;&#8221; rt_bg_image_repeat=&#8221;repeat&#8221; rt_bg_size=&#8221;auto auto&#8221; rt_bg_position=&#8221;right top&#8221; rt_bg_attachment=&#8221;scroll&#8221; rt_bg_color=&#8221;&#8221; rt_bg_overlay_color=&#8221;&#8221;][vc_empty_space][vc_single_image image=&#8221;3280&#8243; img_size=&#8221;700&#215;700&#8243; css_animation=&#8221;fadeInLeft&#8221;][\/vc_column][vc_column width=&#8221;3\/4&#8243; rt_col_paddings=&#8221;true&#8221; rt_wrp_col_paddings=&#8221;false&#8221; rt_column_shadow=&#8221;&#8221; rt_border_top=&#8221;&#8221; rt_border_bottom=&#8221;&#8221; rt_border_left=&#8221;&#8221; rt_border_right=&#8221;&#8221; rt_border_top_mobile=&#8221;&#8221; rt_border_bottom_mobile=&#8221;&#8221; rt_border_left_mobile=&#8221;&#8221; rt_border_right_mobile=&#8221;&#8221; rt_bg_image_repeat=&#8221;repeat&#8221; rt_bg_size=&#8221;auto auto&#8221; rt_bg_position=&#8221;right top&#8221; rt_bg_attachment=&#8221;scroll&#8221;][vc_empty_space]<div class=\"rt_heading_wrapper no-style\">\n\t\t\t\t\t\t<h3 class=\"rt_heading  no-style\"  style=\"margin-bottom:20px;\">La nostra storia<\/h3> \n\t\t\t\t\t<\/div>[vc_column_text]LUKOVO VILLAS \u00e8 un progetto familiare cresciuto dal nostro vero amore per questa parte della bellissima Croazia, nonch\u00e9 da tutta una vita di ricordi che ci legano ad essa.<\/p>\n<p>La nostra storia inizi\u00f2 con una piccola casa vacanze che i nostri nonni costruirono su questo pezzo di costa ruvida e impervia, pi\u00f9 di 50 anni fa. Senza elettricit\u00e0, acqua corrente, negozi o qualsiasi tipo di divertimento, passavamo le nostre estati salendo sulle rocce o nuotando nel mare azzurro di acqua cristallina, ammirando il cielo strapieno di stelle e sognando a occhi aperti.<\/p>\n<p>Quattro anni fa abbiamo deciso di costruire una casa nuova sopra la vecchia, casa che sarebbe pi\u00f9 adeguata alla nostra famiglia che cresceva. Il progetto ha vinto dei premi e la nostra casa \u00e8 diventata quasi un punto di riferimento in questa parte della costa.<\/p>\n<p>Tutti adoriamo la casa che ci ha permesso di passare ancora pi\u00f9 tempo qui, nel nostro piccolo pezzo di paradiso.<\/p>\n<p>L\u2019opportunit\u00e0 si \u00e8 presentata quando abbiamo comprato una perfetta parcella di terreno a solo qualche chilometro di distanza e abbiamo deciso di investire in un nuovo business. L\u00ec abbiamo concepito 3 ville lussuose, ma anche moderne, funzionali e tanto belle quanto la nostra casa, e le abbiamo immaginate come un posto ideale per la gente come noi, cio\u00e8 per chi ama la natura, ma in vacanza vuole avere tutti i comfort della casa propria, e anche di pi\u00f9.<\/p>\n<p>Anche se la nostra vita \u00e8 a Zagabria, a solo due ore e mezzo di macchina, tutti passiamo le nostre estati qui, mentre in primavera e in autunno ci passiamo tutti i weekend e tutto il tempo libero che possiamo.<\/p>\n<p>Perci\u00f2 siamo sicuri che vi innamorerete di questa parte selvaggia, ma quieta dell\u2019Adriatico, la quale non \u00e8 ancora stata toccata dal turismo di massa, eppure si trova vicino a tante attrazioni interessanti e offre tante scelte per una vacanza attiva e piena di avventure.[\/vc_column_text][\/vc_column][\/vc_row]<\/p>\n","protected":false},"excerpt":{"rendered":"<p>[vc_row rt_row_background_width=&#8221;fullwidth&#8221; rt_row_content_width=&#8221;default&#8221; rt_row_style=&#8221;light-style&#8221; rt_row_height=&#8221;&#8221; rt_column_placement=&#8221;middle&#8221; rt_row_borders=&#8221;&#8221; rt_row_shadows=&#8221;&#8221; rt_column_gaps=&#8221;&#8221; rt_row_paddings=&#8221;true&#8221; rt_bg_effect=&#8221;classic&#8221; rt_transparent_bg=&#8221;&#8221; rt_bg_image_repeat=&#8221;no-repeat&#8221; rt_bg_size=&#8221;cover&#8221; rt_bg_position=&#8221;center center&#8221; rt_bg_attachment=&#8221;scroll&#8221; rt_bg_video_format=&#8221;youtube&#8221; rt_padding_top=&#8221;160&#8243; rt_bg_image=&#8221;609990&#8243; rt_bg_overlay_color=&#8221;rgba(0,0,0,0.07)&#8221; rt_padding_bottom=&#8221;160&#8243;][vc_column rt_col_paddings=&#8221;true&#8221; rt_wrp_col_paddings=&#8221;false&#8221; rt_column_shadow=&#8221;&#8221; rt_border_top=&#8221;&#8221; rt_border_bottom=&#8221;&#8221; rt_border_left=&#8221;&#8221; rt_border_right=&#8221;&#8221; rt_border_top_mobile=&#8221;&#8221; rt_border_bottom_mobile=&#8221;&#8221; rt_border_left_mobile=&#8221;&#8221; rt_border_right_mobile=&#8221;&#8221; rt_bg_image_repeat=&#8221;repeat&#8221; rt_bg_size=&#8221;auto auto&#8221; rt_bg_position=&#8221;right top&#8221; rt_bg_attachment=&#8221;scroll&#8221;][\/vc_column][\/vc_row][vc_row rt_row_background_width=&#8221;default&#8221; rt_row_style=&#8221;default-style&#8221; rt_row_height=&#8221;&#8221; rt_row_borders=&#8221;&#8221; rt_row_shadows=&#8221;&#8221; rt_column_view=&#8221;equal_heights&#8221; rt_column_gaps=&#8221;&#8221; rt_row_paddings=&#8221;true&#8221; rt_bg_effect=&#8221;classic&#8221; rt_transparent_bg=&#8221;&#8221; rt_bg_image_repeat=&#8221;repeat&#8221; rt_bg_size=&#8221;cover&#8221; rt_bg_position=&#8221;right top&#8221; rt_bg_attachment=&#8221;scroll&#8221; rt_bg_video_format=&#8221;self-hosted&#8221; &#8230; <a class=\"more-link\" href=\"https:\/\/www.lukovo-villas.com\/it\/chi-siamo\/\">Continue reading<\/a><\/p>\n","protected":false},"author":1,"featured_media":0,"parent":0,"menu_order":0,"comment_status":"closed","ping_status":"closed","template":"","meta":{"footnotes":""},"class_list":["post-599342","page","type-page","status-publish","hentry"],"_links":{"self":[{"href":"https:\/\/www.lukovo-villas.com\/it\/wp-json\/wp\/v2\/pages\/599342","targetHints":{"allow":["GET"]}}],"collection":[{"href":"https:\/\/www.lukovo-villas.com\/it\/wp-json\/wp\/v2\/pages"}],"about":[{"href":"https:\/\/www.lukovo-villas.com\/it\/wp-json\/wp\/v2\/types\/page"}],"author":[{"embeddable":true,"href":"https:\/\/www.lukovo-villas.com\/it\/wp-json\/wp\/v2\/users\/1"}],"replies":[{"embeddable":true,"href":"https:\/\/www.lukovo-villas.com\/it\/wp-json\/wp\/v2\/comments?post=599342"}],"version-history":[{"count":6,"href":"https:\/\/www.lukovo-villas.com\/it\/wp-json\/wp\/v2\/pages\/599342\/revisions"}],"predecessor-version":[{"id":609995,"href":"https:\/\/www.lukovo-villas.com\/it\/wp-json\/wp\/v2\/pages\/599342\/revisions\/609995"}],"wp:attachment":[{"href":"https:\/\/www.lukovo-villas.com\/it\/wp-json\/wp\/v2\/media?parent=599342"}],"curies":[{"name":"wp","href":"https:\/\/api.w.org\/{rel}","templated":true}]}}