{"id":599403,"date":"2019-06-14T09:30:05","date_gmt":"2019-06-14T09:30:05","guid":{"rendered":"https:\/\/www.lukovo-villas.com\/how-to-find-us\/"},"modified":"2020-07-11T19:30:29","modified_gmt":"2020-07-11T17:30:29","slug":"come-raggiungerci","status":"publish","type":"page","link":"https:\/\/www.lukovo-villas.com\/it\/come-raggiungerci\/","title":{"rendered":"Come raggiungerci"},"content":{"rendered":"<p>[vc_row css_animation=&#8221;bounceInLeft&#8221; rt_row_background_width=&#8221;fullwidth&#8221; rt_row_content_width=&#8221;default&#8221; rt_row_style=&#8221;default-style&#8221; rt_row_height=&#8221;&#8221; rt_row_borders=&#8221;&#8221; rt_row_shadows=&#8221;&#8221; rt_column_gaps=&#8221;&#8221; rt_row_paddings=&#8221;true&#8221; rt_bg_effect=&#8221;classic&#8221; rt_transparent_bg=&#8221;&#8221; rt_bg_image_repeat=&#8221;no-repeat&#8221; rt_bg_size=&#8221;100% auto&#8221; rt_bg_position=&#8221;right top&#8221; rt_bg_attachment=&#8221;scroll&#8221; rt_bg_video_format=&#8221;self-hosted&#8221; rt_bg_color=&#8221;#ffffff&#8221;][vc_column rt_col_paddings=&#8221;true&#8221; rt_wrp_col_paddings=&#8221;false&#8221; rt_column_shadow=&#8221;&#8221; rt_border_top=&#8221;&#8221; rt_border_bottom=&#8221;&#8221; rt_border_left=&#8221;&#8221; rt_border_right=&#8221;&#8221; rt_border_top_mobile=&#8221;&#8221; rt_border_bottom_mobile=&#8221;&#8221; rt_border_left_mobile=&#8221;&#8221; rt_border_right_mobile=&#8221;&#8221; rt_bg_image_repeat=&#8221;repeat&#8221; rt_bg_size=&#8221;auto auto&#8221; rt_bg_position=&#8221;right top&#8221; rt_bg_attachment=&#8221;scroll&#8221;]<div class=\"rt_heading_wrapper style-4\">\n\t\t\t\t\t\t<h1 class=\"rt_heading  style-4\" >COME RAGGIUNGERCI<\/h1> \n\t\t\t\t\t<\/div>[\/vc_column][\/vc_row][vc_row rt_row_background_width=&#8221;fullwidth&#8221; rt_row_content_width=&#8221;default&#8221; rt_row_style=&#8221;default-style&#8221; rt_row_height=&#8221;&#8221; rt_row_borders=&#8221;&#8221; rt_row_shadows=&#8221;&#8221; rt_column_gaps=&#8221;&#8221; rt_row_paddings=&#8221;true&#8221; rt_bg_effect=&#8221;classic&#8221; rt_transparent_bg=&#8221;&#8221; rt_bg_image_repeat=&#8221;repeat&#8221; rt_bg_size=&#8221;cover&#8221; rt_bg_position=&#8221;right top&#8221; rt_bg_attachment=&#8221;scroll&#8221; rt_bg_video_format=&#8221;self-hosted&#8221; rt_padding_bottom=&#8221;0&#8243;][vc_column width=&#8221;1\/2&#8243; rt_col_paddings=&#8221;true&#8221; rt_wrp_col_paddings=&#8221;false&#8221; rt_column_shadow=&#8221;&#8221; rt_border_top=&#8221;&#8221; rt_border_bottom=&#8221;&#8221; rt_border_left=&#8221;&#8221; rt_border_right=&#8221;&#8221; rt_border_top_mobile=&#8221;&#8221; rt_border_bottom_mobile=&#8221;&#8221; rt_border_left_mobile=&#8221;&#8221; rt_border_right_mobile=&#8221;&#8221; rt_bg_image_repeat=&#8221;repeat&#8221; rt_bg_size=&#8221;auto auto&#8221; rt_bg_position=&#8221;right top&#8221; rt_bg_attachment=&#8221;scroll&#8221; rt_bg_color=&#8221;&#8221; rt_bg_overlay_color=&#8221;&#8221;][vc_single_image image=&#8221;3597&#8243; img_size=&#8221;600X300&#8243; style=&#8221;vc_box_outline&#8221; border_color=&#8221;peacoc&#8221; css_animation=&#8221;bounceInLeft&#8221;][\/vc_column][vc_column width=&#8221;1\/2&#8243; rt_col_paddings=&#8221;true&#8221; rt_wrp_col_paddings=&#8221;false&#8221; rt_column_shadow=&#8221;&#8221; rt_border_top=&#8221;&#8221; rt_border_bottom=&#8221;&#8221; rt_border_left=&#8221;&#8221; rt_border_right=&#8221;&#8221; rt_border_top_mobile=&#8221;&#8221; rt_border_bottom_mobile=&#8221;&#8221; rt_border_left_mobile=&#8221;&#8221; rt_border_right_mobile=&#8221;&#8221; rt_bg_image_repeat=&#8221;repeat&#8221; rt_bg_size=&#8221;auto auto&#8221; rt_bg_position=&#8221;right top&#8221; rt_bg_attachment=&#8221;scroll&#8221;][vc_column_text css_animation=&#8221;bounceInRight&#8221;]<\/p>\r\n<p>Lukovo \u0160ugarje \u00e8 un piccolo villaggio situato tra il monte Velebit e il mare, vicino all\u2019autostrada e alla strada maestra che collegano l\u2019intera costa croata, da Fiume a Dubrovnik.<\/p>\r\n<p>Uscite dalla nuova autostrada a Gospi\u0107 o a Maslenica (dipendentemente da dove arrivate) e proseguite lungo la sua parte pi\u00f9 tortuosa che vi regaler\u00e0 un\u2019esperienza singolare. Non sorprende che sia stata scelta tra le strade pi\u00f9 belle del mondo e che migliaia di motociclisti si radunino in Croazia ogni primavera e estate solo per poter guidare su quella strada fenomenale.<\/p>\r\n<p>[\/vc_column_text][\/vc_column][\/vc_row][vc_row rt_row_background_width=&#8221;fullwidth&#8221; rt_row_content_width=&#8221;default&#8221; rt_row_style=&#8221;default-style&#8221; rt_row_height=&#8221;&#8221; rt_row_borders=&#8221;&#8221; rt_row_shadows=&#8221;&#8221; rt_column_gaps=&#8221;&#8221; rt_row_paddings=&#8221;true&#8221; rt_bg_effect=&#8221;classic&#8221; rt_transparent_bg=&#8221;&#8221; rt_bg_image_repeat=&#8221;repeat&#8221; rt_bg_size=&#8221;cover&#8221; rt_bg_position=&#8221;right top&#8221; rt_bg_attachment=&#8221;scroll&#8221; rt_bg_video_format=&#8221;self-hosted&#8221; rt_padding_top=&#8221;0&#8243;][vc_column rt_col_paddings=&#8221;true&#8221; rt_wrp_col_paddings=&#8221;false&#8221; rt_column_shadow=&#8221;&#8221; rt_border_top=&#8221;&#8221; rt_border_bottom=&#8221;&#8221; rt_border_left=&#8221;&#8221; rt_border_right=&#8221;&#8221; rt_border_top_mobile=&#8221;&#8221; rt_border_bottom_mobile=&#8221;&#8221; rt_border_left_mobile=&#8221;&#8221; rt_border_right_mobile=&#8221;&#8221; rt_bg_image_repeat=&#8221;repeat&#8221; rt_bg_size=&#8221;auto auto&#8221; rt_bg_position=&#8221;right top&#8221; rt_bg_attachment=&#8221;scroll&#8221;][vc_column_text css_animation=&#8221;bounceInUp&#8221;]<\/p>\r\n<p><img decoding=\"async\" class=\"IMG_MY alignright wp-image-4150 size-full\" src=\"https:\/\/www.lukovo-villas.com\/wp-content\/uploads\/NOVE_FOTKE\/EXTERIER\/putokaz_300x400.jpg\" alt=\"\" width=\"300\" height=\"400\" srcset=\"https:\/\/www.lukovo-villas.com\/wp-content\/uploads\/NOVE_FOTKE\/EXTERIER\/putokaz_300x400.jpg 300w, https:\/\/www.lukovo-villas.com\/wp-content\/uploads\/NOVE_FOTKE\/EXTERIER\/putokaz_300x400-225x300.jpg 225w\" sizes=\"(max-width: 300px) 100vw, 300px\" \/>Le citt\u00e0 pi\u00f9 vicine sono Karlobag (19 km) e Starigrad Paklenica (35 km). Il viaggio in traghetto per l\u2019isola di Pag dura mezz\u2019ora (33 km) e per arrivare all\u2019isola di Rab ci vogliono circa 45 minuti (ca. 45 km).<\/p>\r\n<p>Zara si raggiunge in un\u2019oretta di macchina verso sud, mentre Gospi\u0107, situata nel centro della regione di Lika, dista un\u2019ora verso nord, sulla strada per Zagabria.<\/p>\r\n<p>In questa parte dell\u2019Adriatico settentrionale abbiamo il clima mediterraneo e in settembre il tempo \u00e8 ancora bello e caldo. In estate la temperatura media di giorno \u00e8 28\u00b0C, mentre la temperatura del mare \u00e8 attorno ai 25\u00b0C. Qui c&#8217;\u00e8 tanto sole pure in inverno.<\/p>\r\n<p>Il massiccio montuoso Velebit separa il litorale dall\u2019entroterra. Velebit \u00e8 la barriera che tiene l\u2019aria fredda lontano dalla costa, per\u00f2 la differenza di temperatura a volte crea del vento forte tipico per la costa croata, specialmente per questa zona dove spesso diventa fortissimo. Il vento si chiama la bora e semplicemente dovete viverlo. \u00c8 un vento freddo e impetuoso di nord-est, che pu\u00f2 arrivare a oltre 200 km\/h, ma quando diminuisce non c\u2019\u00e8 pi\u00f9 neanche una nuvola nel cielo, l\u2019aria \u00e8 fresca e chiara e il mare ancora pi\u00f9 azzurro e pi\u00f9 pulito che prima.<\/p>\r\n<p>Questa parte del monte Velebit \u00e8 un parco naturale con tanti bellissimi sentieri escursionistici. Anche se non siete appassionati dell\u2019escursionismo, ci sono tanti sentieri pi\u00f9 facili e molto panoramici.<\/p>\r\n<p>Girando dal monte verso sud, si apre una vista mozzafiato dell\u2019isola di Pag, facilmente accessibile anche in barche piccole e in soli 5 minuti in motoscafo.<\/p>\r\n<p>L\u00ec troverete la citt\u00e0 antica di Pag e il suo ricco patrimonio culturale, bellissime spiagge isolate di ciottoli e, proseguendo a nord, la famosa spiaggia Zrce.<\/p>\r\n<p>[\/vc_column_text][\/vc_column][\/vc_row][vc_row rt_row_background_width=&#8221;fullwidth&#8221; rt_row_content_width=&#8221;default&#8221; rt_row_style=&#8221;default-style&#8221; rt_row_height=&#8221;&#8221; rt_row_borders=&#8221;&#8221; rt_row_shadows=&#8221;&#8221; rt_column_gaps=&#8221;&#8221; rt_row_paddings=&#8221;true&#8221; rt_bg_effect=&#8221;classic&#8221; rt_transparent_bg=&#8221;&#8221; rt_bg_image_repeat=&#8221;repeat&#8221; rt_bg_size=&#8221;cover&#8221; rt_bg_position=&#8221;right top&#8221; rt_bg_attachment=&#8221;scroll&#8221; rt_bg_video_format=&#8221;self-hosted&#8221; rt_padding_top=&#8221;0&#8243;][vc_column width=&#8221;3\/5&#8243; rt_col_paddings=&#8221;true&#8221; rt_wrp_col_paddings=&#8221;false&#8221; rt_column_shadow=&#8221;&#8221; rt_border_top=&#8221;&#8221; rt_border_bottom=&#8221;&#8221; rt_border_left=&#8221;&#8221; rt_border_right=&#8221;&#8221; rt_border_top_mobile=&#8221;&#8221; rt_border_bottom_mobile=&#8221;&#8221; rt_border_left_mobile=&#8221;&#8221; rt_border_right_mobile=&#8221;&#8221; rt_bg_holder=&#8221;wrapper&#8221; rt_bg_image_repeat=&#8221;repeat&#8221; rt_bg_size=&#8221;auto auto&#8221; rt_bg_position=&#8221;right top&#8221; rt_bg_attachment=&#8221;scroll&#8221; rt_bg_color=&#8221;&#8221; rt_bg_overlay_color=&#8221;&#8221;][vc_column_text css_animation=&#8221;bounceInRight&#8221;]<\/p>\r\n<div id=\"wpgmza_map\" class=\"wpgmza_map\" data-settings='{\"id\":\"1\",\"map_title\":\"Lukovo Villas\",\"map_width\":\"100\",\"map_height\":\"300\",\"map_start_lat\":\"44.504165\",\"map_start_lng\":\"15.111013\",\"map_start_location\":\"44.50416528650962,15.111013054847716\",\"map_start_zoom\":\"12\",\"default_marker\":\"0\",\"type\":\"1\",\"alignment\":\"2\",\"directions_enabled\":\"1\",\"styling_enabled\":\"0\",\"styling_json\":\"\",\"active\":\"0\",\"kml\":\"\",\"bicycle\":\"0\",\"traffic\":\"0\",\"dbox\":\"1\",\"dbox_width\":\"100\",\"listmarkers\":\"0\",\"listmarkers_advanced\":\"0\",\"filterbycat\":\"0\",\"ugm_enabled\":\"0\",\"ugm_category_enabled\":\"0\",\"fusion\":\"\",\"map_width_type\":\"\\\\%\",\"map_height_type\":\"px\",\"mass_marker_support\":\"1\",\"ugm_access\":\"0\",\"order_markers_by\":\"1\",\"order_markers_choice\":\"2\",\"show_user_location\":\"0\",\"default_to\":\"\",\"other_settings\":{\"store_locator_enabled\":2,\"store_locator_distance\":2,\"store_locator_default_radius\":10,\"store_locator_not_found_message\":\"No results found in this location. Please try again.\",\"store_locator_bounce\":1,\"store_locator_query_string\":\"ZIP \\\/ Address:\",\"store_locator_default_address\":\"\",\"wpgmza_store_locator_restrict\":\"\",\"store_locator_style\":\"modern\",\"wpgmza_store_locator_radius_style\":\"modern\",\"map_max_zoom\":\"1\",\"transport_layer\":0,\"wpgmza_show_points_of_interest\":0,\"wpgmza_auto_night\":0}}' data-map-id='1' Data-maps-engine='google-maps' data-shortcode-attributes='{\"id\":\"1\"}' style=\"display:block; overflow:auto; width:100%; height:300px; float:left;\"><\/div>\n<p>[\/vc_column_text][\/vc_column][vc_column width=&#8221;2\/5&#8243; rt_col_paddings=&#8221;true&#8221; rt_wrp_col_paddings=&#8221;false&#8221; rt_column_shadow=&#8221;&#8221; rt_border_top=&#8221;&#8221; rt_border_bottom=&#8221;&#8221; rt_border_left=&#8221;&#8221; rt_border_right=&#8221;&#8221; rt_border_top_mobile=&#8221;&#8221; rt_border_bottom_mobile=&#8221;&#8221; rt_border_left_mobile=&#8221;&#8221; rt_border_right_mobile=&#8221;&#8221; rt_bg_image_repeat=&#8221;repeat&#8221; rt_bg_size=&#8221;auto auto&#8221; rt_bg_position=&#8221;right top&#8221; rt_bg_attachment=&#8221;scroll&#8221; rt_bg_color=&#8221;&#8221; rt_bg_overlay_color=&#8221;&#8221;][vc_message css_animation=&#8221;bounceInLeft&#8221;]<\/p>\n<div>\n<div>\u00a0<\/div>\n<div>Lukovo \u0160ugarje 60 b\/c\/d,<\/div>\n<div>53289 Lukovo \u0160ugarje,<\/div>\n<div>Lika &#8211; Senj,<\/div>\n<div>Croazia<\/div>\n<\/div>\n<div>\n<div>\u00a0<\/div>\n<div>Tel: +385 913907579<\/div>\n<div>\u00a0<\/div>\n<\/div>\n<div>\n<div>E-mail: <a href=\"mailto:info@lukovo-villas.com\">info@lukovo-villas.com<\/a><\/div>\n<\/div>\n<p>[\/vc_message][\/vc_column][\/vc_row]<\/p>\n","protected":false},"excerpt":{"rendered":"<p>[vc_row css_animation=&#8221;bounceInLeft&#8221; rt_row_background_width=&#8221;fullwidth&#8221; rt_row_content_width=&#8221;default&#8221; rt_row_style=&#8221;default-style&#8221; rt_row_height=&#8221;&#8221; rt_row_borders=&#8221;&#8221; rt_row_shadows=&#8221;&#8221; rt_column_gaps=&#8221;&#8221; rt_row_paddings=&#8221;true&#8221; rt_bg_effect=&#8221;classic&#8221; rt_transparent_bg=&#8221;&#8221; rt_bg_image_repeat=&#8221;no-repeat&#8221; rt_bg_size=&#8221;100% auto&#8221; rt_bg_position=&#8221;right top&#8221; rt_bg_attachment=&#8221;scroll&#8221; rt_bg_video_format=&#8221;self-hosted&#8221; rt_bg_color=&#8221;#ffffff&#8221;][vc_column rt_col_paddings=&#8221;true&#8221; rt_wrp_col_paddings=&#8221;false&#8221; rt_column_shadow=&#8221;&#8221; rt_border_top=&#8221;&#8221; rt_border_bottom=&#8221;&#8221; rt_border_left=&#8221;&#8221; rt_border_right=&#8221;&#8221; rt_border_top_mobile=&#8221;&#8221; rt_border_bottom_mobile=&#8221;&#8221; rt_border_left_mobile=&#8221;&#8221; rt_border_right_mobile=&#8221;&#8221; rt_bg_image_repeat=&#8221;repeat&#8221; rt_bg_size=&#8221;auto auto&#8221; rt_bg_position=&#8221;right top&#8221; rt_bg_attachment=&#8221;scroll&#8221;][\/vc_column][\/vc_row][vc_row rt_row_background_width=&#8221;fullwidth&#8221; rt_row_content_width=&#8221;default&#8221; rt_row_style=&#8221;default-style&#8221; rt_row_height=&#8221;&#8221; rt_row_borders=&#8221;&#8221; rt_row_shadows=&#8221;&#8221; rt_column_gaps=&#8221;&#8221; rt_row_paddings=&#8221;true&#8221; rt_bg_effect=&#8221;classic&#8221; rt_transparent_bg=&#8221;&#8221; rt_bg_image_repeat=&#8221;repeat&#8221; rt_bg_size=&#8221;cover&#8221; rt_bg_position=&#8221;right top&#8221; rt_bg_attachment=&#8221;scroll&#8221; rt_bg_video_format=&#8221;self-hosted&#8221; rt_padding_bottom=&#8221;0&#8243;][vc_column width=&#8221;1\/2&#8243; &#8230; <a class=\"more-link\" href=\"https:\/\/www.lukovo-villas.com\/it\/come-raggiungerci\/\">Continue reading<\/a><\/p>\n","protected":false},"author":1,"featured_media":0,"parent":0,"menu_order":0,"comment_status":"closed","ping_status":"closed","template":"","meta":{"footnotes":""},"class_list":["post-599403","page","type-page","status-publish","hentry"],"_links":{"self":[{"href":"https:\/\/www.lukovo-villas.com\/it\/wp-json\/wp\/v2\/pages\/599403","targetHints":{"allow":["GET"]}}],"collection":[{"href":"https:\/\/www.lukovo-villas.com\/it\/wp-json\/wp\/v2\/pages"}],"about":[{"href":"https:\/\/www.lukovo-villas.com\/it\/wp-json\/wp\/v2\/types\/page"}],"author":[{"embeddable":true,"href":"https:\/\/www.lukovo-villas.com\/it\/wp-json\/wp\/v2\/users\/1"}],"replies":[{"embeddable":true,"href":"https:\/\/www.lukovo-villas.com\/it\/wp-json\/wp\/v2\/comments?post=599403"}],"version-history":[{"count":5,"href":"https:\/\/www.lukovo-villas.com\/it\/wp-json\/wp\/v2\/pages\/599403\/revisions"}],"predecessor-version":[{"id":601608,"href":"https:\/\/www.lukovo-villas.com\/it\/wp-json\/wp\/v2\/pages\/599403\/revisions\/601608"}],"wp:attachment":[{"href":"https:\/\/www.lukovo-villas.com\/it\/wp-json\/wp\/v2\/media?parent=599403"}],"curies":[{"name":"wp","href":"https:\/\/api.w.org\/{rel}","templated":true}]}}